{"id":177232,"date":"2025-02-26T12:37:03","date_gmt":"2025-02-26T12:37:03","guid":{"rendered":"https:\/\/nexgendecors.com\/en\/product\/durable-top-open-hotel-safe-deposit-box-high-quality-safe-box-for-hotel\/"},"modified":"2025-04-10T12:31:18","modified_gmt":"2025-04-10T12:31:18","slug":"durable-top-open-hotel-safe-deposit-box-high-quality-safe-box-for-hotel","status":"publish","type":"product","link":"https:\/\/nexgendecors.com\/fr\/product\/durable-top-open-hotel-safe-deposit-box-high-quality-safe-box-for-hotel\/","title":{"rendered":"Coffre-fort durable \u00e0 ouverture par le haut pour h\u00f4tel, coffre-fort de haute qualit\u00e9 pour h\u00f4tel"},"content":{"rendered":"<ul>\n<li><strong>utilisation sp\u00e9cifique : <\/strong> Hotel Bedroom Set<\/li>\n<li><strong>usage g\u00e9n\u00e9ral : <\/strong> Mobilier commercial<\/li>\n<li><strong>taper : <\/strong> Mobilier d&#039;h\u00f4tel<\/li>\n<li><strong>emballage du courrier : <\/strong> N<\/li>\n<li><strong>application : <\/strong> Living Room, Bedroom, Hotel, Apartment<\/li>\n<li><strong>style de conception : <\/strong> Moderne<\/li>\n<li><strong>mat\u00e9riel : <\/strong> m\u00e9tal<\/li>\n<li><strong>apparence : <\/strong> Moderne<\/li>\n<li><strong>type de m\u00e9tal : <\/strong> Acier inoxydable<\/li>\n<li><strong>lieu d&#039;origine : <\/strong> Guangdong, Chine<\/li>\n<li><strong>nom de marque : <\/strong> Eliya<\/li>\n<li><strong>Couleur : <\/strong> Noir<\/li>\n<li><strong>Screen : <\/strong> LED display screen<\/li>\n<li><strong>Taille : <\/strong> 420*370*200mm<\/li>\n<li><strong>Pouvoir : <\/strong> 4 x AA battery<\/li>\n<\/ul>","protected":false},"excerpt":{"rendered":"<p>utilisation sp\u00e9cifique : Ensemble de chambre d'h\u00f4tel utilisation g\u00e9n\u00e9rale : Commercial Type de meuble : Meuble d'h\u00f4tel emballage postal : N application<\/p>","protected":false},"featured_media":177231,"comment_status":"open","ping_status":"closed","template":"","meta":[],"product_brand":[],"product_cat":[30984,30931],"product_tag":[],"class_list":{"0":"post-177232","1":"product","2":"type-product","3":"status-publish","4":"has-post-thumbnail","6":"product_cat-hotel-appliances","7":"product_cat-hotel-safes","9":"first","10":"instock","11":"taxable","12":"shipping-taxable","13":"purchasable","14":"product-type-simple"},"_links":{"self":[{"href":"https:\/\/nexgendecors.com\/fr\/wp-json\/wp\/v2\/product\/177232","targetHints":{"allow":["GET"]}}],"collection":[{"href":"https:\/\/nexgendecors.com\/fr\/wp-json\/wp\/v2\/product"}],"about":[{"href":"https:\/\/nexgendecors.com\/fr\/wp-json\/wp\/v2\/types\/product"}],"replies":[{"embeddable":true,"href":"https:\/\/nexgendecors.com\/fr\/wp-json\/wp\/v2\/comments?post=177232"}],"version-history":[{"count":0,"href":"https:\/\/nexgendecors.com\/fr\/wp-json\/wp\/v2\/product\/177232\/revisions"}],"wp:featuredmedia":[{"embeddable":true,"href":"https:\/\/nexgendecors.com\/fr\/wp-json\/wp\/v2\/media\/177231"}],"wp:attachment":[{"href":"https:\/\/nexgendecors.com\/fr\/wp-json\/wp\/v2\/media?parent=177232"}],"wp:term":[{"taxonomy":"product_brand","embeddable":true,"href":"https:\/\/nexgendecors.com\/fr\/wp-json\/wp\/v2\/product_brand?post=177232"},{"taxonomy":"product_cat","embeddable":true,"href":"https:\/\/nexgendecors.com\/fr\/wp-json\/wp\/v2\/product_cat?post=177232"},{"taxonomy":"product_tag","embeddable":true,"href":"https:\/\/nexgendecors.com\/fr\/wp-json\/wp\/v2\/product_tag?post=177232"}],"curies":[{"name":"wp","href":"https:\/\/api.w.org\/{rel}","templated":true}]}}