{"id":177295,"date":"2025-02-26T12:51:41","date_gmt":"2025-02-26T12:51:41","guid":{"rendered":"https:\/\/nexgendecors.com\/en\/product\/5-stars-hotel-umbrella-with-full-fiberglass-frame-high-quality-grade-semi-automatic-straight-color-coating-polyester-stretch\/"},"modified":"2025-04-12T14:49:14","modified_gmt":"2025-04-12T14:49:14","slug":"5-stars-hotel-umbrella-with-full-fiberglass-frame-high-quality-grade-semi-automatic-straight-color-coating-polyester-stretch","status":"publish","type":"product","link":"https:\/\/nexgendecors.com\/fr\/product\/5-stars-hotel-umbrella-with-full-fiberglass-frame-high-quality-grade-semi-automatic-straight-color-coating-polyester-stretch\/","title":{"rendered":"Parasol d&#039;h\u00f4tel 5 \u00e9toiles avec cadre enti\u00e8rement en fibre de verre, rev\u00eatement semi-automatique de haute qualit\u00e9, droit, en polyester extensible"},"content":{"rendered":"<ul>\n<li><strong>taper : <\/strong> Parapluies<\/li>\n<li><strong>Produit : <\/strong> Umbrella<\/li>\n<li><strong>fonctionnalit\u00e9 : <\/strong> Extensible<\/li>\n<li><strong>Mod\u00e8le : <\/strong> Parapluie droit<\/li>\n<li><strong>contr\u00f4le : <\/strong> Semi-automatique<\/li>\n<li><strong>diam\u00e8tre ouvert : <\/strong> 110 cm<\/li>\n<li><strong>tranche d&#039;\u00e2ge : <\/strong> Adultes<\/li>\n<li><strong>mat\u00e9riau du panneau : <\/strong> Rev\u00eatement de couleur<\/li>\n<li><strong>mat\u00e9riel : <\/strong> Polyester<\/li>\n<li><strong>lieu d&#039;origine : <\/strong> Guangdong, Chine<\/li>\n<li><strong>nom de marque : <\/strong> \u00c9LIE<\/li>\n<li><strong>num\u00e9ro de mod\u00e8le : <\/strong> hotel grade umbrella<\/li>\n<li><strong>Taille : <\/strong> 23 pouces<\/li>\n<li><strong>Couleur : <\/strong> Comme sur la photo<\/li>\n<li><strong>Mat\u00e9riel : <\/strong> Nervures en fibre de carbone 8K<\/li>\n<li><strong>Fonction : <\/strong> Tissu imperm\u00e9able de qualit\u00e9<\/li>\n<li><strong>Fonctionnalit\u00e9 : <\/strong> Curved handle with rubber<\/li>\n<li><strong>Conception : <\/strong> Bouton d&#039;ouverture automatique sur la poign\u00e9e<\/li>\n<li><strong>Handle : <\/strong> Plastic Handle<\/li>\n<li><strong>Open : <\/strong> Munual Open<\/li>\n<\/ul>","protected":false},"excerpt":{"rendered":"<p>type : Parapluies Produit : Parapluie caract\u00e9ristique : Extensible Motif : Droit Contr\u00f4le du parapluie : Semi-automatique diam\u00e8tre ouvert : 110cm<\/p>","protected":false},"featured_media":177294,"comment_status":"open","ping_status":"closed","template":"","meta":[],"product_brand":[],"product_cat":[30948,30963],"product_tag":[],"class_list":{"0":"post-177295","1":"product","2":"type-product","3":"status-publish","4":"has-post-thumbnail","6":"product_cat-hotel-maintenance","7":"product_cat-umbrellas","9":"first","10":"instock","11":"taxable","12":"shipping-taxable","13":"purchasable","14":"product-type-variable"},"_links":{"self":[{"href":"https:\/\/nexgendecors.com\/fr\/wp-json\/wp\/v2\/product\/177295","targetHints":{"allow":["GET"]}}],"collection":[{"href":"https:\/\/nexgendecors.com\/fr\/wp-json\/wp\/v2\/product"}],"about":[{"href":"https:\/\/nexgendecors.com\/fr\/wp-json\/wp\/v2\/types\/product"}],"replies":[{"embeddable":true,"href":"https:\/\/nexgendecors.com\/fr\/wp-json\/wp\/v2\/comments?post=177295"}],"version-history":[{"count":0,"href":"https:\/\/nexgendecors.com\/fr\/wp-json\/wp\/v2\/product\/177295\/revisions"}],"wp:featuredmedia":[{"embeddable":true,"href":"https:\/\/nexgendecors.com\/fr\/wp-json\/wp\/v2\/media\/177294"}],"wp:attachment":[{"href":"https:\/\/nexgendecors.com\/fr\/wp-json\/wp\/v2\/media?parent=177295"}],"wp:term":[{"taxonomy":"product_brand","embeddable":true,"href":"https:\/\/nexgendecors.com\/fr\/wp-json\/wp\/v2\/product_brand?post=177295"},{"taxonomy":"product_cat","embeddable":true,"href":"https:\/\/nexgendecors.com\/fr\/wp-json\/wp\/v2\/product_cat?post=177295"},{"taxonomy":"product_tag","embeddable":true,"href":"https:\/\/nexgendecors.com\/fr\/wp-json\/wp\/v2\/product_tag?post=177295"}],"curies":[{"name":"wp","href":"https:\/\/api.w.org\/{rel}","templated":true}]}}