{"id":177314,"date":"2025-02-26T12:52:08","date_gmt":"2025-02-26T12:52:08","guid":{"rendered":"https:\/\/nexgendecors.com\/en\/product\/custom-private-label-wooden-hangers-luxury-hotel-hanger-for-suit\/"},"modified":"2025-04-12T14:48:18","modified_gmt":"2025-04-12T14:48:18","slug":"custom-private-label-wooden-hangers-luxury-hotel-hanger-for-suit","status":"publish","type":"product","link":"https:\/\/nexgendecors.com\/fr\/product\/custom-private-label-wooden-hangers-luxury-hotel-hanger-for-suit\/","title":{"rendered":"Cintres en bois personnalis\u00e9s de marque priv\u00e9e, cintres d&#039;h\u00f4tel de luxe pour costumes"},"content":{"rendered":"<ul>\n<li><strong>lieu d&#039;origine : <\/strong> Guangdong, Chine<\/li>\n<li><strong>nom de marque : <\/strong> \u00c9LIE<\/li>\n<li><strong>num\u00e9ro de mod\u00e8le : <\/strong> ELIYA-DL-313<\/li>\n<li><strong>functional design : <\/strong> Aucun<\/li>\n<li><strong>dimensional tolerance : <\/strong> &lt;\u00b15mm<\/li>\n<li><strong>weight tolerance : <\/strong> &lt;\u00b15%\uff08Include\uff09<\/li>\n<li><strong>Item Name : <\/strong> Hotel Hanger<\/li>\n<li><strong>Couleur : <\/strong> Black\/Natural<\/li>\n<li><strong>Application : <\/strong> Hotel Bathroom<\/li>\n<li><strong>Surface : <\/strong> Chrome Plating<\/li>\n<li><strong>Raw Material : <\/strong> Beech Wood<\/li>\n<li><strong>Hook : <\/strong> Chrome Hook<\/li>\n<li><strong>Suitable : <\/strong> Shirts Jackets Coat Pants Suit<\/li>\n<li><strong>Forme : <\/strong> Herringbone<\/li>\n<li><strong>\u00c9paisseur : <\/strong> 12mm<\/li>\n<\/ul>","protected":false},"excerpt":{"rendered":"<p>Lieu d&#039;origine : Guangdong, Chine Nom de marque : ELIYA Num\u00e9ro de mod\u00e8le : ELIYA-DL-313 Conception fonctionnelle : Aucune Tol\u00e9rance dimensionnelle<\/p>","protected":false},"featured_media":177313,"comment_status":"open","ping_status":"closed","template":"","meta":[],"product_brand":[],"product_cat":[30934],"product_tag":[],"class_list":{"0":"post-177314","1":"product","2":"type-product","3":"status-publish","4":"has-post-thumbnail","6":"product_cat-room-hangers","8":"first","9":"instock","10":"taxable","11":"shipping-taxable","12":"purchasable","13":"product-type-variable"},"_links":{"self":[{"href":"https:\/\/nexgendecors.com\/fr\/wp-json\/wp\/v2\/product\/177314","targetHints":{"allow":["GET"]}}],"collection":[{"href":"https:\/\/nexgendecors.com\/fr\/wp-json\/wp\/v2\/product"}],"about":[{"href":"https:\/\/nexgendecors.com\/fr\/wp-json\/wp\/v2\/types\/product"}],"replies":[{"embeddable":true,"href":"https:\/\/nexgendecors.com\/fr\/wp-json\/wp\/v2\/comments?post=177314"}],"version-history":[{"count":0,"href":"https:\/\/nexgendecors.com\/fr\/wp-json\/wp\/v2\/product\/177314\/revisions"}],"wp:featuredmedia":[{"embeddable":true,"href":"https:\/\/nexgendecors.com\/fr\/wp-json\/wp\/v2\/media\/177313"}],"wp:attachment":[{"href":"https:\/\/nexgendecors.com\/fr\/wp-json\/wp\/v2\/media?parent=177314"}],"wp:term":[{"taxonomy":"product_brand","embeddable":true,"href":"https:\/\/nexgendecors.com\/fr\/wp-json\/wp\/v2\/product_brand?post=177314"},{"taxonomy":"product_cat","embeddable":true,"href":"https:\/\/nexgendecors.com\/fr\/wp-json\/wp\/v2\/product_cat?post=177314"},{"taxonomy":"product_tag","embeddable":true,"href":"https:\/\/nexgendecors.com\/fr\/wp-json\/wp\/v2\/product_tag?post=177314"}],"curies":[{"name":"wp","href":"https:\/\/api.w.org\/{rel}","templated":true}]}}