{"id":177370,"date":"2025-02-26T13:09:08","date_gmt":"2025-02-26T13:09:08","guid":{"rendered":"https:\/\/nexgendecors.com\/en\/product\/new-metal-brass-designs-luxury-hotel-serving-cart-wooden-tea-trolley-for-sale\/"},"modified":"2025-04-06T10:53:29","modified_gmt":"2025-04-06T10:53:29","slug":"new-metal-brass-designs-luxury-hotel-serving-cart-wooden-tea-trolley-for-sale","status":"publish","type":"product","link":"https:\/\/nexgendecors.com\/fr\/product\/new-metal-brass-designs-luxury-hotel-serving-cart-wooden-tea-trolley-for-sale\/","title":{"rendered":"New Metal Brass Designs Luxury Hotel Serving Cart Wooden Tea Trolley for Sale"},"content":{"rendered":"<ul>\n<li><strong>utilisation sp\u00e9cifique : <\/strong> Chariot d&#039;h\u00f4tel<\/li>\n<li><strong>usage g\u00e9n\u00e9ral : <\/strong> Mobilier commercial<\/li>\n<li><strong>taper : <\/strong> Mobilier d&#039;h\u00f4tel<\/li>\n<li><strong>emballage du courrier : <\/strong> N<\/li>\n<li><strong>application : <\/strong> Kitchen, Hotel, Villia, Apartment, Mall, supermarket<\/li>\n<li><strong>style de conception : <\/strong> Traditionnel<\/li>\n<li><strong>mat\u00e9riel : <\/strong> Acier inoxydable<\/li>\n<li><strong>lieu d&#039;origine : <\/strong> Guangdong, Chine<\/li>\n<li><strong>nom de marque : <\/strong> \u00c9LIE<\/li>\n<li><strong>num\u00e9ro de mod\u00e8le : <\/strong> ELIYA-DL-259<\/li>\n<li><strong>Couleur du tapis : <\/strong> Noir, Rouge<\/li>\n<li><strong>Fini : <\/strong> Peinture au four<\/li>\n<li><strong>Roue : <\/strong> 4 roues<\/li>\n<li><strong>Fonction : <\/strong> Restaurant de banquet de l&#039;h\u00f4tel<\/li>\n<li><strong>Fonctionnalit\u00e9 : <\/strong> Assemblage facile<\/li>\n<li><strong>Mat\u00e9riau principal : <\/strong> Bois MDF<\/li>\n<li><strong>Capacit\u00e9 de charge : <\/strong> 200 kg<\/li>\n<li><strong>Application : <\/strong> Chariot d&#039;occasion pour h\u00f4tel<\/li>\n<li><strong>Forme : <\/strong> Th\u00e8me de l&#039;h\u00f4tel<\/li>\n<li><strong>Nom du produit : <\/strong> Hotel Tea Trolley<\/li>\n<\/ul>","protected":false},"excerpt":{"rendered":"<p>utilisation sp\u00e9cifique : Chariot d'h\u00f4tel utilisation g\u00e9n\u00e9rale : Mobilier commercial type : Mobilier d'h\u00f4tel emballage postal : N application :<\/p>","protected":false},"featured_media":177369,"comment_status":"open","ping_status":"closed","template":"","meta":[],"product_brand":[],"product_cat":[30943],"product_tag":[],"class_list":{"0":"post-177370","1":"product","2":"type-product","3":"status-publish","4":"has-post-thumbnail","6":"product_cat-maids-carts","8":"first","9":"instock","10":"taxable","11":"shipping-taxable","12":"purchasable","13":"product-type-variable"},"_links":{"self":[{"href":"https:\/\/nexgendecors.com\/fr\/wp-json\/wp\/v2\/product\/177370","targetHints":{"allow":["GET"]}}],"collection":[{"href":"https:\/\/nexgendecors.com\/fr\/wp-json\/wp\/v2\/product"}],"about":[{"href":"https:\/\/nexgendecors.com\/fr\/wp-json\/wp\/v2\/types\/product"}],"replies":[{"embeddable":true,"href":"https:\/\/nexgendecors.com\/fr\/wp-json\/wp\/v2\/comments?post=177370"}],"version-history":[{"count":0,"href":"https:\/\/nexgendecors.com\/fr\/wp-json\/wp\/v2\/product\/177370\/revisions"}],"wp:featuredmedia":[{"embeddable":true,"href":"https:\/\/nexgendecors.com\/fr\/wp-json\/wp\/v2\/media\/177369"}],"wp:attachment":[{"href":"https:\/\/nexgendecors.com\/fr\/wp-json\/wp\/v2\/media?parent=177370"}],"wp:term":[{"taxonomy":"product_brand","embeddable":true,"href":"https:\/\/nexgendecors.com\/fr\/wp-json\/wp\/v2\/product_brand?post=177370"},{"taxonomy":"product_cat","embeddable":true,"href":"https:\/\/nexgendecors.com\/fr\/wp-json\/wp\/v2\/product_cat?post=177370"},{"taxonomy":"product_tag","embeddable":true,"href":"https:\/\/nexgendecors.com\/fr\/wp-json\/wp\/v2\/product_tag?post=177370"}],"curies":[{"name":"wp","href":"https:\/\/api.w.org\/{rel}","templated":true}]}}