{"id":177410,"date":"2025-02-26T13:13:07","date_gmt":"2025-02-26T13:13:07","guid":{"rendered":"https:\/\/nexgendecors.com\/en\/product\/multifunction-hot-sale-housekeeping-service-bellman-hotel-cleaning-trolley\/"},"modified":"2025-04-06T10:54:09","modified_gmt":"2025-04-06T10:54:09","slug":"multifunction-hot-sale-housekeeping-service-bellman-hotel-cleaning-trolley","status":"publish","type":"product","link":"https:\/\/nexgendecors.com\/fr\/product\/multifunction-hot-sale-housekeeping-service-bellman-hotel-cleaning-trolley\/","title":{"rendered":"Multifunction Hot-Sale Housekeeping Service Bellman Hotel Cleaning Trolley"},"content":{"rendered":"<ul>\n<li><strong>utilisation sp\u00e9cifique : <\/strong> Chariot d&#039;h\u00f4tel<\/li>\n<li><strong>usage g\u00e9n\u00e9ral : <\/strong> Mobilier commercial<\/li>\n<li><strong>taper : <\/strong> Mobilier d&#039;h\u00f4tel<\/li>\n<li><strong>emballage du courrier : <\/strong> N<\/li>\n<li><strong>application : <\/strong> Hotel, Restaurant<\/li>\n<li><strong>style de conception : <\/strong> Traditionnel<\/li>\n<li><strong>mat\u00e9riel : <\/strong> m\u00e9tal<\/li>\n<li><strong>type de m\u00e9tal : <\/strong> Acier inoxydable<\/li>\n<li><strong>lieu d&#039;origine : <\/strong> Guangdong, Chine<\/li>\n<li><strong>nom de marque : <\/strong> \u00c9LIE<\/li>\n<li><strong>num\u00e9ro de mod\u00e8le : <\/strong> ELY-7<\/li>\n<li><strong>Nom du produit : <\/strong> Hotel Cleaning Trolley<\/li>\n<li><strong>Couleur : <\/strong> Silver, Golden, Brown etc<\/li>\n<li><strong>Taille : <\/strong> Standard Size\/ Customized<\/li>\n<li><strong>Fonctionnalit\u00e9 : <\/strong> Durable, with Super Slience Wheels, Mutiuse<\/li>\n<li><strong>Emballage : <\/strong> Well warpped by waterproof paper<\/li>\n<li><strong>Application : <\/strong> Hotel, Resort, Spa<\/li>\n<li><strong>Utilisation : <\/strong> Multiuse: Amenities, Towels, Bedding Set Loading etc.<\/li>\n<li><strong>Trolley : <\/strong> Hotel Housekeeping Trolley<\/li>\n<li><strong>Style : <\/strong> Acier inoxydable<\/li>\n<li><strong>Verrouillage : <\/strong> Oui<\/li>\n<\/ul>","protected":false},"excerpt":{"rendered":"<p>utilisation sp\u00e9cifique : Chariot d'h\u00f4tel utilisation g\u00e9n\u00e9rale : Mobilier commercial type : Mobilier d'h\u00f4tel emballage postal : N application :<\/p>","protected":false},"featured_media":177409,"comment_status":"open","ping_status":"closed","template":"","meta":[],"product_brand":[],"product_cat":[30943],"product_tag":[],"class_list":{"0":"post-177410","1":"product","2":"type-product","3":"status-publish","4":"has-post-thumbnail","6":"product_cat-maids-carts","8":"first","9":"instock","10":"taxable","11":"shipping-taxable","12":"purchasable","13":"product-type-variable"},"_links":{"self":[{"href":"https:\/\/nexgendecors.com\/fr\/wp-json\/wp\/v2\/product\/177410","targetHints":{"allow":["GET"]}}],"collection":[{"href":"https:\/\/nexgendecors.com\/fr\/wp-json\/wp\/v2\/product"}],"about":[{"href":"https:\/\/nexgendecors.com\/fr\/wp-json\/wp\/v2\/types\/product"}],"replies":[{"embeddable":true,"href":"https:\/\/nexgendecors.com\/fr\/wp-json\/wp\/v2\/comments?post=177410"}],"version-history":[{"count":0,"href":"https:\/\/nexgendecors.com\/fr\/wp-json\/wp\/v2\/product\/177410\/revisions"}],"wp:featuredmedia":[{"embeddable":true,"href":"https:\/\/nexgendecors.com\/fr\/wp-json\/wp\/v2\/media\/177409"}],"wp:attachment":[{"href":"https:\/\/nexgendecors.com\/fr\/wp-json\/wp\/v2\/media?parent=177410"}],"wp:term":[{"taxonomy":"product_brand","embeddable":true,"href":"https:\/\/nexgendecors.com\/fr\/wp-json\/wp\/v2\/product_brand?post=177410"},{"taxonomy":"product_cat","embeddable":true,"href":"https:\/\/nexgendecors.com\/fr\/wp-json\/wp\/v2\/product_cat?post=177410"},{"taxonomy":"product_tag","embeddable":true,"href":"https:\/\/nexgendecors.com\/fr\/wp-json\/wp\/v2\/product_tag?post=177410"}],"curies":[{"name":"wp","href":"https:\/\/api.w.org\/{rel}","templated":true}]}}