{"id":177429,"date":"2025-02-26T13:13:59","date_gmt":"2025-02-26T13:13:59","guid":{"rendered":"https:\/\/nexgendecors.com\/en\/product\/guangzhou-supplier-hotel-housekeeping-trolley-cart-manuel-equipment-for-dirty-linen\/"},"modified":"2025-02-26T13:14:08","modified_gmt":"2025-02-26T13:14:08","slug":"guangzhou-supplier-hotel-housekeeping-trolley-cart-manuel-equipment-for-dirty-linen","status":"publish","type":"product","link":"https:\/\/nexgendecors.com\/fr\/product\/guangzhou-supplier-hotel-housekeeping-trolley-cart-manuel-equipment-for-dirty-linen\/","title":{"rendered":"Chariot de m\u00e9nage pour h\u00f4tel, fournisseur de Guangzhou, \u00e9quipement manuel pour le linge sale"},"content":{"rendered":"<ul>\n<li><strong>utilisation sp\u00e9cifique : <\/strong> Chariot d&#039;h\u00f4tel<\/li>\n<li><strong>usage g\u00e9n\u00e9ral : <\/strong> Mobilier commercial<\/li>\n<li><strong>taper : <\/strong> Mobilier d&#039;h\u00f4tel<\/li>\n<li><strong>emballage du courrier : <\/strong> N<\/li>\n<li><strong>application : <\/strong> H\u00f4tel<\/li>\n<li><strong>style de conception : <\/strong> Moderne<\/li>\n<li><strong>mat\u00e9riel : <\/strong> m\u00e9tal<\/li>\n<li><strong>type de m\u00e9tal : <\/strong> Acier inoxydable<\/li>\n<li><strong>lieu d&#039;origine : <\/strong> Guangdong, Chine<\/li>\n<li><strong>nom de marque : <\/strong> \u00c9LIE<\/li>\n<li><strong>num\u00e9ro de mod\u00e8le : <\/strong> EKT-012<\/li>\n<li><strong>Nom : <\/strong> Hotel housekeeping trolley cart manuel equipment for dirty linen<\/li>\n<li><strong>Logo : <\/strong> no Logo<\/li>\n<li><strong>Fonctionnalit\u00e9 : <\/strong> 100% \u00c9cologique<\/li>\n<li><strong>Utilisation : <\/strong> H\u00f4tel<\/li>\n<li><strong>Certificats : <\/strong> ISO9001, ISO14001, OHSAS18001<\/li>\n<li><strong>Application : <\/strong> Hotel room<\/li>\n<li><strong>Style : <\/strong> Appropri\u00e9<\/li>\n<\/ul>","protected":false},"excerpt":{"rendered":"<p>utilisation sp\u00e9cifique : Chariot d'h\u00f4tel utilisation g\u00e9n\u00e9rale : Mobilier commercial type : Mobilier d'h\u00f4tel emballage postal : N application :<\/p>","protected":false},"featured_media":177428,"comment_status":"open","ping_status":"closed","template":"","meta":[],"product_brand":[],"product_cat":[30943],"product_tag":[],"class_list":{"0":"post-177429","1":"product","2":"type-product","3":"status-publish","4":"has-post-thumbnail","6":"product_cat-maids-carts","8":"first","9":"instock","10":"taxable","11":"shipping-taxable","12":"purchasable","13":"product-type-variable"},"_links":{"self":[{"href":"https:\/\/nexgendecors.com\/fr\/wp-json\/wp\/v2\/product\/177429","targetHints":{"allow":["GET"]}}],"collection":[{"href":"https:\/\/nexgendecors.com\/fr\/wp-json\/wp\/v2\/product"}],"about":[{"href":"https:\/\/nexgendecors.com\/fr\/wp-json\/wp\/v2\/types\/product"}],"replies":[{"embeddable":true,"href":"https:\/\/nexgendecors.com\/fr\/wp-json\/wp\/v2\/comments?post=177429"}],"version-history":[{"count":0,"href":"https:\/\/nexgendecors.com\/fr\/wp-json\/wp\/v2\/product\/177429\/revisions"}],"wp:featuredmedia":[{"embeddable":true,"href":"https:\/\/nexgendecors.com\/fr\/wp-json\/wp\/v2\/media\/177428"}],"wp:attachment":[{"href":"https:\/\/nexgendecors.com\/fr\/wp-json\/wp\/v2\/media?parent=177429"}],"wp:term":[{"taxonomy":"product_brand","embeddable":true,"href":"https:\/\/nexgendecors.com\/fr\/wp-json\/wp\/v2\/product_brand?post=177429"},{"taxonomy":"product_cat","embeddable":true,"href":"https:\/\/nexgendecors.com\/fr\/wp-json\/wp\/v2\/product_cat?post=177429"},{"taxonomy":"product_tag","embeddable":true,"href":"https:\/\/nexgendecors.com\/fr\/wp-json\/wp\/v2\/product_tag?post=177429"}],"curies":[{"name":"wp","href":"https:\/\/api.w.org\/{rel}","templated":true}]}}