{"id":177471,"date":"2025-02-26T13:29:58","date_gmt":"2025-02-26T13:29:58","guid":{"rendered":"https:\/\/nexgendecors.com\/en\/product\/various-hotel-trash-can-portable-pu-leather-hotel-room-trash-can-hotel-wastebin-for-sale\/"},"modified":"2025-04-06T10:54:52","modified_gmt":"2025-04-06T10:54:52","slug":"various-hotel-trash-can-portable-pu-leather-hotel-room-trash-can-hotel-wastebin-for-sale","status":"publish","type":"product","link":"https:\/\/nexgendecors.com\/fr\/product\/various-hotel-trash-can-portable-pu-leather-hotel-room-trash-can-hotel-wastebin-for-sale\/","title":{"rendered":"Poubelle d&#039;h\u00f4tel portable en cuir PU, poubelle de chambre d&#039;h\u00f4tel \u00e0 vendre"},"content":{"rendered":"<ul>\n<li><strong>taper : <\/strong> Seau de stockage<\/li>\n<li><strong>forme : <\/strong> ROND<\/li>\n<li><strong>style : <\/strong> Sans couvercle<\/li>\n<li><strong>utiliser : <\/strong> H\u00f4tel\/Maison<\/li>\n<li><strong>mat\u00e9riel : <\/strong> Plastique \/ Acier inoxydable<\/li>\n<li><strong>structure : <\/strong> Rond<\/li>\n<li><strong>fonctionnalit\u00e9 : <\/strong> Durable<\/li>\n<li><strong>lieu d&#039;origine : <\/strong> Guangdong, Chine<\/li>\n<li><strong>nom de marque : <\/strong> \u00c9LIE<\/li>\n<li><strong>num\u00e9ro de mod\u00e8le : <\/strong> ELIYA-DL-266<\/li>\n<li><strong>Nom du produit : <\/strong> Hotel Trash Can<\/li>\n<li><strong>Application : <\/strong> Chambre d&#039;h\u00f4tel\/Maison<\/li>\n<li><strong>Couleur : <\/strong> Personnalis\u00e9<\/li>\n<li><strong>Capacit\u00e9 : <\/strong> 3L\/5L\/12L<\/li>\n<li><strong>Emballage : <\/strong> Carton<\/li>\n<li><strong>Taille : <\/strong> Taille personnalis\u00e9e<\/li>\n<li><strong>Poids : <\/strong> 50 kg<\/li>\n<li><strong>Volume : <\/strong> 7L\/10L\/15L\/28L\/30L\/40L<\/li>\n<li><strong>Fonction : <\/strong> Actionn\u00e9 par p\u00e9dale<\/li>\n<\/ul>","protected":false},"excerpt":{"rendered":"<p>type : Seau de rangement forme : ROND style : Sans couvercle utilisation : H\u00f4tel\/Maison mat\u00e9riau : Structure en plastique\/acier inoxydable<\/p>","protected":false},"featured_media":177470,"comment_status":"open","ping_status":"closed","template":"","meta":[],"product_brand":[],"product_cat":[30962],"product_tag":[],"class_list":{"0":"post-177471","1":"product","2":"type-product","3":"status-publish","4":"has-post-thumbnail","6":"product_cat-trash-can","8":"first","9":"instock","10":"taxable","11":"shipping-taxable","12":"purchasable","13":"product-type-variable"},"_links":{"self":[{"href":"https:\/\/nexgendecors.com\/fr\/wp-json\/wp\/v2\/product\/177471","targetHints":{"allow":["GET"]}}],"collection":[{"href":"https:\/\/nexgendecors.com\/fr\/wp-json\/wp\/v2\/product"}],"about":[{"href":"https:\/\/nexgendecors.com\/fr\/wp-json\/wp\/v2\/types\/product"}],"replies":[{"embeddable":true,"href":"https:\/\/nexgendecors.com\/fr\/wp-json\/wp\/v2\/comments?post=177471"}],"version-history":[{"count":0,"href":"https:\/\/nexgendecors.com\/fr\/wp-json\/wp\/v2\/product\/177471\/revisions"}],"wp:featuredmedia":[{"embeddable":true,"href":"https:\/\/nexgendecors.com\/fr\/wp-json\/wp\/v2\/media\/177470"}],"wp:attachment":[{"href":"https:\/\/nexgendecors.com\/fr\/wp-json\/wp\/v2\/media?parent=177471"}],"wp:term":[{"taxonomy":"product_brand","embeddable":true,"href":"https:\/\/nexgendecors.com\/fr\/wp-json\/wp\/v2\/product_brand?post=177471"},{"taxonomy":"product_cat","embeddable":true,"href":"https:\/\/nexgendecors.com\/fr\/wp-json\/wp\/v2\/product_cat?post=177471"},{"taxonomy":"product_tag","embeddable":true,"href":"https:\/\/nexgendecors.com\/fr\/wp-json\/wp\/v2\/product_tag?post=177471"}],"curies":[{"name":"wp","href":"https:\/\/api.w.org\/{rel}","templated":true}]}}