{"id":177489,"date":"2025-02-26T13:30:31","date_gmt":"2025-02-26T13:30:31","guid":{"rendered":"https:\/\/nexgendecors.com\/en\/product\/office-and-hotel-guestroom-stainless-steel-mini-round-black-waste-bins\/"},"modified":"2025-04-06T10:55:03","modified_gmt":"2025-04-06T10:55:03","slug":"poubelles-rondes-noires-en-acier-inoxydable-pour-bureaux-et-chambres-dhotel","status":"publish","type":"product","link":"https:\/\/nexgendecors.com\/fr\/product\/poubelles-rondes-noires-en-acier-inoxydable-pour-bureaux-et-chambres-dhotel\/","title":{"rendered":"Poubelles rondes noires en acier inoxydable pour bureaux et chambres d&#039;h\u00f4tel"},"content":{"rendered":"<ul>\n<li><strong>taper : <\/strong> Seau de stockage<\/li>\n<li><strong>forme : <\/strong> ROND<\/li>\n<li><strong>style : <\/strong> Sans couvercle<\/li>\n<li><strong>utiliser : <\/strong> Chambre d&#039;h\u00f4tel<\/li>\n<li><strong>mat\u00e9riel : <\/strong> Ext\u00e9rieur en cuir, int\u00e9rieur en acier inoxydable<\/li>\n<li><strong>structure : <\/strong> DEBOUT<\/li>\n<li><strong>fonctionnalit\u00e9 : <\/strong> Approvisionn\u00e9<\/li>\n<li><strong>lieu d&#039;origine : <\/strong> Guangdong, Chine<\/li>\n<li><strong>nom de marque : <\/strong> \u00c9LIE<\/li>\n<li><strong>num\u00e9ro de mod\u00e8le : <\/strong> ELY-BBDB-002<\/li>\n<li><strong>Couleur : <\/strong> Peut \u00eatre personnalis\u00e9<\/li>\n<li><strong>Utilisation : <\/strong> Chambre d&#039;h\u00f4tel<\/li>\n<li><strong>Taille : <\/strong> 3L\/5L\/10L etc.<\/li>\n<li><strong>Fonctionnalit\u00e9 : <\/strong> \u00c9cologique<\/li>\n<li><strong>Application : <\/strong> H\u00f4tel, bureau, bar, club, KTV<\/li>\n<li><strong>Logo : <\/strong> Logo personnalis\u00e9<\/li>\n<li><strong>Certificat : <\/strong> ISO9001, ISO14001, OHSAS18001, SGS<\/li>\n<li><strong>Mat\u00e9riel : <\/strong> bois\/cuir\/acrylique\/personnalisable<\/li>\n<li><strong>Nom du produit : <\/strong> Poubelle d&#039;h\u00f4tel<\/li>\n<li><strong>Emballage : <\/strong> Sac non tiss\u00e9 avec bo\u00eete en carton<\/li>\n<\/ul>","protected":false},"excerpt":{"rendered":"<p>type : Seau de rangement forme : ROND style : Sans couvercle utilisation : Chambre d&#039;h\u00f4tel mat\u00e9riau : Cuir ext\u00e9rieur, int\u00e9rieur<\/p>","protected":false},"featured_media":177488,"comment_status":"open","ping_status":"closed","template":"","meta":[],"product_brand":[],"product_cat":[30962],"product_tag":[],"class_list":{"0":"post-177489","1":"product","2":"type-product","3":"status-publish","4":"has-post-thumbnail","6":"product_cat-trash-can","8":"first","9":"instock","10":"taxable","11":"shipping-taxable","12":"purchasable","13":"product-type-variable"},"_links":{"self":[{"href":"https:\/\/nexgendecors.com\/fr\/wp-json\/wp\/v2\/product\/177489","targetHints":{"allow":["GET"]}}],"collection":[{"href":"https:\/\/nexgendecors.com\/fr\/wp-json\/wp\/v2\/product"}],"about":[{"href":"https:\/\/nexgendecors.com\/fr\/wp-json\/wp\/v2\/types\/product"}],"replies":[{"embeddable":true,"href":"https:\/\/nexgendecors.com\/fr\/wp-json\/wp\/v2\/comments?post=177489"}],"version-history":[{"count":0,"href":"https:\/\/nexgendecors.com\/fr\/wp-json\/wp\/v2\/product\/177489\/revisions"}],"wp:featuredmedia":[{"embeddable":true,"href":"https:\/\/nexgendecors.com\/fr\/wp-json\/wp\/v2\/media\/177488"}],"wp:attachment":[{"href":"https:\/\/nexgendecors.com\/fr\/wp-json\/wp\/v2\/media?parent=177489"}],"wp:term":[{"taxonomy":"product_brand","embeddable":true,"href":"https:\/\/nexgendecors.com\/fr\/wp-json\/wp\/v2\/product_brand?post=177489"},{"taxonomy":"product_cat","embeddable":true,"href":"https:\/\/nexgendecors.com\/fr\/wp-json\/wp\/v2\/product_cat?post=177489"},{"taxonomy":"product_tag","embeddable":true,"href":"https:\/\/nexgendecors.com\/fr\/wp-json\/wp\/v2\/product_tag?post=177489"}],"curies":[{"name":"wp","href":"https:\/\/api.w.org\/{rel}","templated":true}]}}