{"id":177509,"date":"2025-02-26T15:20:51","date_gmt":"2025-02-26T15:20:51","guid":{"rendered":"https:\/\/nexgendecors.com\/en\/product\/restaurant-housekeeping-janitorial-3-shelf-cart-kitchen-cleaning-service-trolley-carts-hotel-cleaning-trolley-cart\/"},"modified":"2025-04-22T06:35:48","modified_gmt":"2025-04-22T06:35:48","slug":"restaurant-housekeeping-janitorial-3-shelf-cart-kitchen-cleaning-service-trolley-carts-hotel-cleaning-trolley-cart","status":"publish","type":"product","link":"https:\/\/nexgendecors.com\/fr\/product\/restaurant-housekeeping-janitorial-3-shelf-cart-kitchen-cleaning-service-trolley-carts-hotel-cleaning-trolley-cart\/","title":{"rendered":"Chariot \u00e0 3 \u00e9tag\u00e8res pour le nettoyage des restaurants Chariot pour le nettoyage de la cuisine Chariot pour le nettoyage de l'h\u00f4tel"},"content":{"rendered":"<ul>\n<li><strong>lieu d&#039;origine : <\/strong> Guangdong, Chine<\/li>\n<li><strong>nom de marque : <\/strong> Yinan<\/li>\n<li><strong>num\u00e9ro de mod\u00e8le : <\/strong> A-46C<\/li>\n<li><strong>Fonctionnalit\u00e9 : <\/strong> Multi Function<\/li>\n<li><strong>Taper : <\/strong> 3 Layer<\/li>\n<li><strong>Wheels : <\/strong> 4 roues<\/li>\n<li><strong>Mat\u00e9riel : <\/strong> Acier inoxydable<\/li>\n<li><strong>Couleur : <\/strong> Argent<\/li>\n<li><strong>Utilisation : <\/strong> Commecial Cleaning<\/li>\n<li><strong>Application : <\/strong> Hotel Restaurant Public Places..etc<\/li>\n<\/ul>","protected":false},"excerpt":{"rendered":"<p>Lieu d'origine : Guangdong, Chine Marque : Yinan Num\u00e9ro de mod\u00e8le : A-46C Fonction : Multifonction Type :<\/p>","protected":false},"featured_media":177508,"comment_status":"open","ping_status":"closed","template":"","meta":[],"product_brand":[],"product_cat":[30944,30947,30943],"product_tag":[],"class_list":{"0":"post-177509","1":"product","2":"type-product","3":"status-publish","4":"has-post-thumbnail","6":"product_cat-cleaning-carts","7":"product_cat-janitorial-supplies","8":"product_cat-maids-carts","10":"first","11":"instock","12":"taxable","13":"shipping-taxable","14":"purchasable","15":"product-type-variable"},"_links":{"self":[{"href":"https:\/\/nexgendecors.com\/fr\/wp-json\/wp\/v2\/product\/177509","targetHints":{"allow":["GET"]}}],"collection":[{"href":"https:\/\/nexgendecors.com\/fr\/wp-json\/wp\/v2\/product"}],"about":[{"href":"https:\/\/nexgendecors.com\/fr\/wp-json\/wp\/v2\/types\/product"}],"replies":[{"embeddable":true,"href":"https:\/\/nexgendecors.com\/fr\/wp-json\/wp\/v2\/comments?post=177509"}],"version-history":[{"count":0,"href":"https:\/\/nexgendecors.com\/fr\/wp-json\/wp\/v2\/product\/177509\/revisions"}],"wp:featuredmedia":[{"embeddable":true,"href":"https:\/\/nexgendecors.com\/fr\/wp-json\/wp\/v2\/media\/177508"}],"wp:attachment":[{"href":"https:\/\/nexgendecors.com\/fr\/wp-json\/wp\/v2\/media?parent=177509"}],"wp:term":[{"taxonomy":"product_brand","embeddable":true,"href":"https:\/\/nexgendecors.com\/fr\/wp-json\/wp\/v2\/product_brand?post=177509"},{"taxonomy":"product_cat","embeddable":true,"href":"https:\/\/nexgendecors.com\/fr\/wp-json\/wp\/v2\/product_cat?post=177509"},{"taxonomy":"product_tag","embeddable":true,"href":"https:\/\/nexgendecors.com\/fr\/wp-json\/wp\/v2\/product_tag?post=177509"}],"curies":[{"name":"wp","href":"https:\/\/api.w.org\/{rel}","templated":true}]}}