{"id":17768,"date":"2025-01-13T14:23:12","date_gmt":"2025-01-13T14:23:12","guid":{"rendered":"https:\/\/nexgendecors.com\/product\/colored-artificial-stone-crystal-net-red-goose-egg-transparent-resin-bathtub-home-hotel-homestay-independent-double-bathtub\/"},"modified":"2025-04-06T07:40:41","modified_gmt":"2025-04-06T07:40:41","slug":"colored-artificial-stone-crystal-net-red-goose-egg-transparent-resin-bathtub-home-hotel-homestay-independent-double-bathtub","status":"publish","type":"product","link":"https:\/\/nexgendecors.com\/fr\/product\/colored-artificial-stone-crystal-net-red-goose-egg-transparent-resin-bathtub-home-hotel-homestay-independent-double-bathtub\/","title":{"rendered":"Baignoire double en r\u00e9sine transparente \u2013 Design \u00e9l\u00e9gant et moderne"},"content":{"rendered":"<ul>\n<li>\n<strong>marque<\/strong>:autre\/autre<\/li>\n<li>\n<strong>mod\u00e8le<\/strong>:LFR-8802 crystal bathtub<\/li>\n<li>\n<strong>Mat\u00e9riel<\/strong>:R\u00e9sine transparente<\/li>\n<li>\n<strong>Origine<\/strong>:Chine continentale<\/li>\n<li>\n<strong>trier par couleur<\/strong>:Support customized color and size, wine red [1300*700*570mm], wine red [1400*780*520mm], wine red [1500*780*540mm], wine red [1600*800*540mm], wine red [1700*880*560mm], wine red [1800*900*570mm], black gray [1300*700*570mm], black gray [1400*780*520mm], black gray [1500*780*540mm], black gray [1600*800*540mm], black gray [1700*880*560mm], black gray [1800*900*570mm], orange red [1300*700*570mm], orange red [1400*780*520mm], orange red [1500*780*54 0mm], orange red [1600*800*540mm], orange red [1700*880*560mm], orange red [1800*900*570mm], green tea color [1300*700*570mm], green tea color [1400*780*520mm], green tea color [1500*780*540mm], green tea color [1600*800*540mm], green tea color [170 0*880*560mm], Green tea color [1800*900*570mm], Dark blue [1300*700*570mm], Dark blue [1400*780*520mm], Dark blue [1500*780*540mm], Dark blue [1600*800*540mm], Dark blue [1700*880*560mm], Dark blue [1800*900*570mm]<\/li>\n<li>\n<strong>Service en ville<\/strong>:Livraison porte-\u00e0-porte logistique intra-urbaine<\/li>\n<li>\n<strong>Est-ce qu&#039;il contient un robinet ?<\/strong>:Non inclus<\/li>\n<li>\n<strong>Y a-t-il des mains courantes ?<\/strong>:Non<\/li>\n<li>\n<strong>forme<\/strong>:D\u00e9tach\u00e9<\/li>\n<li>\n<strong><\/strong>:<\/li>\n<\/ul>\n<p><img><\/p>","protected":false},"excerpt":{"rendered":"<p>Marque : autre\/autre Mod\u00e8le : baignoire en cristal LFR-8802 Mat\u00e9riau : r\u00e9sine transparente Origine : Chine continentale Trier par couleur : prend en charge la couleur et la taille personnalis\u00e9es, rouge vin [1300*700*570mm], rouge vin<\/p>","protected":false},"featured_media":19000,"comment_status":"open","ping_status":"closed","template":"","meta":[],"product_brand":[],"product_cat":[30971,869],"product_tag":[30973],"class_list":{"0":"post-17768","1":"product","2":"type-product","3":"status-publish","4":"has-post-thumbnail","6":"product_cat-hp","7":"product_cat-wholesale-bathtub","8":"product_tag-tub","10":"first","11":"instock","12":"taxable","13":"shipping-taxable","14":"purchasable","15":"product-type-variable"},"_links":{"self":[{"href":"https:\/\/nexgendecors.com\/fr\/wp-json\/wp\/v2\/product\/17768","targetHints":{"allow":["GET"]}}],"collection":[{"href":"https:\/\/nexgendecors.com\/fr\/wp-json\/wp\/v2\/product"}],"about":[{"href":"https:\/\/nexgendecors.com\/fr\/wp-json\/wp\/v2\/types\/product"}],"replies":[{"embeddable":true,"href":"https:\/\/nexgendecors.com\/fr\/wp-json\/wp\/v2\/comments?post=17768"}],"version-history":[{"count":0,"href":"https:\/\/nexgendecors.com\/fr\/wp-json\/wp\/v2\/product\/17768\/revisions"}],"wp:featuredmedia":[{"embeddable":true,"href":"https:\/\/nexgendecors.com\/fr\/wp-json\/wp\/v2\/media\/19000"}],"wp:attachment":[{"href":"https:\/\/nexgendecors.com\/fr\/wp-json\/wp\/v2\/media?parent=17768"}],"wp:term":[{"taxonomy":"product_brand","embeddable":true,"href":"https:\/\/nexgendecors.com\/fr\/wp-json\/wp\/v2\/product_brand?post=17768"},{"taxonomy":"product_cat","embeddable":true,"href":"https:\/\/nexgendecors.com\/fr\/wp-json\/wp\/v2\/product_cat?post=17768"},{"taxonomy":"product_tag","embeddable":true,"href":"https:\/\/nexgendecors.com\/fr\/wp-json\/wp\/v2\/product_tag?post=17768"}],"curies":[{"name":"wp","href":"https:\/\/api.w.org\/{rel}","templated":true}]}}