{"id":177697,"date":"2025-02-26T15:42:42","date_gmt":"2025-02-26T15:42:42","guid":{"rendered":"https:\/\/nexgendecors.com\/en\/product\/golden-metal-floor-sign-stand-display-sign-holder-poster-board-hotel-lobby-restaurant-a3-poster-display-stands\/"},"modified":"2025-04-06T10:56:58","modified_gmt":"2025-04-06T10:56:58","slug":"golden-metal-floor-sign-stand-display-sign-holder-poster-board-hotel-lobby-restaurant-a3-poster-display-stands","status":"publish","type":"product","link":"https:\/\/nexgendecors.com\/fr\/product\/golden-metal-floor-sign-stand-display-sign-holder-poster-board-hotel-lobby-restaurant-a3-poster-display-stands\/","title":{"rendered":"Support d'affichage au sol en m\u00e9tal dor\u00e9 Porte-affiche Poster Board Hotel Lobby Restaurant A3 Poster Display Stands"},"content":{"rendered":"<ul>\n<li><strong>lieu d&#039;origine : <\/strong> Guangdong, Chine<\/li>\n<li><strong>nom de marque : <\/strong> yinan<\/li>\n<li><strong>num\u00e9ro de mod\u00e8le : <\/strong> P-12<\/li>\n<li><strong>Nom du produit : <\/strong> Metal Floor  Sign Stand<\/li>\n<li><strong>Utilisation : <\/strong> Advertising Board<\/li>\n<li><strong>Quantit\u00e9 minimale de commande : <\/strong> 50Pcs<\/li>\n<li><strong>Taille : <\/strong> 515*36*1560m<\/li>\n<li><strong>Emballage : <\/strong> Carton<\/li>\n<li><strong>Couleur : <\/strong> gold,black<\/li>\n<li><strong>Mat\u00e9riel : <\/strong> Titanium, black lacquer<\/li>\n<li><strong>Fonction : <\/strong> Walking Advertising Sign Board<\/li>\n<li><strong>Mot-cl\u00e9 : <\/strong> Poster Display Stands<\/li>\n<li><strong>Fonctionnalit\u00e9 : <\/strong> Eco-friendly Material<\/li>\n<\/ul>","protected":false},"excerpt":{"rendered":"<p>lieu d'origine : Guangdong, Chine marque : yinan num\u00e9ro de mod\u00e8le : P-12 nom du produit : plaque de sol en m\u00e9tal<\/p>","protected":false},"featured_media":177696,"comment_status":"open","ping_status":"closed","template":"","meta":[],"product_brand":[],"product_cat":[30948],"product_tag":[],"class_list":{"0":"post-177697","1":"product","2":"type-product","3":"status-publish","4":"has-post-thumbnail","6":"product_cat-hotel-maintenance","8":"first","9":"instock","10":"taxable","11":"shipping-taxable","12":"purchasable","13":"product-type-variable"},"_links":{"self":[{"href":"https:\/\/nexgendecors.com\/fr\/wp-json\/wp\/v2\/product\/177697","targetHints":{"allow":["GET"]}}],"collection":[{"href":"https:\/\/nexgendecors.com\/fr\/wp-json\/wp\/v2\/product"}],"about":[{"href":"https:\/\/nexgendecors.com\/fr\/wp-json\/wp\/v2\/types\/product"}],"replies":[{"embeddable":true,"href":"https:\/\/nexgendecors.com\/fr\/wp-json\/wp\/v2\/comments?post=177697"}],"version-history":[{"count":0,"href":"https:\/\/nexgendecors.com\/fr\/wp-json\/wp\/v2\/product\/177697\/revisions"}],"wp:featuredmedia":[{"embeddable":true,"href":"https:\/\/nexgendecors.com\/fr\/wp-json\/wp\/v2\/media\/177696"}],"wp:attachment":[{"href":"https:\/\/nexgendecors.com\/fr\/wp-json\/wp\/v2\/media?parent=177697"}],"wp:term":[{"taxonomy":"product_brand","embeddable":true,"href":"https:\/\/nexgendecors.com\/fr\/wp-json\/wp\/v2\/product_brand?post=177697"},{"taxonomy":"product_cat","embeddable":true,"href":"https:\/\/nexgendecors.com\/fr\/wp-json\/wp\/v2\/product_cat?post=177697"},{"taxonomy":"product_tag","embeddable":true,"href":"https:\/\/nexgendecors.com\/fr\/wp-json\/wp\/v2\/product_tag?post=177697"}],"curies":[{"name":"wp","href":"https:\/\/api.w.org\/{rel}","templated":true}]}}