{"id":177719,"date":"2025-02-26T15:44:20","date_gmt":"2025-02-26T15:44:20","guid":{"rendered":"https:\/\/nexgendecors.com\/en\/product\/customized-stainless-steel-folding-floor-warning-signs-metal-no-parking-sign-board-wet-floor-safety-sign-stand\/"},"modified":"2025-04-22T06:34:35","modified_gmt":"2025-04-22T06:34:35","slug":"customized-stainless-steel-folding-floor-warning-signs-metal-no-parking-sign-board-wet-floor-safety-sign-stand","status":"publish","type":"product","link":"https:\/\/nexgendecors.com\/fr\/product\/customized-stainless-steel-folding-floor-warning-signs-metal-no-parking-sign-board-wet-floor-safety-sign-stand\/","title":{"rendered":"Panneaux de signalisation au sol pliants en acier inoxydable personnalis\u00e9s Panneau d'interdiction de stationner en m\u00e9tal Panneau de s\u00e9curit\u00e9 pour sol mouill\u00e9 Stand"},"content":{"rendered":"<ul>\n<li><strong>lieu d&#039;origine : <\/strong> Guangdong, Chine<\/li>\n<li><strong>nom de marque : <\/strong> YiNan<\/li>\n<li><strong>num\u00e9ro de mod\u00e8le : <\/strong> P-12<\/li>\n<li><strong>taper : <\/strong> Autre<\/li>\n<li><strong>Nom du produit : <\/strong> Foldable Road traffic signs<\/li>\n<li><strong>Application : <\/strong> Roadway Safety Signs<\/li>\n<li><strong>Utilisation : <\/strong> Safety Caution Sign<\/li>\n<li><strong>Mat\u00e9riel : <\/strong> Stainless steel<\/li>\n<li><strong>Impression : <\/strong> UV Digital Printing<\/li>\n<li><strong>\u00c9paisseur : <\/strong> 1mm<\/li>\n<li><strong>Quantit\u00e9 minimale de commande : <\/strong> 10 pi\u00e8ces<\/li>\n<li><strong>Fonctionnalit\u00e9 : <\/strong> Road Construction Warning Signs Product<\/li>\n<li><strong>Couleur : <\/strong> Silver,Titanium,Rose Gold<\/li>\n<li><strong>Taille : <\/strong> 220*300*600mm<\/li>\n<\/ul>","protected":false},"excerpt":{"rendered":"<p>lieu d'origine : Guangdong, Chine marque : YiNan num\u00e9ro de mod\u00e8le : P-12 type : Autre Nom du produit :<\/p>","protected":false},"featured_media":177718,"comment_status":"open","ping_status":"closed","template":"","meta":[],"product_brand":[],"product_cat":[30948,30947],"product_tag":[],"class_list":{"0":"post-177719","1":"product","2":"type-product","3":"status-publish","4":"has-post-thumbnail","6":"product_cat-hotel-maintenance","7":"product_cat-janitorial-supplies","9":"first","10":"instock","11":"taxable","12":"shipping-taxable","13":"purchasable","14":"product-type-variable"},"_links":{"self":[{"href":"https:\/\/nexgendecors.com\/fr\/wp-json\/wp\/v2\/product\/177719","targetHints":{"allow":["GET"]}}],"collection":[{"href":"https:\/\/nexgendecors.com\/fr\/wp-json\/wp\/v2\/product"}],"about":[{"href":"https:\/\/nexgendecors.com\/fr\/wp-json\/wp\/v2\/types\/product"}],"replies":[{"embeddable":true,"href":"https:\/\/nexgendecors.com\/fr\/wp-json\/wp\/v2\/comments?post=177719"}],"version-history":[{"count":0,"href":"https:\/\/nexgendecors.com\/fr\/wp-json\/wp\/v2\/product\/177719\/revisions"}],"wp:featuredmedia":[{"embeddable":true,"href":"https:\/\/nexgendecors.com\/fr\/wp-json\/wp\/v2\/media\/177718"}],"wp:attachment":[{"href":"https:\/\/nexgendecors.com\/fr\/wp-json\/wp\/v2\/media?parent=177719"}],"wp:term":[{"taxonomy":"product_brand","embeddable":true,"href":"https:\/\/nexgendecors.com\/fr\/wp-json\/wp\/v2\/product_brand?post=177719"},{"taxonomy":"product_cat","embeddable":true,"href":"https:\/\/nexgendecors.com\/fr\/wp-json\/wp\/v2\/product_cat?post=177719"},{"taxonomy":"product_tag","embeddable":true,"href":"https:\/\/nexgendecors.com\/fr\/wp-json\/wp\/v2\/product_tag?post=177719"}],"curies":[{"name":"wp","href":"https:\/\/api.w.org\/{rel}","templated":true}]}}