{"id":177752,"date":"2025-02-26T15:47:04","date_gmt":"2025-02-26T15:47:04","guid":{"rendered":"https:\/\/nexgendecors.com\/en\/product\/housekeeping-service-cleaning-carts-medical-trolley-cart-serving-plastic-trolley-cart-multi-functional-cleaning-trolley\/"},"modified":"2025-04-12T14:11:07","modified_gmt":"2025-04-12T14:11:07","slug":"housekeeping-service-cleaning-carts-medical-trolley-cart-serving-plastic-trolley-cart-multi-functional-cleaning-trolley","status":"publish","type":"product","link":"https:\/\/nexgendecors.com\/fr\/product\/housekeeping-service-cleaning-carts-medical-trolley-cart-serving-plastic-trolley-cart-multi-functional-cleaning-trolley\/","title":{"rendered":"Chariot de m\u00e9nage Chariot de nettoyage Chariot m\u00e9dical Chariot de service Chariot en plastique Chariot de nettoyage multifonctionnel"},"content":{"rendered":"<ul>\n<li><strong>lieu d&#039;origine : <\/strong> Guangdong<\/li>\n<li><strong>nom de marque : <\/strong> Yinan<\/li>\n<li><strong>num\u00e9ro de mod\u00e8le : <\/strong> A-47B<\/li>\n<li><strong>Mat\u00e9riel : <\/strong> Plastic, PP Plastic<\/li>\n<li><strong>Taper : <\/strong> housekeeping cart<\/li>\n<li><strong>Nom : <\/strong> Housekeeping Plastic Service Cleaning Cart<\/li>\n<li><strong>Logo : <\/strong> Logo personnalis\u00e9 acceptable<\/li>\n<li><strong>Installation : <\/strong> Easy Install<\/li>\n<li><strong>Nom de marque : <\/strong> Yinan<\/li>\n<li><strong>Emballage : <\/strong> 1 Pcs\/ CTN<\/li>\n<li><strong>Couleur : <\/strong> Blue\/Gray<\/li>\n<li><strong>Wheels : <\/strong> 4 roues<\/li>\n<li><strong>Num\u00e9ro de mod\u00e8le : <\/strong> A-47B<\/li>\n<li><strong>Lieu d&#039;origine : <\/strong> Guangdong, Chine<\/li>\n<\/ul>","protected":false},"excerpt":{"rendered":"<p>Lieu d'origine : Guangdong Marque : Yinan Num\u00e9ro de mod\u00e8le : A-47B Mati\u00e8re : Plastique, PP Plastique Type :<\/p>","protected":false},"featured_media":177751,"comment_status":"open","ping_status":"closed","template":"","meta":[],"product_brand":[],"product_cat":[30943],"product_tag":[],"class_list":{"0":"post-177752","1":"product","2":"type-product","3":"status-publish","4":"has-post-thumbnail","6":"product_cat-maids-carts","8":"first","9":"instock","10":"taxable","11":"shipping-taxable","12":"purchasable","13":"product-type-variable"},"_links":{"self":[{"href":"https:\/\/nexgendecors.com\/fr\/wp-json\/wp\/v2\/product\/177752","targetHints":{"allow":["GET"]}}],"collection":[{"href":"https:\/\/nexgendecors.com\/fr\/wp-json\/wp\/v2\/product"}],"about":[{"href":"https:\/\/nexgendecors.com\/fr\/wp-json\/wp\/v2\/types\/product"}],"replies":[{"embeddable":true,"href":"https:\/\/nexgendecors.com\/fr\/wp-json\/wp\/v2\/comments?post=177752"}],"version-history":[{"count":0,"href":"https:\/\/nexgendecors.com\/fr\/wp-json\/wp\/v2\/product\/177752\/revisions"}],"wp:featuredmedia":[{"embeddable":true,"href":"https:\/\/nexgendecors.com\/fr\/wp-json\/wp\/v2\/media\/177751"}],"wp:attachment":[{"href":"https:\/\/nexgendecors.com\/fr\/wp-json\/wp\/v2\/media?parent=177752"}],"wp:term":[{"taxonomy":"product_brand","embeddable":true,"href":"https:\/\/nexgendecors.com\/fr\/wp-json\/wp\/v2\/product_brand?post=177752"},{"taxonomy":"product_cat","embeddable":true,"href":"https:\/\/nexgendecors.com\/fr\/wp-json\/wp\/v2\/product_cat?post=177752"},{"taxonomy":"product_tag","embeddable":true,"href":"https:\/\/nexgendecors.com\/fr\/wp-json\/wp\/v2\/product_tag?post=177752"}],"curies":[{"name":"wp","href":"https:\/\/api.w.org\/{rel}","templated":true}]}}