{"id":177802,"date":"2025-02-26T15:55:55","date_gmt":"2025-02-26T15:55:55","guid":{"rendered":"https:\/\/nexgendecors.com\/en\/product\/mingyouliangpin-five-star-hotel-pure-cotton-pillow-pure-cotton-antibacterial-cervical-pillow-non-slump-neck-pillow-core-wholesale\/"},"modified":"2025-04-06T10:57:39","modified_gmt":"2025-04-06T10:57:39","slug":"mingyouliangpin-five-star-hotel-pure-cotton-pillow-pure-cotton-antibacterial-cervical-pillow-non-slump-neck-pillow-core-wholesale","status":"publish","type":"product","link":"https:\/\/nexgendecors.com\/fr\/product\/mingyouliangpin-five-star-hotel-pure-cotton-pillow-pure-cotton-antibacterial-cervical-pillow-non-slump-neck-pillow-core-wholesale\/","title":{"rendered":"Oreiller en pur coton pour h\u00f4tel cinq \u00e9toiles Mingyouliangpin, oreiller cervical antibact\u00e9rien en pur coton, noyau d&#039;oreiller cervical non affaiss\u00e9 en gros"},"content":{"rendered":"","protected":false},"excerpt":{"rendered":"","protected":false},"featured_media":177800,"comment_status":"open","ping_status":"closed","template":"","meta":[],"product_brand":[],"product_cat":[30954],"product_tag":[],"class_list":{"0":"post-177802","1":"product","2":"type-product","3":"status-publish","4":"has-post-thumbnail","6":"product_cat-hotel-pillows-and-covers","8":"first","9":"instock","10":"taxable","11":"shipping-taxable","12":"purchasable","13":"product-type-simple"},"_links":{"self":[{"href":"https:\/\/nexgendecors.com\/fr\/wp-json\/wp\/v2\/product\/177802","targetHints":{"allow":["GET"]}}],"collection":[{"href":"https:\/\/nexgendecors.com\/fr\/wp-json\/wp\/v2\/product"}],"about":[{"href":"https:\/\/nexgendecors.com\/fr\/wp-json\/wp\/v2\/types\/product"}],"replies":[{"embeddable":true,"href":"https:\/\/nexgendecors.com\/fr\/wp-json\/wp\/v2\/comments?post=177802"}],"version-history":[{"count":0,"href":"https:\/\/nexgendecors.com\/fr\/wp-json\/wp\/v2\/product\/177802\/revisions"}],"wp:featuredmedia":[{"embeddable":true,"href":"https:\/\/nexgendecors.com\/fr\/wp-json\/wp\/v2\/media\/177800"}],"wp:attachment":[{"href":"https:\/\/nexgendecors.com\/fr\/wp-json\/wp\/v2\/media?parent=177802"}],"wp:term":[{"taxonomy":"product_brand","embeddable":true,"href":"https:\/\/nexgendecors.com\/fr\/wp-json\/wp\/v2\/product_brand?post=177802"},{"taxonomy":"product_cat","embeddable":true,"href":"https:\/\/nexgendecors.com\/fr\/wp-json\/wp\/v2\/product_cat?post=177802"},{"taxonomy":"product_tag","embeddable":true,"href":"https:\/\/nexgendecors.com\/fr\/wp-json\/wp\/v2\/product_tag?post=177802"}],"curies":[{"name":"wp","href":"https:\/\/api.w.org\/{rel}","templated":true}]}}