{"id":177910,"date":"2025-02-26T16:05:15","date_gmt":"2025-02-26T16:05:15","guid":{"rendered":"https:\/\/nexgendecors.com\/en\/product\/class-a-waterproof-and-urine-proof-fitted-sheet-single-piece-quilted-and-thickened-simmons-mattress-protector-dustproof-bed-sheet-bedspread-bed-cover\/"},"modified":"2025-04-06T10:58:04","modified_gmt":"2025-04-06T10:58:04","slug":"drap-housse-impermeable-et-anti-urine-de-classe-a-une-seule-piece-matelasse-et-epais-protege-matelas-simmons-drap-de-lit-anti-poussiere-couvre-lit","status":"publish","type":"product","link":"https:\/\/nexgendecors.com\/fr\/product\/drap-housse-impermeable-et-anti-urine-de-classe-a-une-seule-piece-matelasse-et-epais-protege-matelas-simmons-drap-de-lit-anti-poussiere-couvre-lit\/","title":{"rendered":"Classe A drap-housse imperm\u00e9able \u00e0 l'eau et \u00e0 l'urine, en une seule pi\u00e8ce, matelass\u00e9 et \u00e9paissi Prot\u00e8ge-matelas Simmons, drap de lit anti-poussi\u00e8re, couvre-lit, housse de lit"},"content":{"rendered":"","protected":false},"excerpt":{"rendered":"","protected":false},"featured_media":177909,"comment_status":"open","ping_status":"closed","template":"","meta":[],"product_brand":[],"product_cat":[30956],"product_tag":[],"class_list":{"0":"post-177910","1":"product","2":"type-product","3":"status-publish","4":"has-post-thumbnail","6":"product_cat-mattress-cover","8":"first","9":"instock","10":"taxable","11":"shipping-taxable","12":"purchasable","13":"product-type-simple"},"_links":{"self":[{"href":"https:\/\/nexgendecors.com\/fr\/wp-json\/wp\/v2\/product\/177910","targetHints":{"allow":["GET"]}}],"collection":[{"href":"https:\/\/nexgendecors.com\/fr\/wp-json\/wp\/v2\/product"}],"about":[{"href":"https:\/\/nexgendecors.com\/fr\/wp-json\/wp\/v2\/types\/product"}],"replies":[{"embeddable":true,"href":"https:\/\/nexgendecors.com\/fr\/wp-json\/wp\/v2\/comments?post=177910"}],"version-history":[{"count":0,"href":"https:\/\/nexgendecors.com\/fr\/wp-json\/wp\/v2\/product\/177910\/revisions"}],"wp:featuredmedia":[{"embeddable":true,"href":"https:\/\/nexgendecors.com\/fr\/wp-json\/wp\/v2\/media\/177909"}],"wp:attachment":[{"href":"https:\/\/nexgendecors.com\/fr\/wp-json\/wp\/v2\/media?parent=177910"}],"wp:term":[{"taxonomy":"product_brand","embeddable":true,"href":"https:\/\/nexgendecors.com\/fr\/wp-json\/wp\/v2\/product_brand?post=177910"},{"taxonomy":"product_cat","embeddable":true,"href":"https:\/\/nexgendecors.com\/fr\/wp-json\/wp\/v2\/product_cat?post=177910"},{"taxonomy":"product_tag","embeddable":true,"href":"https:\/\/nexgendecors.com\/fr\/wp-json\/wp\/v2\/product_tag?post=177910"}],"curies":[{"name":"wp","href":"https:\/\/api.w.org\/{rel}","templated":true}]}}