{"id":177996,"date":"2025-02-26T16:11:16","date_gmt":"2025-02-26T16:11:16","guid":{"rendered":"https:\/\/nexgendecors.com\/en\/product\/self-propelled-floor-scrubber-commercial-mopping-machine-industrial-workshop-hand-pushed-electric-floor-scrubber-cleaning-equipment-garage-floor-scrubber\/"},"modified":"2025-04-06T10:58:17","modified_gmt":"2025-04-06T10:58:17","slug":"self-propelled-floor-scrubber-commercial-mopping-machine-industrial-workshop-hand-pushed-electric-floor-scrubber-cleaning-equipment-garage-floor-scrubber","status":"publish","type":"product","link":"https:\/\/nexgendecors.com\/fr\/product\/self-propelled-floor-scrubber-commercial-mopping-machine-industrial-workshop-hand-pushed-electric-floor-scrubber-cleaning-equipment-garage-floor-scrubber\/","title":{"rendered":"Autolaveuse automotrice, machine \u00e0 laver commerciale, atelier industriel, autolaveuse \u00e9lectrique pouss\u00e9e \u00e0 la main, \u00e9quipement de nettoyage, autolaveuse de garage"},"content":{"rendered":"","protected":false},"excerpt":{"rendered":"","protected":false},"featured_media":177995,"comment_status":"open","ping_status":"closed","template":"","meta":[],"product_brand":[],"product_cat":[30959],"product_tag":[],"class_list":{"0":"post-177996","1":"product","2":"type-product","3":"status-publish","4":"has-post-thumbnail","6":"product_cat-cleaning-machine","8":"first","9":"instock","10":"taxable","11":"shipping-taxable","12":"purchasable","13":"product-type-simple"},"_links":{"self":[{"href":"https:\/\/nexgendecors.com\/fr\/wp-json\/wp\/v2\/product\/177996","targetHints":{"allow":["GET"]}}],"collection":[{"href":"https:\/\/nexgendecors.com\/fr\/wp-json\/wp\/v2\/product"}],"about":[{"href":"https:\/\/nexgendecors.com\/fr\/wp-json\/wp\/v2\/types\/product"}],"replies":[{"embeddable":true,"href":"https:\/\/nexgendecors.com\/fr\/wp-json\/wp\/v2\/comments?post=177996"}],"version-history":[{"count":0,"href":"https:\/\/nexgendecors.com\/fr\/wp-json\/wp\/v2\/product\/177996\/revisions"}],"wp:featuredmedia":[{"embeddable":true,"href":"https:\/\/nexgendecors.com\/fr\/wp-json\/wp\/v2\/media\/177995"}],"wp:attachment":[{"href":"https:\/\/nexgendecors.com\/fr\/wp-json\/wp\/v2\/media?parent=177996"}],"wp:term":[{"taxonomy":"product_brand","embeddable":true,"href":"https:\/\/nexgendecors.com\/fr\/wp-json\/wp\/v2\/product_brand?post=177996"},{"taxonomy":"product_cat","embeddable":true,"href":"https:\/\/nexgendecors.com\/fr\/wp-json\/wp\/v2\/product_cat?post=177996"},{"taxonomy":"product_tag","embeddable":true,"href":"https:\/\/nexgendecors.com\/fr\/wp-json\/wp\/v2\/product_tag?post=177996"}],"curies":[{"name":"wp","href":"https:\/\/api.w.org\/{rel}","templated":true}]}}