{"id":17800,"date":"2025-01-13T14:23:14","date_gmt":"2025-01-13T14:23:14","guid":{"rendered":"https:\/\/nexgendecors.com\/product\/small-size-acrylic-bathtub-japanese-style-sitting-deep-soaking-home-bathroom-mini-freestanding-small-tub\/"},"modified":"2025-04-06T07:40:44","modified_gmt":"2025-04-06T07:40:44","slug":"small-size-acrylic-bathtub-japanese-style-sitting-deep-soaking-home-bathroom-mini-freestanding-small-tub","status":"publish","type":"product","link":"https:\/\/nexgendecors.com\/fr\/product\/small-size-acrylic-bathtub-japanese-style-sitting-deep-soaking-home-bathroom-mini-freestanding-small-tub\/","title":{"rendered":"Mini baignoire autoportante japonaise en acrylique"},"content":{"rendered":"<ul>\n<li>\n<strong>marque<\/strong>:Anhui Bath House<\/li>\n<li>\n<strong>mod\u00e8le<\/strong>:A6807<\/li>\n<li>\n<strong>forme<\/strong>:D\u00e9tach\u00e9<\/li>\n<li>\n<strong>Origine<\/strong>:Chine continentale<\/li>\n<li>\n<strong>Est-ce qu&#039;il contient un robinet ?<\/strong>:Non inclus<\/li>\n<li>\n<strong>Mat\u00e9riel<\/strong>:Acrylique<\/li>\n<li>\n<strong>Y a-t-il des mains courantes ?<\/strong>:Non<\/li>\n<li>\n<strong>Service en ville<\/strong>:Livraison porte-\u00e0-porte logistique intra-urbaine<\/li>\n<li>\n<strong>trier par couleur<\/strong>:Oval: 900*640*700MM empty cylinder with seat plate (inner depth 61 cm), Oval: 1000*640*700MM empty cylinder with seat plate (inner depth 61 cm), Oval: 1100*640*700MM empty cylinder with seat plate (inner depth 61 cm), Oval: 1200*640*700MM empty cylinder with seat plate (inner depth 61 cm), Rectangle: 1000*740*700MM empty cylinder with seat plate (inner depth 58 cm), Rectangle: 1100*740*700MM empty cylinder with seat plate (inner depth 58 cm), Rectangle: 1200*740*700MM empty cylinder with seat plate (inner depth 58 cm), Simple shower faucet set (note color)<\/li>\n<li>\n<strong><\/strong>:<\/li>\n<\/ul>\n<p><img><\/p>","protected":false},"excerpt":{"rendered":"<p>Marque : Anhui Bath House Mod\u00e8le : A6807 Forme : D\u00e9tach\u00e9e Origine : Chine continentale Contient-il un robinet ? : Non inclus Mat\u00e9riau : Acrylique Y a-t-il des rampes ? : Non Service en ville : Logistique intra-urbaine<\/p>","protected":false},"featured_media":19023,"comment_status":"open","ping_status":"closed","template":"","meta":[],"product_brand":[],"product_cat":[30971,869],"product_tag":[],"class_list":{"0":"post-17800","1":"product","2":"type-product","3":"status-publish","4":"has-post-thumbnail","6":"product_cat-hp","7":"product_cat-wholesale-bathtub","9":"first","10":"instock","11":"taxable","12":"shipping-taxable","13":"purchasable","14":"product-type-variable"},"_links":{"self":[{"href":"https:\/\/nexgendecors.com\/fr\/wp-json\/wp\/v2\/product\/17800","targetHints":{"allow":["GET"]}}],"collection":[{"href":"https:\/\/nexgendecors.com\/fr\/wp-json\/wp\/v2\/product"}],"about":[{"href":"https:\/\/nexgendecors.com\/fr\/wp-json\/wp\/v2\/types\/product"}],"replies":[{"embeddable":true,"href":"https:\/\/nexgendecors.com\/fr\/wp-json\/wp\/v2\/comments?post=17800"}],"version-history":[{"count":0,"href":"https:\/\/nexgendecors.com\/fr\/wp-json\/wp\/v2\/product\/17800\/revisions"}],"wp:featuredmedia":[{"embeddable":true,"href":"https:\/\/nexgendecors.com\/fr\/wp-json\/wp\/v2\/media\/19023"}],"wp:attachment":[{"href":"https:\/\/nexgendecors.com\/fr\/wp-json\/wp\/v2\/media?parent=17800"}],"wp:term":[{"taxonomy":"product_brand","embeddable":true,"href":"https:\/\/nexgendecors.com\/fr\/wp-json\/wp\/v2\/product_brand?post=17800"},{"taxonomy":"product_cat","embeddable":true,"href":"https:\/\/nexgendecors.com\/fr\/wp-json\/wp\/v2\/product_cat?post=17800"},{"taxonomy":"product_tag","embeddable":true,"href":"https:\/\/nexgendecors.com\/fr\/wp-json\/wp\/v2\/product_tag?post=17800"}],"curies":[{"name":"wp","href":"https:\/\/api.w.org\/{rel}","templated":true}]}}