{"id":178032,"date":"2025-02-26T16:40:45","date_gmt":"2025-02-26T16:40:45","guid":{"rendered":"https:\/\/nexgendecors.com\/en\/product\/new-wholesale-resin-gold-chair-metal-transparent-acrylic-used-event-plastic-tiffany-chairs-for-wedding\/"},"modified":"2025-04-06T10:58:30","modified_gmt":"2025-04-06T10:58:30","slug":"new-wholesale-resin-gold-chair-metal-transparent-acrylic-used-event-plastic-tiffany-chairs-for-wedding","status":"publish","type":"product","link":"https:\/\/nexgendecors.com\/fr\/product\/new-wholesale-resin-gold-chair-metal-transparent-acrylic-used-event-plastic-tiffany-chairs-for-wedding\/","title":{"rendered":"Chaises en r\u00e9sine dor\u00e9e, m\u00e9tal, acrylique transparent, chaises Tiffany en plastique pour \u00e9v\u00e9nements, pour mariage, vente en gros"},"content":{"rendered":"<ul>\n<li><strong>utilisation sp\u00e9cifique : <\/strong> Chaise d&#039;h\u00f4tel<\/li>\n<li><strong>usage g\u00e9n\u00e9ral : <\/strong> Mobilier commercial<\/li>\n<li><strong>taper : <\/strong> Mobilier d&#039;h\u00f4tel<\/li>\n<li><strong>emballage du courrier : <\/strong> Oui<\/li>\n<li><strong>application : <\/strong> Kitchen, Dining, outdoor, Hotel, Other, Home Bar<\/li>\n<li><strong>style de conception : <\/strong> Moderne<\/li>\n<li><strong>mat\u00e9riel : <\/strong> m\u00e9tal<\/li>\n<li><strong>apparence : <\/strong> Moderne<\/li>\n<li><strong>pli\u00e9 : <\/strong> Oui<\/li>\n<li><strong>type de m\u00e9tal : <\/strong> Aluminium<\/li>\n<li><strong>lieu d&#039;origine : <\/strong> Guangdong, Chine<\/li>\n<li><strong>nom de marque : <\/strong> JIEMA<\/li>\n<li><strong>num\u00e9ro de mod\u00e8le : <\/strong> JIEMA4637<\/li>\n<li><strong>Nom du produit : <\/strong> used chiavari chair for sale<\/li>\n<li><strong>Mat\u00e9riel : <\/strong> M\u00e9tal<\/li>\n<li><strong>Utilisation : <\/strong> Wedding Party Home Hotel Banquet<\/li>\n<li><strong>Couleur : <\/strong> Couleur personnalis\u00e9e<\/li>\n<li><strong>Qualit\u00e9 : <\/strong> Haute qualit\u00e9<\/li>\n<li><strong>Quantit\u00e9 minimale de commande : <\/strong> 100 pi\u00e8ces<\/li>\n<li><strong>Fonction : <\/strong> Mariage.banquet.restaurant.h\u00f4tel<\/li>\n<li><strong>Mots cl\u00e9s : <\/strong> used chiavari chair for sale<\/li>\n<li><strong>Chair sashes Usage : <\/strong> widely used<\/li>\n<li><strong>Colors : <\/strong> Red white,silver,or to order<\/li>\n<\/ul>","protected":false},"excerpt":{"rendered":"<p>usage sp\u00e9cifique : Chaise d'h\u00f4tel usage g\u00e9n\u00e9ral : Meuble commercial type : Meuble d'h\u00f4tel emballage postal : Y application :<\/p>","protected":false},"featured_media":178031,"comment_status":"open","ping_status":"closed","template":"","meta":[],"product_brand":[],"product_cat":[30964],"product_tag":[],"class_list":{"0":"post-178032","1":"product","2":"type-product","3":"status-publish","4":"has-post-thumbnail","6":"product_cat-weeding-furniture","8":"first","9":"instock","10":"taxable","11":"shipping-taxable","12":"purchasable","13":"product-type-variable"},"_links":{"self":[{"href":"https:\/\/nexgendecors.com\/fr\/wp-json\/wp\/v2\/product\/178032","targetHints":{"allow":["GET"]}}],"collection":[{"href":"https:\/\/nexgendecors.com\/fr\/wp-json\/wp\/v2\/product"}],"about":[{"href":"https:\/\/nexgendecors.com\/fr\/wp-json\/wp\/v2\/types\/product"}],"replies":[{"embeddable":true,"href":"https:\/\/nexgendecors.com\/fr\/wp-json\/wp\/v2\/comments?post=178032"}],"version-history":[{"count":0,"href":"https:\/\/nexgendecors.com\/fr\/wp-json\/wp\/v2\/product\/178032\/revisions"}],"wp:featuredmedia":[{"embeddable":true,"href":"https:\/\/nexgendecors.com\/fr\/wp-json\/wp\/v2\/media\/178031"}],"wp:attachment":[{"href":"https:\/\/nexgendecors.com\/fr\/wp-json\/wp\/v2\/media?parent=178032"}],"wp:term":[{"taxonomy":"product_brand","embeddable":true,"href":"https:\/\/nexgendecors.com\/fr\/wp-json\/wp\/v2\/product_brand?post=178032"},{"taxonomy":"product_cat","embeddable":true,"href":"https:\/\/nexgendecors.com\/fr\/wp-json\/wp\/v2\/product_cat?post=178032"},{"taxonomy":"product_tag","embeddable":true,"href":"https:\/\/nexgendecors.com\/fr\/wp-json\/wp\/v2\/product_tag?post=178032"}],"curies":[{"name":"wp","href":"https:\/\/api.w.org\/{rel}","templated":true}]}}