{"id":178056,"date":"2025-02-26T16:42:41","date_gmt":"2025-02-26T16:42:41","guid":{"rendered":"https:\/\/nexgendecors.com\/en\/product\/hot-sale-cheap-quality-wholesale-hotel-furniture-party-metal-banquet-chairs-iron-dining-chair-modern-european-kitchen-chair\/"},"modified":"2025-04-06T10:58:48","modified_gmt":"2025-04-06T10:58:48","slug":"hot-sale-cheap-quality-wholesale-hotel-furniture-party-metal-banquet-chairs-iron-dining-chair-modern-european-kitchen-chair","status":"publish","type":"product","link":"https:\/\/nexgendecors.com\/fr\/product\/hot-sale-cheap-quality-wholesale-hotel-furniture-party-metal-banquet-chairs-iron-dining-chair-modern-european-kitchen-chair\/","title":{"rendered":"Hot Sale Cheap Quality Wholesale Hotel Furniture Party Metal Banquet Chairs Iron Dining Chair Modern European Kitchen Chair"},"content":{"rendered":"<ul>\n<li><strong>utilisation sp\u00e9cifique : <\/strong> Chaise d&#039;h\u00f4tel<\/li>\n<li><strong>usage g\u00e9n\u00e9ral : <\/strong> Mobilier commercial<\/li>\n<li><strong>taper : <\/strong> Mobilier d&#039;h\u00f4tel<\/li>\n<li><strong>emballage du courrier : <\/strong> N<\/li>\n<li><strong>application : <\/strong> Kitchen, Home Office, Living Room, Bedroom, Dining, Babies and kids, outdoor, Hotel, Apartment, Office Building, Mall, Sports Venues, Leisure Facilities, supermarket, Warehouse, Workshop, Farmhouse, Courtyard, Exterior, Wine Cellar, Entry, Hall, Home Bar, Basement<\/li>\n<li><strong>style de conception : <\/strong> EUROPEAN<\/li>\n<li><strong>mat\u00e9riel : <\/strong> m\u00e9tal<\/li>\n<li><strong>apparence : <\/strong> Moderne<\/li>\n<li><strong>pli\u00e9 : <\/strong> NON<\/li>\n<li><strong>type de m\u00e9tal : <\/strong> iron<\/li>\n<li><strong>lieu d&#039;origine : <\/strong> GUA<\/li>\n<li><strong>nom de marque : <\/strong> JIEMA<\/li>\n<li><strong>num\u00e9ro de mod\u00e8le : <\/strong> JMYZ01<\/li>\n<li><strong>Nom du produit : <\/strong> Hotel Furniture Banquet Chair<\/li>\n<li><strong>Utilisation : <\/strong> Events Wedding Party Dining Room<\/li>\n<li><strong>Couleur : <\/strong> Customize Colors<\/li>\n<li><strong>Quantit\u00e9 minimale de commande : <\/strong> 1<\/li>\n<li><strong>Taille : <\/strong> Taille personnalis\u00e9e<\/li>\n<li><strong>Seat Cushion : <\/strong> 3cm High Density Seat<\/li>\n<li><strong>D\u00e9lai de livraison : <\/strong> 7-15 Days<\/li>\n<li><strong>Mot-cl\u00e9 : <\/strong> Luxury Dining Chair<\/li>\n<li><strong>Mat\u00e9riau principal : <\/strong> Metal+Fabric<\/li>\n<li><strong>Specific Use : <\/strong> Hotel Restaurant Wedding Home<\/li>\n<\/ul>","protected":false},"excerpt":{"rendered":"<p>utilisation sp\u00e9cifique : chaise d'h\u00f4tel utilisation g\u00e9n\u00e9rale : mobilier commercial type : mobilier d'h\u00f4tel emballage postal : N application :<\/p>","protected":false},"featured_media":178055,"comment_status":"open","ping_status":"closed","template":"","meta":[],"product_brand":[],"product_cat":[30964],"product_tag":[],"class_list":{"0":"post-178056","1":"product","2":"type-product","3":"status-publish","4":"has-post-thumbnail","6":"product_cat-weeding-furniture","8":"first","9":"instock","10":"taxable","11":"shipping-taxable","12":"purchasable","13":"product-type-variable"},"_links":{"self":[{"href":"https:\/\/nexgendecors.com\/fr\/wp-json\/wp\/v2\/product\/178056","targetHints":{"allow":["GET"]}}],"collection":[{"href":"https:\/\/nexgendecors.com\/fr\/wp-json\/wp\/v2\/product"}],"about":[{"href":"https:\/\/nexgendecors.com\/fr\/wp-json\/wp\/v2\/types\/product"}],"replies":[{"embeddable":true,"href":"https:\/\/nexgendecors.com\/fr\/wp-json\/wp\/v2\/comments?post=178056"}],"version-history":[{"count":0,"href":"https:\/\/nexgendecors.com\/fr\/wp-json\/wp\/v2\/product\/178056\/revisions"}],"wp:featuredmedia":[{"embeddable":true,"href":"https:\/\/nexgendecors.com\/fr\/wp-json\/wp\/v2\/media\/178055"}],"wp:attachment":[{"href":"https:\/\/nexgendecors.com\/fr\/wp-json\/wp\/v2\/media?parent=178056"}],"wp:term":[{"taxonomy":"product_brand","embeddable":true,"href":"https:\/\/nexgendecors.com\/fr\/wp-json\/wp\/v2\/product_brand?post=178056"},{"taxonomy":"product_cat","embeddable":true,"href":"https:\/\/nexgendecors.com\/fr\/wp-json\/wp\/v2\/product_cat?post=178056"},{"taxonomy":"product_tag","embeddable":true,"href":"https:\/\/nexgendecors.com\/fr\/wp-json\/wp\/v2\/product_tag?post=178056"}],"curies":[{"name":"wp","href":"https:\/\/api.w.org\/{rel}","templated":true}]}}