{"id":17809,"date":"2025-01-13T14:23:15","date_gmt":"2025-01-13T14:23:15","guid":{"rendered":"https:\/\/nexgendecors.com\/product\/small-size-deepened-acrylic-bathtub-home-integrated-independent-small-household-0-9-1-5-meters-net-red-bathtub-tub\/"},"modified":"2025-04-06T07:40:48","modified_gmt":"2025-04-06T07:40:48","slug":"petite-baignoire-en-acrylique-profonde-integree-a-la-maison-independante-petite-baignoire-domestique-0-9-1-5-metres-net-baignoire-rouge","status":"publish","type":"product","link":"https:\/\/nexgendecors.com\/fr\/product\/petite-baignoire-en-acrylique-profonde-integree-a-la-maison-independante-petite-baignoire-domestique-0-9-1-5-metres-net-baignoire-rouge\/","title":{"rendered":"Baignoire compacte et \u00e9l\u00e9gante en acrylique pour spa \u00e0 domicile"},"content":{"rendered":"<ul>\n<li>\n<strong>marque<\/strong>:QUTEEN\/QUTEEN<\/li>\n<li>\n<strong>mod\u00e8le<\/strong>:QT-5223<\/li>\n<li>\n<strong>Mat\u00e9riel<\/strong>:Acrylique<\/li>\n<li>\n<strong>Origine<\/strong>:Chine continentale<\/li>\n<li>\n<strong>trier par couleur<\/strong>Baignoire de 0,9 m de profondeur sans si\u00e8ge, baignoire de 0,9 m de profondeur avec si\u00e8ge, baignoire de 0,9 m de profondeur + ensemble de cinq pi\u00e8ces, baignoire de 1 m de profondeur sans si\u00e8ge, baignoire de 1 m de profondeur avec si\u00e8ge, baignoire de 1 m de profondeur + ensemble de cinq pi\u00e8ces, baignoire de 1,1 m de profondeur sans si\u00e8ge, baignoire de 1,1 m de profondeur avec si\u00e8ge, baignoire de 1,1 m de profondeur + ensemble de cinq pi\u00e8ces, baignoire de 1,2 m de profondeur sans si\u00e8ge, baignoire de 1,2 m de profondeur avec si\u00e8ge, baignoire de 1,2 m de profondeur + ensemble de cinq pi\u00e8ces, baignoire de 1,3 m de profondeur sans si\u00e8ge, baignoire de 1,3 m de profondeur avec si\u00e8ge, baignoire de 1,3 m de profondeur + ensemble de cinq pi\u00e8ces, baignoire de 1,4 m de profondeur sans si\u00e8ge, baignoire de 1,4 m de profondeur avec si\u00e8ge, baignoire de 1,4 m de profondeur + ensemble de cinq pi\u00e8ces, baignoire de 1,5 m de profondeur sans si\u00e8ge, baignoire de 1,5 m de profondeur avec si\u00e8ge, baignoire de 1,5 m de profondeur + ensemble de cinq pi\u00e8ces, baignoire encastr\u00e9e, robinet sur pied, robinet mural<\/li>\n<li>\n<strong>Service en ville<\/strong>:Livraison porte-\u00e0-porte logistique intra-urbaine<\/li>\n<li>\n<strong>Est-ce qu&#039;il contient un robinet ?<\/strong>:Non inclus<\/li>\n<li>\n<strong>Y a-t-il des mains courantes ?<\/strong>:Non<\/li>\n<li>\n<strong>forme<\/strong>:D\u00e9tach\u00e9<\/li>\n<li>\n<strong><\/strong>:<\/li>\n<\/ul>\n<p><img><\/p>","protected":false},"excerpt":{"rendered":"<p>Marque : QUTEEN\/QUTEEN Mod\u00e8le : QT-5223 Mat\u00e9riau : Acrylique Origine : Chine continentale Trier par couleur : Baignoire de 0,9 m de profondeur sans si\u00e8ge, Baignoire de 0,9 m de profondeur avec si\u00e8ge, Baignoire de 0,9 m de profondeur + cinq pi\u00e8ces<\/p>","protected":false},"featured_media":19026,"comment_status":"open","ping_status":"closed","template":"","meta":[],"product_brand":[],"product_cat":[30971,869],"product_tag":[],"class_list":{"0":"post-17809","1":"product","2":"type-product","3":"status-publish","4":"has-post-thumbnail","6":"product_cat-hp","7":"product_cat-wholesale-bathtub","9":"first","10":"instock","11":"taxable","12":"shipping-taxable","13":"purchasable","14":"product-type-variable"},"_links":{"self":[{"href":"https:\/\/nexgendecors.com\/fr\/wp-json\/wp\/v2\/product\/17809","targetHints":{"allow":["GET"]}}],"collection":[{"href":"https:\/\/nexgendecors.com\/fr\/wp-json\/wp\/v2\/product"}],"about":[{"href":"https:\/\/nexgendecors.com\/fr\/wp-json\/wp\/v2\/types\/product"}],"replies":[{"embeddable":true,"href":"https:\/\/nexgendecors.com\/fr\/wp-json\/wp\/v2\/comments?post=17809"}],"version-history":[{"count":0,"href":"https:\/\/nexgendecors.com\/fr\/wp-json\/wp\/v2\/product\/17809\/revisions"}],"wp:featuredmedia":[{"embeddable":true,"href":"https:\/\/nexgendecors.com\/fr\/wp-json\/wp\/v2\/media\/19026"}],"wp:attachment":[{"href":"https:\/\/nexgendecors.com\/fr\/wp-json\/wp\/v2\/media?parent=17809"}],"wp:term":[{"taxonomy":"product_brand","embeddable":true,"href":"https:\/\/nexgendecors.com\/fr\/wp-json\/wp\/v2\/product_brand?post=17809"},{"taxonomy":"product_cat","embeddable":true,"href":"https:\/\/nexgendecors.com\/fr\/wp-json\/wp\/v2\/product_cat?post=17809"},{"taxonomy":"product_tag","embeddable":true,"href":"https:\/\/nexgendecors.com\/fr\/wp-json\/wp\/v2\/product_tag?post=17809"}],"curies":[{"name":"wp","href":"https:\/\/api.w.org\/{rel}","templated":true}]}}