{"id":178138,"date":"2025-02-27T01:51:13","date_gmt":"2025-02-27T01:51:13","guid":{"rendered":"https:\/\/nexgendecors.com\/en\/product\/wholesale-price-white-porcelain-plate-high-quality-ceramic-plate-custom-dinner-plate-bowl-dishes-wedding-dinnerware\/"},"modified":"2025-04-06T10:59:23","modified_gmt":"2025-04-06T10:59:23","slug":"wholesale-price-white-porcelain-plate-high-quality-ceramic-plate-custom-dinner-plate-bowl-dishes-wedding-dinnerware","status":"publish","type":"product","link":"https:\/\/nexgendecors.com\/fr\/product\/wholesale-price-white-porcelain-plate-high-quality-ceramic-plate-custom-dinner-plate-bowl-dishes-wedding-dinnerware\/","title":{"rendered":"Assiette en porcelaine blanche \u00e0 prix de gros, assiette en c\u00e9ramique de haute qualit\u00e9, assiette \u00e0 d\u00eener personnalis\u00e9e, bol, vaisselle de mariage"},"content":{"rendered":"<ul>\n<li><strong>Type de vaisselle : <\/strong> Dinnerware Sets<\/li>\n<li><strong>type de motif : <\/strong> Gold Inlay<\/li>\n<li><strong>number of users : <\/strong> 2<\/li>\n<li><strong>technique : <\/strong> Sur-\u00e9maill\u00e9<\/li>\n<li><strong>occasion : <\/strong> Mariage<\/li>\n<li><strong>style : <\/strong> Minimalist<\/li>\n<li><strong>mat\u00e9riel : <\/strong> c\u00e9ramique<\/li>\n<li><strong>type de c\u00e9ramique : <\/strong> Porcelain<\/li>\n<li><strong>fonctionnalit\u00e9 : <\/strong> Jetable, durable, stock\u00e9<\/li>\n<li><strong>lieu d&#039;origine : <\/strong> Guangdong, Chine<\/li>\n<li><strong>nom de marque : <\/strong> Cheval de bras<\/li>\n<li><strong>Nom du produit : <\/strong> Ceramic Porcelain Dinner Plate<\/li>\n<li><strong>Utilisation : <\/strong> Accueil H\u00f4tel Restaurant F\u00eate de mariage<\/li>\n<li><strong>Couleur : <\/strong> Couleur personnalis\u00e9e<\/li>\n<li><strong>Taper : <\/strong> Hotel Restaurant Dinnerware Set<\/li>\n<li><strong>Logo : <\/strong> Logo personnalis\u00e9 acceptable<\/li>\n<li><strong>Quantit\u00e9 minimale de commande : <\/strong> 100 pi\u00e8ces<\/li>\n<li><strong>Taille : <\/strong> Taille personnalis\u00e9e<\/li>\n<li><strong>Emballage : <\/strong> Customized Packing<\/li>\n<li><strong>Style : <\/strong> Fashionable<\/li>\n<li><strong>Conception : <\/strong> Customized Designs Unbreakable Dinner Set<\/li>\n<\/ul>","protected":false},"excerpt":{"rendered":"<p>Type de vaisselle : Services de table Type de motif : Incrustations d&#039;or Nombre d&#039;utilisateurs : 2 Technique : Sur \u00e9maill\u00e9 Occasion :<\/p>","protected":false},"featured_media":178137,"comment_status":"open","ping_status":"closed","template":"","meta":[],"product_brand":[],"product_cat":[30965],"product_tag":[],"class_list":{"0":"post-178138","1":"product","2":"type-product","3":"status-publish","4":"has-post-thumbnail","6":"product_cat-tablewares","8":"first","9":"instock","10":"taxable","11":"shipping-taxable","12":"purchasable","13":"product-type-variable"},"_links":{"self":[{"href":"https:\/\/nexgendecors.com\/fr\/wp-json\/wp\/v2\/product\/178138","targetHints":{"allow":["GET"]}}],"collection":[{"href":"https:\/\/nexgendecors.com\/fr\/wp-json\/wp\/v2\/product"}],"about":[{"href":"https:\/\/nexgendecors.com\/fr\/wp-json\/wp\/v2\/types\/product"}],"replies":[{"embeddable":true,"href":"https:\/\/nexgendecors.com\/fr\/wp-json\/wp\/v2\/comments?post=178138"}],"version-history":[{"count":0,"href":"https:\/\/nexgendecors.com\/fr\/wp-json\/wp\/v2\/product\/178138\/revisions"}],"wp:featuredmedia":[{"embeddable":true,"href":"https:\/\/nexgendecors.com\/fr\/wp-json\/wp\/v2\/media\/178137"}],"wp:attachment":[{"href":"https:\/\/nexgendecors.com\/fr\/wp-json\/wp\/v2\/media?parent=178138"}],"wp:term":[{"taxonomy":"product_brand","embeddable":true,"href":"https:\/\/nexgendecors.com\/fr\/wp-json\/wp\/v2\/product_brand?post=178138"},{"taxonomy":"product_cat","embeddable":true,"href":"https:\/\/nexgendecors.com\/fr\/wp-json\/wp\/v2\/product_cat?post=178138"},{"taxonomy":"product_tag","embeddable":true,"href":"https:\/\/nexgendecors.com\/fr\/wp-json\/wp\/v2\/product_tag?post=178138"}],"curies":[{"name":"wp","href":"https:\/\/api.w.org\/{rel}","templated":true}]}}