{"id":178153,"date":"2025-02-27T01:51:30","date_gmt":"2025-02-27T01:51:30","guid":{"rendered":"https:\/\/nexgendecors.com\/en\/product\/wholesale-3pcs-royal-hotel-luxury-design-round-ceramic-plate-set-premium-porcelain-dinnerware-for-restaurants\/"},"modified":"2025-04-06T10:59:33","modified_gmt":"2025-04-06T10:59:33","slug":"wholesale-3pcs-royal-hotel-luxury-design-round-ceramic-plate-set-premium-porcelain-dinnerware-for-restaurants","status":"publish","type":"product","link":"https:\/\/nexgendecors.com\/fr\/product\/wholesale-3pcs-royal-hotel-luxury-design-round-ceramic-plate-set-premium-porcelain-dinnerware-for-restaurants\/","title":{"rendered":"Vente en gros de 3 assiettes rondes en c\u00e9ramique de luxe Royal Hotel, vaisselle en porcelaine de qualit\u00e9 sup\u00e9rieure pour restaurants"},"content":{"rendered":"<ul>\n<li><strong>Type de vaisselle : <\/strong> Plats et assiettes<\/li>\n<li><strong>type de motif : <\/strong> Gold Inlay<\/li>\n<li><strong>type de plaque : <\/strong> Assiette Plat<\/li>\n<li><strong>forme : <\/strong> ROND<\/li>\n<li><strong>technique : <\/strong> Sur-\u00e9maill\u00e9<\/li>\n<li><strong>occasion : <\/strong> Not Avaliable<\/li>\n<li><strong>style : <\/strong> Luxe<\/li>\n<li><strong>quantit\u00e9 : <\/strong> 1<\/li>\n<li><strong>mat\u00e9riel : <\/strong> c\u00e9ramique<\/li>\n<li><strong>type de c\u00e9ramique : <\/strong> Porcelaine anglaise<\/li>\n<li><strong>fonctionnalit\u00e9 : <\/strong> Durable, stock\u00e9<\/li>\n<li><strong>lieu d&#039;origine : <\/strong> Guangdong, Chine<\/li>\n<li><strong>nom de marque : <\/strong> Cheval de bras<\/li>\n<li><strong>num\u00e9ro de mod\u00e8le : <\/strong> AMT-34<\/li>\n<li><strong>Type de mat\u00e9riau : <\/strong> C\u00e9ramique<\/li>\n<li><strong>Taille : <\/strong> Montr\u00e9 comme image<\/li>\n<li><strong>Couleur : <\/strong> Montr\u00e9 comme image<\/li>\n<li><strong>Utilisation : <\/strong> H\u00f4tel, restaurant, supermarch\u00e9, centre commercial, etc.<\/li>\n<li><strong>Logo : <\/strong> Logo personnalis\u00e9 acceptable<\/li>\n<li><strong>OEM\/ODM : <\/strong> Soutien<\/li>\n<li><strong>Dur\u00e9e de l&#039;\u00e9chantillon : <\/strong> 1 \u00e0 3 jours<\/li>\n<li><strong>Quantit\u00e9 minimale de commande : <\/strong> 100 pi\u00e8ces<\/li>\n<li><strong>Grade : <\/strong> Qualit\u00e9 alimentaire<\/li>\n<li><strong>Emballer : <\/strong> 1 pi\u00e8ce\/bo\u00eete ou personnalis\u00e9<\/li>\n<\/ul>","protected":false},"excerpt":{"rendered":"<p>Type de vaisselle : Plats et assiettes Type de motif : Incrustation d&#039;or Type d&#039;assiette : Assiette Forme du plat : Technique RONDE<\/p>","protected":false},"featured_media":178152,"comment_status":"open","ping_status":"closed","template":"","meta":[],"product_brand":[],"product_cat":[30965],"product_tag":[],"class_list":{"0":"post-178153","1":"product","2":"type-product","3":"status-publish","4":"has-post-thumbnail","6":"product_cat-tablewares","8":"first","9":"instock","10":"taxable","11":"shipping-taxable","12":"purchasable","13":"product-type-variable"},"_links":{"self":[{"href":"https:\/\/nexgendecors.com\/fr\/wp-json\/wp\/v2\/product\/178153","targetHints":{"allow":["GET"]}}],"collection":[{"href":"https:\/\/nexgendecors.com\/fr\/wp-json\/wp\/v2\/product"}],"about":[{"href":"https:\/\/nexgendecors.com\/fr\/wp-json\/wp\/v2\/types\/product"}],"replies":[{"embeddable":true,"href":"https:\/\/nexgendecors.com\/fr\/wp-json\/wp\/v2\/comments?post=178153"}],"version-history":[{"count":0,"href":"https:\/\/nexgendecors.com\/fr\/wp-json\/wp\/v2\/product\/178153\/revisions"}],"wp:featuredmedia":[{"embeddable":true,"href":"https:\/\/nexgendecors.com\/fr\/wp-json\/wp\/v2\/media\/178152"}],"wp:attachment":[{"href":"https:\/\/nexgendecors.com\/fr\/wp-json\/wp\/v2\/media?parent=178153"}],"wp:term":[{"taxonomy":"product_brand","embeddable":true,"href":"https:\/\/nexgendecors.com\/fr\/wp-json\/wp\/v2\/product_brand?post=178153"},{"taxonomy":"product_cat","embeddable":true,"href":"https:\/\/nexgendecors.com\/fr\/wp-json\/wp\/v2\/product_cat?post=178153"},{"taxonomy":"product_tag","embeddable":true,"href":"https:\/\/nexgendecors.com\/fr\/wp-json\/wp\/v2\/product_tag?post=178153"}],"curies":[{"name":"wp","href":"https:\/\/api.w.org\/{rel}","templated":true}]}}