{"id":178181,"date":"2025-02-27T01:52:00","date_gmt":"2025-02-27T01:52:00","guid":{"rendered":"https:\/\/nexgendecors.com\/en\/product\/wholesale-ceramic-bone-china-japanese-style-soy-sauce-dish-gold-rim-salad-dip-serving-bowls-dipping-dish-for-bbq-sushi\/"},"modified":"2025-02-27T01:52:21","modified_gmt":"2025-02-27T01:52:21","slug":"wholesale-ceramic-bone-china-japanese-style-soy-sauce-dish-gold-rim-salad-dip-serving-bowls-dipping-dish-for-bbq-sushi","status":"publish","type":"product","link":"https:\/\/nexgendecors.com\/fr\/product\/wholesale-ceramic-bone-china-japanese-style-soy-sauce-dish-gold-rim-salad-dip-serving-bowls-dipping-dish-for-bbq-sushi\/","title":{"rendered":"Plat \u00e0 sauce soja en c\u00e9ramique de style japonais, bord dor\u00e9, bols de service pour trempette \u00e0 salade, plat \u00e0 trempette pour barbecue, sushi"},"content":{"rendered":"<ul>\n<li><strong>Type de vaisselle : <\/strong> Plats et assiettes<\/li>\n<li><strong>type de motif : <\/strong> Gold Inlay<\/li>\n<li><strong>type de plaque : <\/strong> Assiette Plat<\/li>\n<li><strong>forme : <\/strong> Irregular<\/li>\n<li><strong>technique : <\/strong> Sur-\u00e9maill\u00e9<\/li>\n<li><strong>occasion : <\/strong> Mariage<\/li>\n<li><strong>style : <\/strong> Minimalist<\/li>\n<li><strong>quantit\u00e9 : <\/strong> 1<\/li>\n<li><strong>mat\u00e9riel : <\/strong> c\u00e9ramique<\/li>\n<li><strong>type de c\u00e9ramique : <\/strong> Porcelaine anglaise<\/li>\n<li><strong>fonctionnalit\u00e9 : <\/strong> Durable, stock\u00e9<\/li>\n<li><strong>lieu d&#039;origine : <\/strong> Guangdong, Chine<\/li>\n<li><strong>nom de marque : <\/strong> Cheval de bras<\/li>\n<li><strong>num\u00e9ro de mod\u00e8le : <\/strong> AMT-45-14<\/li>\n<li><strong>Nom du produit : <\/strong> bone china caviar spoon<\/li>\n<li><strong>Ceramic Grade : <\/strong> UN<\/li>\n<li><strong>Couleur : <\/strong> gold,white<\/li>\n<li><strong>Logo : <\/strong> Logo personnalis\u00e9 acceptable<\/li>\n<li><strong>Quantit\u00e9 minimale de commande : <\/strong> 50pcs<\/li>\n<li><strong>Utilisation : <\/strong> Hotel Restaurant,buffet ,catering,wedding<\/li>\n<li><strong>OEM : <\/strong> Support OEM ODM<\/li>\n<li><strong>Avantage : <\/strong> Professional Service<\/li>\n<li><strong>Conception : <\/strong> Accepter les conceptions personnalis\u00e9es<\/li>\n<li><strong>Application : <\/strong> Restaurant.Hotel.Wedding<\/li>\n<\/ul>","protected":false},"excerpt":{"rendered":"<p>Type de vaisselle : Plats et assiettes Type de motif : Incrustation d&#039;or Type d&#039;assiette : Assiette Forme du plat : Technique irr\u00e9guli\u00e8re<\/p>","protected":false},"featured_media":178180,"comment_status":"open","ping_status":"closed","template":"","meta":[],"product_brand":[],"product_cat":[30965],"product_tag":[],"class_list":{"0":"post-178181","1":"product","2":"type-product","3":"status-publish","4":"has-post-thumbnail","6":"product_cat-tablewares","8":"first","9":"instock","10":"taxable","11":"shipping-taxable","12":"purchasable","13":"product-type-variable"},"_links":{"self":[{"href":"https:\/\/nexgendecors.com\/fr\/wp-json\/wp\/v2\/product\/178181","targetHints":{"allow":["GET"]}}],"collection":[{"href":"https:\/\/nexgendecors.com\/fr\/wp-json\/wp\/v2\/product"}],"about":[{"href":"https:\/\/nexgendecors.com\/fr\/wp-json\/wp\/v2\/types\/product"}],"replies":[{"embeddable":true,"href":"https:\/\/nexgendecors.com\/fr\/wp-json\/wp\/v2\/comments?post=178181"}],"version-history":[{"count":0,"href":"https:\/\/nexgendecors.com\/fr\/wp-json\/wp\/v2\/product\/178181\/revisions"}],"wp:featuredmedia":[{"embeddable":true,"href":"https:\/\/nexgendecors.com\/fr\/wp-json\/wp\/v2\/media\/178180"}],"wp:attachment":[{"href":"https:\/\/nexgendecors.com\/fr\/wp-json\/wp\/v2\/media?parent=178181"}],"wp:term":[{"taxonomy":"product_brand","embeddable":true,"href":"https:\/\/nexgendecors.com\/fr\/wp-json\/wp\/v2\/product_brand?post=178181"},{"taxonomy":"product_cat","embeddable":true,"href":"https:\/\/nexgendecors.com\/fr\/wp-json\/wp\/v2\/product_cat?post=178181"},{"taxonomy":"product_tag","embeddable":true,"href":"https:\/\/nexgendecors.com\/fr\/wp-json\/wp\/v2\/product_tag?post=178181"}],"curies":[{"name":"wp","href":"https:\/\/api.w.org\/{rel}","templated":true}]}}