{"id":178271,"date":"2025-02-27T01:55:07","date_gmt":"2025-02-27T01:55:07","guid":{"rendered":"https:\/\/nexgendecors.com\/en\/product\/ceramic-supplier-bulk-custom-logo-minimalist-pure-white-gold-rim-bone-china-tea-coffee-cup-and-saucer-set-for-afternoon-tea\/"},"modified":"2025-04-06T11:00:20","modified_gmt":"2025-04-06T11:00:20","slug":"ceramic-supplier-bulk-custom-logo-minimalist-pure-white-gold-rim-bone-china-tea-coffee-cup-and-saucer-set-for-afternoon-tea","status":"publish","type":"product","link":"https:\/\/nexgendecors.com\/fr\/product\/ceramic-supplier-bulk-custom-logo-minimalist-pure-white-gold-rim-bone-china-tea-coffee-cup-and-saucer-set-for-afternoon-tea\/","title":{"rendered":"Fournisseur de c\u00e9ramique en vrac Logo personnalis\u00e9 minimaliste bord en or blanc pur ensemble de tasse \u00e0 caf\u00e9 et soucoupe en porcelaine anglaise pour le th\u00e9 de l&#039;apr\u00e8s-midi"},"content":{"rendered":"<ul>\n<li><strong>Drinkware Type : <\/strong> Cups &amp; Saucers<\/li>\n<li><strong>occasion : <\/strong> Cadeaux d&#039;affaires<\/li>\n<li><strong>style : <\/strong> Europe<\/li>\n<li><strong>mat\u00e9riel : <\/strong> c\u00e9ramique<\/li>\n<li><strong>type de c\u00e9ramique : <\/strong> Porcelaine anglaise<\/li>\n<li><strong>fonctionnalit\u00e9 : <\/strong> Stocked, Disposable<\/li>\n<li><strong>lieu d&#039;origine : <\/strong> Guangdong, Chine<\/li>\n<li><strong>nom de marque : <\/strong> Cheval de bras<\/li>\n<li><strong>num\u00e9ro de mod\u00e8le : <\/strong> AMT-45-11<\/li>\n<li><strong>volume : <\/strong> 220 ml<\/li>\n<li><strong>Nom du produit : <\/strong> bone china tea coffee cup set<\/li>\n<li><strong>Ceramic Grade : <\/strong> UN<\/li>\n<li><strong>Couleur : <\/strong> gold rim\/white<\/li>\n<li><strong>Logo : <\/strong> Logo personnalis\u00e9 acceptable<\/li>\n<li><strong>Quantit\u00e9 minimale de commande : <\/strong> 50pcs<\/li>\n<li><strong>Utilisation : <\/strong> Hotel Restaurant,buffet ,catering,wedding<\/li>\n<li><strong>Avantage : <\/strong> Professional Service<\/li>\n<li><strong>Conception : <\/strong> Accepter les conceptions personnalis\u00e9es<\/li>\n<li><strong>Application : <\/strong> Restaurant.Hotel.Wedding<\/li>\n<li><strong>Article : <\/strong> Tea Cups+Saucers<\/li>\n<\/ul>","protected":false},"excerpt":{"rendered":"<p>Type de verrerie : Tasses et soucoupes Occasion : Cadeaux d&#039;affaires Style : Europe Mat\u00e9riau : c\u00e9ramique Type de c\u00e9ramique : Os<\/p>","protected":false},"featured_media":178270,"comment_status":"open","ping_status":"closed","template":"","meta":[],"product_brand":[],"product_cat":[30965],"product_tag":[],"class_list":{"0":"post-178271","1":"product","2":"type-product","3":"status-publish","4":"has-post-thumbnail","6":"product_cat-tablewares","8":"first","9":"instock","10":"taxable","11":"shipping-taxable","12":"purchasable","13":"product-type-variable"},"_links":{"self":[{"href":"https:\/\/nexgendecors.com\/fr\/wp-json\/wp\/v2\/product\/178271","targetHints":{"allow":["GET"]}}],"collection":[{"href":"https:\/\/nexgendecors.com\/fr\/wp-json\/wp\/v2\/product"}],"about":[{"href":"https:\/\/nexgendecors.com\/fr\/wp-json\/wp\/v2\/types\/product"}],"replies":[{"embeddable":true,"href":"https:\/\/nexgendecors.com\/fr\/wp-json\/wp\/v2\/comments?post=178271"}],"version-history":[{"count":0,"href":"https:\/\/nexgendecors.com\/fr\/wp-json\/wp\/v2\/product\/178271\/revisions"}],"wp:featuredmedia":[{"embeddable":true,"href":"https:\/\/nexgendecors.com\/fr\/wp-json\/wp\/v2\/media\/178270"}],"wp:attachment":[{"href":"https:\/\/nexgendecors.com\/fr\/wp-json\/wp\/v2\/media?parent=178271"}],"wp:term":[{"taxonomy":"product_brand","embeddable":true,"href":"https:\/\/nexgendecors.com\/fr\/wp-json\/wp\/v2\/product_brand?post=178271"},{"taxonomy":"product_cat","embeddable":true,"href":"https:\/\/nexgendecors.com\/fr\/wp-json\/wp\/v2\/product_cat?post=178271"},{"taxonomy":"product_tag","embeddable":true,"href":"https:\/\/nexgendecors.com\/fr\/wp-json\/wp\/v2\/product_tag?post=178271"}],"curies":[{"name":"wp","href":"https:\/\/api.w.org\/{rel}","templated":true}]}}