{"id":178315,"date":"2025-02-27T01:55:54","date_gmt":"2025-02-27T01:55:54","guid":{"rendered":"https:\/\/nexgendecors.com\/en\/product\/customized-spot-white-porcelain-coffee-tea-set-cafe-espresso-british-tea-cup-and-saucer-set-bone-china-tea-set-luxury-classic\/"},"modified":"2025-02-27T01:56:54","modified_gmt":"2025-02-27T01:56:54","slug":"customized-spot-white-porcelain-coffee-tea-set-cafe-espresso-british-tea-cup-and-saucer-set-bone-china-tea-set-luxury-classic","status":"publish","type":"product","link":"https:\/\/nexgendecors.com\/fr\/product\/customized-spot-white-porcelain-coffee-tea-set-cafe-espresso-british-tea-cup-and-saucer-set-bone-china-tea-set-luxury-classic\/","title":{"rendered":"Service \u00e0 th\u00e9 et caf\u00e9 en porcelaine blanche personnalis\u00e9, ensemble tasse et soucoupe \u00e0 th\u00e9 britannique expresso, service \u00e0 th\u00e9 en porcelaine anglaise, luxe classique"},"content":{"rendered":"<ul>\n<li><strong>Drinkware Type : <\/strong> Cups &amp; Saucers<\/li>\n<li><strong>occasion : <\/strong> Cadeaux d&#039;affaires<\/li>\n<li><strong>style : <\/strong> Nordic<\/li>\n<li><strong>mat\u00e9riel : <\/strong> c\u00e9ramique<\/li>\n<li><strong>type de c\u00e9ramique : <\/strong> Porcelaine anglaise<\/li>\n<li><strong>fonctionnalit\u00e9 : <\/strong> Stocked, Disposable<\/li>\n<li><strong>lieu d&#039;origine : <\/strong> Guangdong, Chine<\/li>\n<li><strong>nom de marque : <\/strong> Cheval de bras<\/li>\n<li><strong>num\u00e9ro de mod\u00e8le : <\/strong> AMT-49<\/li>\n<li><strong>volume : <\/strong> As the picture shows<\/li>\n<li><strong>Nom du produit : <\/strong> Bone China Tea Cup and Saucer Set<\/li>\n<li><strong>Utilisation : <\/strong> Accueil H\u00f4tel Restaurant F\u00eate de mariage<\/li>\n<li><strong>Logo : <\/strong> Accept Customized Logo\/Design<\/li>\n<li><strong>Quantit\u00e9 minimale de commande : <\/strong> 96 Set<\/li>\n<li><strong>Style : <\/strong> High-end luxury<\/li>\n<li><strong>Volume : <\/strong> 6\/6.8\/7.4\/8\/9.5 Oz<\/li>\n<li><strong>Fonction : <\/strong> Coffee Tea Drinking<\/li>\n<li><strong>OEM\/ODM : <\/strong> Accepptable<\/li>\n<li><strong>Accepptable : <\/strong> Low MOQ Customizable<\/li>\n<li><strong>Emballage : <\/strong> Color Box<\/li>\n<\/ul>","protected":false},"excerpt":{"rendered":"<p>Type de verrerie : Tasses et soucoupes Occasion : Cadeaux d&#039;affaires Style : Nordique Mat\u00e9riau : C\u00e9ramique Type de c\u00e9ramique : Os<\/p>","protected":false},"featured_media":178314,"comment_status":"open","ping_status":"closed","template":"","meta":[],"product_brand":[],"product_cat":[30965],"product_tag":[],"class_list":{"0":"post-178315","1":"product","2":"type-product","3":"status-publish","4":"has-post-thumbnail","6":"product_cat-tablewares","8":"first","9":"instock","10":"taxable","11":"shipping-taxable","12":"purchasable","13":"product-type-variable"},"_links":{"self":[{"href":"https:\/\/nexgendecors.com\/fr\/wp-json\/wp\/v2\/product\/178315","targetHints":{"allow":["GET"]}}],"collection":[{"href":"https:\/\/nexgendecors.com\/fr\/wp-json\/wp\/v2\/product"}],"about":[{"href":"https:\/\/nexgendecors.com\/fr\/wp-json\/wp\/v2\/types\/product"}],"replies":[{"embeddable":true,"href":"https:\/\/nexgendecors.com\/fr\/wp-json\/wp\/v2\/comments?post=178315"}],"version-history":[{"count":0,"href":"https:\/\/nexgendecors.com\/fr\/wp-json\/wp\/v2\/product\/178315\/revisions"}],"wp:featuredmedia":[{"embeddable":true,"href":"https:\/\/nexgendecors.com\/fr\/wp-json\/wp\/v2\/media\/178314"}],"wp:attachment":[{"href":"https:\/\/nexgendecors.com\/fr\/wp-json\/wp\/v2\/media?parent=178315"}],"wp:term":[{"taxonomy":"product_brand","embeddable":true,"href":"https:\/\/nexgendecors.com\/fr\/wp-json\/wp\/v2\/product_brand?post=178315"},{"taxonomy":"product_cat","embeddable":true,"href":"https:\/\/nexgendecors.com\/fr\/wp-json\/wp\/v2\/product_cat?post=178315"},{"taxonomy":"product_tag","embeddable":true,"href":"https:\/\/nexgendecors.com\/fr\/wp-json\/wp\/v2\/product_tag?post=178315"}],"curies":[{"name":"wp","href":"https:\/\/api.w.org\/{rel}","templated":true}]}}