{"id":17834,"date":"2025-01-13T14:23:16","date_gmt":"2025-01-13T14:23:16","guid":{"rendered":"https:\/\/nexgendecors.com\/product\/japanese-style-free-installation-rectangular-acrylic-bathtub-small-size-independent-home-seamless-one-piece-small-bathtub\/"},"modified":"2025-04-06T07:40:53","modified_gmt":"2025-04-06T07:40:53","slug":"japanese-style-free-installation-rectangular-acrylic-bathtub-small-size-independent-home-seamless-one-piece-small-bathtub","status":"publish","type":"product","link":"https:\/\/nexgendecors.com\/fr\/product\/japanese-style-free-installation-rectangular-acrylic-bathtub-small-size-independent-home-seamless-one-piece-small-bathtub\/","title":{"rendered":"Baignoire compacte en acrylique sans joint \u2013 Design monobloc \u00e9l\u00e9gant"},"content":{"rendered":"<ul>\n<li>\n<strong>marque<\/strong>:autre\/autre<\/li>\n<li>\n<strong>mod\u00e8le<\/strong>:kt011<\/li>\n<li>\n<strong>forme<\/strong>:D\u00e9tach\u00e9<\/li>\n<li>\n<strong>Origine<\/strong>:Chine continentale<\/li>\n<li>\n<strong>province<\/strong>:Henan Province<\/li>\n<li>\n<strong>ville<\/strong>:Zhengzhou City<\/li>\n<li>\n<strong>Est-ce qu&#039;il contient un robinet ?<\/strong>:Contains<\/li>\n<li>\n<strong>longueur<\/strong>:1m,1.1m,1.2m,1.3m,1.4m,1.5m,1.6m,1.7m<\/li>\n<li>\n<strong>Mat\u00e9riel<\/strong>:Acrylique<\/li>\n<li>\n<strong>Y a-t-il des mains courantes ?<\/strong>:Non<\/li>\n<li>\n<strong>capacit\u00e9<\/strong>:240L<\/li>\n<li>\n<strong>Service en ville<\/strong>:Livraison porte-\u00e0-porte logistique intra-urbaine<\/li>\n<li>\n<strong>trier par couleur<\/strong>:Independent bathtub (with stool), Independent bathtub + silver five-piece set (with stool), Independent bathtub + black five-piece set (with stool), Independent bathtub (without stool), Independent bathtub + silver five-piece set (without stool), Independent bathtub + black five-piece set (without stool), confirm that the entrance size must be 60cm wide<\/li>\n<li>\n<strong><\/strong>:<\/li>\n<\/ul>\n<p><img><\/p>","protected":false},"excerpt":{"rendered":"<p>Marque : autre\/autre Mod\u00e8le : kt011 Forme : D\u00e9tach\u00e9 Origine : Chine continentale Province : Province du Henan Ville : Ville de Zhengzhou Contient-il un robinet ? : Contient Longueur : 1 m, 1,1 m, 1,2 m, 1,3 m, 1,4 m, 1,5 m, 1,6 m, 1,7 m Mat\u00e9riau : Acrylique Y a-t-il des mains courantes ? : Non Capacit\u00e9 : 240 L<\/p>","protected":false},"featured_media":19037,"comment_status":"open","ping_status":"closed","template":"","meta":[],"product_brand":[],"product_cat":[30971,869],"product_tag":[],"class_list":{"0":"post-17834","1":"product","2":"type-product","3":"status-publish","4":"has-post-thumbnail","6":"product_cat-hp","7":"product_cat-wholesale-bathtub","9":"first","10":"instock","11":"taxable","12":"shipping-taxable","13":"purchasable","14":"product-type-variable"},"_links":{"self":[{"href":"https:\/\/nexgendecors.com\/fr\/wp-json\/wp\/v2\/product\/17834","targetHints":{"allow":["GET"]}}],"collection":[{"href":"https:\/\/nexgendecors.com\/fr\/wp-json\/wp\/v2\/product"}],"about":[{"href":"https:\/\/nexgendecors.com\/fr\/wp-json\/wp\/v2\/types\/product"}],"replies":[{"embeddable":true,"href":"https:\/\/nexgendecors.com\/fr\/wp-json\/wp\/v2\/comments?post=17834"}],"version-history":[{"count":0,"href":"https:\/\/nexgendecors.com\/fr\/wp-json\/wp\/v2\/product\/17834\/revisions"}],"wp:featuredmedia":[{"embeddable":true,"href":"https:\/\/nexgendecors.com\/fr\/wp-json\/wp\/v2\/media\/19037"}],"wp:attachment":[{"href":"https:\/\/nexgendecors.com\/fr\/wp-json\/wp\/v2\/media?parent=17834"}],"wp:term":[{"taxonomy":"product_brand","embeddable":true,"href":"https:\/\/nexgendecors.com\/fr\/wp-json\/wp\/v2\/product_brand?post=17834"},{"taxonomy":"product_cat","embeddable":true,"href":"https:\/\/nexgendecors.com\/fr\/wp-json\/wp\/v2\/product_cat?post=17834"},{"taxonomy":"product_tag","embeddable":true,"href":"https:\/\/nexgendecors.com\/fr\/wp-json\/wp\/v2\/product_tag?post=17834"}],"curies":[{"name":"wp","href":"https:\/\/api.w.org\/{rel}","templated":true}]}}