{"id":178356,"date":"2025-02-27T01:56:24","date_gmt":"2025-02-27T01:56:24","guid":{"rendered":"https:\/\/nexgendecors.com\/en\/product\/customized-logo-pattern-high-end-cafe-cappuccino-coffee-cup-set-with-gold-rim-cups-and-saucer-ceramic\/"},"modified":"2025-04-06T11:00:58","modified_gmt":"2025-04-06T11:00:58","slug":"customized-logo-pattern-high-end-cafe-cappuccino-coffee-cup-set-with-gold-rim-cups-and-saucer-ceramic","status":"publish","type":"product","link":"https:\/\/nexgendecors.com\/fr\/product\/customized-logo-pattern-high-end-cafe-cappuccino-coffee-cup-set-with-gold-rim-cups-and-saucer-ceramic\/","title":{"rendered":"Ensemble de tasses \u00e0 caf\u00e9 cappuccino haut de gamme avec logo personnalis\u00e9, avec bord dor\u00e9 et soucoupe en c\u00e9ramique"},"content":{"rendered":"<ul>\n<li><strong>Drinkware Type : <\/strong> Cups &amp; Saucers<\/li>\n<li><strong>occasion : <\/strong> Cadeaux d&#039;affaires<\/li>\n<li><strong>style : <\/strong> style am\u00e9ricain<\/li>\n<li><strong>mat\u00e9riel : <\/strong> c\u00e9ramique<\/li>\n<li><strong>type de c\u00e9ramique : <\/strong> Porcelain<\/li>\n<li><strong>fonctionnalit\u00e9 : <\/strong> Stocked, Disposable<\/li>\n<li><strong>lieu d&#039;origine : <\/strong> Guangdong, Chine<\/li>\n<li><strong>nom de marque : <\/strong> Cheval de bras<\/li>\n<li><strong>num\u00e9ro de mod\u00e8le : <\/strong> AM-44<\/li>\n<li><strong>volume : <\/strong> 350ml<\/li>\n<li><strong>Nom du produit : <\/strong> Electroplating coffee mug<\/li>\n<li><strong>Volume : <\/strong> 350ml<\/li>\n<li><strong>item : <\/strong> coffee &amp; tea sets<\/li>\n<li><strong>Logo : <\/strong> Logo personnalis\u00e9 acceptable<\/li>\n<li><strong>Utilisation : <\/strong> Accueil H\u00f4tel Restaurant<\/li>\n<li><strong>Taper : <\/strong> Drinkware<\/li>\n<li><strong>Application : <\/strong> Restaurant Coffee<\/li>\n<li><strong>Forme : <\/strong> Round shape<\/li>\n<li><strong>Quantit\u00e9 minimale de commande : <\/strong> 24 Sets<\/li>\n<li><strong>Emballage : <\/strong> Gift Box Packing\/Normal packing<\/li>\n<\/ul>","protected":false},"excerpt":{"rendered":"<p>Type de verrerie : Tasses et soucoupes Occasion : Cadeaux d&#039;affaires Style : Style am\u00e9ricain Mat\u00e9riau : C\u00e9ramique Type de c\u00e9ramique :<\/p>","protected":false},"featured_media":178354,"comment_status":"open","ping_status":"closed","template":"","meta":[],"product_brand":[],"product_cat":[30965],"product_tag":[],"class_list":{"0":"post-178356","1":"product","2":"type-product","3":"status-publish","4":"has-post-thumbnail","6":"product_cat-tablewares","8":"first","9":"instock","10":"taxable","11":"shipping-taxable","12":"purchasable","13":"product-type-variable"},"_links":{"self":[{"href":"https:\/\/nexgendecors.com\/fr\/wp-json\/wp\/v2\/product\/178356","targetHints":{"allow":["GET"]}}],"collection":[{"href":"https:\/\/nexgendecors.com\/fr\/wp-json\/wp\/v2\/product"}],"about":[{"href":"https:\/\/nexgendecors.com\/fr\/wp-json\/wp\/v2\/types\/product"}],"replies":[{"embeddable":true,"href":"https:\/\/nexgendecors.com\/fr\/wp-json\/wp\/v2\/comments?post=178356"}],"version-history":[{"count":0,"href":"https:\/\/nexgendecors.com\/fr\/wp-json\/wp\/v2\/product\/178356\/revisions"}],"wp:featuredmedia":[{"embeddable":true,"href":"https:\/\/nexgendecors.com\/fr\/wp-json\/wp\/v2\/media\/178354"}],"wp:attachment":[{"href":"https:\/\/nexgendecors.com\/fr\/wp-json\/wp\/v2\/media?parent=178356"}],"wp:term":[{"taxonomy":"product_brand","embeddable":true,"href":"https:\/\/nexgendecors.com\/fr\/wp-json\/wp\/v2\/product_brand?post=178356"},{"taxonomy":"product_cat","embeddable":true,"href":"https:\/\/nexgendecors.com\/fr\/wp-json\/wp\/v2\/product_cat?post=178356"},{"taxonomy":"product_tag","embeddable":true,"href":"https:\/\/nexgendecors.com\/fr\/wp-json\/wp\/v2\/product_tag?post=178356"}],"curies":[{"name":"wp","href":"https:\/\/api.w.org\/{rel}","templated":true}]}}