{"id":178414,"date":"2025-02-27T02:01:46","date_gmt":"2025-02-27T02:01:46","guid":{"rendered":"https:\/\/nexgendecors.com\/en\/product\/bulk-plated-eco-friendly-stainless-steel-gold-multi-color-korean-spoons-customizable-engraved-lolg-cafe-giveaways\/"},"modified":"2025-02-27T02:02:28","modified_gmt":"2025-02-27T02:02:28","slug":"bulk-plated-eco-friendly-stainless-steel-gold-multi-color-korean-spoons-customizable-engraved-lolg-cafe-giveaways","status":"publish","type":"product","link":"https:\/\/nexgendecors.com\/fr\/product\/bulk-plated-eco-friendly-stainless-steel-gold-multi-color-korean-spoons-customizable-engraved-lolg-cafe-giveaways\/","title":{"rendered":"Cuill\u00e8res cor\u00e9ennes multicolores en acier inoxydable plaqu\u00e9 or, respectueuses de l&#039;environnement, personnalisables et grav\u00e9es, cadeaux Lolg Cafe"},"content":{"rendered":"<ul>\n<li><strong>occasion : <\/strong> Cadeaux<\/li>\n<li><strong>style : <\/strong> Korea<\/li>\n<li><strong>production : <\/strong> Coffee Spoon<\/li>\n<li><strong>mat\u00e9riel : <\/strong> m\u00e9tal<\/li>\n<li><strong>type de m\u00e9tal : <\/strong> Acier inoxydable<\/li>\n<li><strong>fonctionnalit\u00e9 : <\/strong> Durable, stock\u00e9<\/li>\n<li><strong>lieu d&#039;origine : <\/strong> Guangdong, Chine<\/li>\n<li><strong>nom de marque : <\/strong> Cheval de bras<\/li>\n<li><strong>num\u00e9ro de mod\u00e8le : <\/strong> AMT-5<\/li>\n<li><strong>Article : <\/strong> stainless steel Korea spoon<\/li>\n<li><strong>Mat\u00e9riel : <\/strong> 18\/0 stainless steel<\/li>\n<li><strong>Surface polish : <\/strong> high mirror polish<\/li>\n<li><strong>Couleur : <\/strong> silver Gold rose Gold black color<\/li>\n<li><strong>S\u00e9curit\u00e9 : <\/strong> Korean spoon<\/li>\n<li><strong>Application : <\/strong> hotel,restaurant,cafe,home use,etc.<\/li>\n<li><strong>Technologie : <\/strong> stamping\/forging<\/li>\n<li><strong>Grade : <\/strong> top level<\/li>\n<li><strong>Logo : <\/strong> embossing, laser,engraving<\/li>\n<li><strong>Style : <\/strong> simplicity<\/li>\n<\/ul>","protected":false},"excerpt":{"rendered":"<p>occasion : Cadeaux style : Cor\u00e9e production : Cuill\u00e8re \u00e0 caf\u00e9 mat\u00e9riau : m\u00e9tal type de m\u00e9tal : Acier inoxydable caract\u00e9ristique :<\/p>","protected":false},"featured_media":178413,"comment_status":"open","ping_status":"closed","template":"","meta":[],"product_brand":[],"product_cat":[30965],"product_tag":[],"class_list":{"0":"post-178414","1":"product","2":"type-product","3":"status-publish","4":"has-post-thumbnail","6":"product_cat-tablewares","8":"first","9":"instock","10":"taxable","11":"shipping-taxable","12":"purchasable","13":"product-type-variable"},"_links":{"self":[{"href":"https:\/\/nexgendecors.com\/fr\/wp-json\/wp\/v2\/product\/178414","targetHints":{"allow":["GET"]}}],"collection":[{"href":"https:\/\/nexgendecors.com\/fr\/wp-json\/wp\/v2\/product"}],"about":[{"href":"https:\/\/nexgendecors.com\/fr\/wp-json\/wp\/v2\/types\/product"}],"replies":[{"embeddable":true,"href":"https:\/\/nexgendecors.com\/fr\/wp-json\/wp\/v2\/comments?post=178414"}],"version-history":[{"count":0,"href":"https:\/\/nexgendecors.com\/fr\/wp-json\/wp\/v2\/product\/178414\/revisions"}],"wp:featuredmedia":[{"embeddable":true,"href":"https:\/\/nexgendecors.com\/fr\/wp-json\/wp\/v2\/media\/178413"}],"wp:attachment":[{"href":"https:\/\/nexgendecors.com\/fr\/wp-json\/wp\/v2\/media?parent=178414"}],"wp:term":[{"taxonomy":"product_brand","embeddable":true,"href":"https:\/\/nexgendecors.com\/fr\/wp-json\/wp\/v2\/product_brand?post=178414"},{"taxonomy":"product_cat","embeddable":true,"href":"https:\/\/nexgendecors.com\/fr\/wp-json\/wp\/v2\/product_cat?post=178414"},{"taxonomy":"product_tag","embeddable":true,"href":"https:\/\/nexgendecors.com\/fr\/wp-json\/wp\/v2\/product_tag?post=178414"}],"curies":[{"name":"wp","href":"https:\/\/api.w.org\/{rel}","templated":true}]}}