{"id":178444,"date":"2025-02-27T02:02:22","date_gmt":"2025-02-27T02:02:22","guid":{"rendered":"https:\/\/nexgendecors.com\/en\/product\/restaurant-silver-flatware-set-dinner-spoons-forks-and-knife-stainless-steel-luxury-cutlery\/"},"modified":"2025-04-06T11:01:27","modified_gmt":"2025-04-06T11:01:27","slug":"restaurant-silver-flatware-set-dinner-spoons-forks-and-knife-stainless-steel-luxury-cutlery","status":"publish","type":"product","link":"https:\/\/nexgendecors.com\/fr\/product\/restaurant-silver-flatware-set-dinner-spoons-forks-and-knife-stainless-steel-luxury-cutlery\/","title":{"rendered":"Service de couverts de restaurant en argent, cuill\u00e8res, fourchettes et couteaux, couverts de luxe en acier inoxydable"},"content":{"rendered":"<ul>\n<li><strong>occasion : <\/strong> Not Avaliable<\/li>\n<li><strong>style : <\/strong> simpleness<\/li>\n<li><strong>production : <\/strong> Dinner Spoon<\/li>\n<li><strong>mat\u00e9riel : <\/strong> m\u00e9tal<\/li>\n<li><strong>type de m\u00e9tal : <\/strong> Acier inoxydable<\/li>\n<li><strong>fonctionnalit\u00e9 : <\/strong> Durable, stock\u00e9<\/li>\n<li><strong>lieu d&#039;origine : <\/strong> Guangdong, Chine<\/li>\n<li><strong>nom de marque : <\/strong> Cheval de bras<\/li>\n<li><strong>num\u00e9ro de mod\u00e8le : <\/strong> AM-014-B081<\/li>\n<li><strong>Utilisation : <\/strong> Hotel,Restaurant,Travel,Camping,Wedding Souvenirs<\/li>\n<li><strong>Couleur : <\/strong> Sliver<\/li>\n<li><strong>Polonais : <\/strong> Mirror<\/li>\n<li><strong>Taper : <\/strong> Tableware,Flatware Set,Cutlery Set,Dinnerware Set<\/li>\n<li><strong>Items : <\/strong> Knife Spoon and Fork<\/li>\n<li><strong>Quantit\u00e9 minimale de commande : <\/strong> 100<\/li>\n<li><strong>Mat\u00e9riel : <\/strong> Acier inoxydable<\/li>\n<li><strong>Logo : <\/strong> Mbossing, Laser,Engraving<\/li>\n<li><strong>Fonctionnalit\u00e9 : <\/strong> Eco-Friendly, Stocked<\/li>\n<li><strong>Style : <\/strong> concise<\/li>\n<li><strong>Type de couverts : <\/strong> SPOONS<\/li>\n<\/ul>","protected":false},"excerpt":{"rendered":"<p>occasion : Non disponible style : simplicit\u00e9 production : Cuill\u00e8re \u00e0 d\u00eener mat\u00e9riau : m\u00e9tal type de m\u00e9tal : Acier inoxydable caract\u00e9ristique<\/p>","protected":false},"featured_media":178443,"comment_status":"open","ping_status":"closed","template":"","meta":[],"product_brand":[],"product_cat":[30965],"product_tag":[],"class_list":{"0":"post-178444","1":"product","2":"type-product","3":"status-publish","4":"has-post-thumbnail","6":"product_cat-tablewares","8":"first","9":"instock","10":"taxable","11":"shipping-taxable","12":"purchasable","13":"product-type-variable"},"_links":{"self":[{"href":"https:\/\/nexgendecors.com\/fr\/wp-json\/wp\/v2\/product\/178444","targetHints":{"allow":["GET"]}}],"collection":[{"href":"https:\/\/nexgendecors.com\/fr\/wp-json\/wp\/v2\/product"}],"about":[{"href":"https:\/\/nexgendecors.com\/fr\/wp-json\/wp\/v2\/types\/product"}],"replies":[{"embeddable":true,"href":"https:\/\/nexgendecors.com\/fr\/wp-json\/wp\/v2\/comments?post=178444"}],"version-history":[{"count":0,"href":"https:\/\/nexgendecors.com\/fr\/wp-json\/wp\/v2\/product\/178444\/revisions"}],"wp:featuredmedia":[{"embeddable":true,"href":"https:\/\/nexgendecors.com\/fr\/wp-json\/wp\/v2\/media\/178443"}],"wp:attachment":[{"href":"https:\/\/nexgendecors.com\/fr\/wp-json\/wp\/v2\/media?parent=178444"}],"wp:term":[{"taxonomy":"product_brand","embeddable":true,"href":"https:\/\/nexgendecors.com\/fr\/wp-json\/wp\/v2\/product_brand?post=178444"},{"taxonomy":"product_cat","embeddable":true,"href":"https:\/\/nexgendecors.com\/fr\/wp-json\/wp\/v2\/product_cat?post=178444"},{"taxonomy":"product_tag","embeddable":true,"href":"https:\/\/nexgendecors.com\/fr\/wp-json\/wp\/v2\/product_tag?post=178444"}],"curies":[{"name":"wp","href":"https:\/\/api.w.org\/{rel}","templated":true}]}}