{"id":178459,"date":"2025-02-27T02:02:36","date_gmt":"2025-02-27T02:02:36","guid":{"rendered":"https:\/\/nexgendecors.com\/en\/product\/luxury-matte-black-knife-spoon-fork-set-18-10-stainless-steel-flatware-gold-cutlery-dishwasher-safe-wholesale-cheap\/"},"modified":"2025-04-06T11:01:37","modified_gmt":"2025-04-06T11:01:37","slug":"luxury-matte-black-knife-spoon-fork-set-18-10-stainless-steel-flatware-gold-cutlery-dishwasher-safe-wholesale-cheap","status":"publish","type":"product","link":"https:\/\/nexgendecors.com\/fr\/product\/luxury-matte-black-knife-spoon-fork-set-18-10-stainless-steel-flatware-gold-cutlery-dishwasher-safe-wholesale-cheap\/","title":{"rendered":"Ensemble de couverts de luxe noir mat, cuill\u00e8re, fourchette, couverts en acier inoxydable 18\/10, couverts dor\u00e9s, lavables au lave-vaisselle, vente en gros, bon march\u00e9"},"content":{"rendered":"<ul>\n<li><strong>occasion : <\/strong> Faire la f\u00eate<\/li>\n<li><strong>style : <\/strong> Minimalist<\/li>\n<li><strong>Type de couverts : <\/strong> Ensembles de couverts<\/li>\n<li><strong>mat\u00e9riel : <\/strong> m\u00e9tal<\/li>\n<li><strong>type de m\u00e9tal : <\/strong> Acier inoxydable<\/li>\n<li><strong>fonctionnalit\u00e9 : <\/strong> Durable, stock\u00e9<\/li>\n<li><strong>lieu d&#039;origine : <\/strong> Guangdong, Chine<\/li>\n<li><strong>nom de marque : <\/strong> Cheval de bras<\/li>\n<li><strong>num\u00e9ro de mod\u00e8le : <\/strong> AM-097-1005<\/li>\n<li><strong>Mat\u00e9riel : <\/strong> 18\/0 stainless steel<\/li>\n<li><strong>Couleur : <\/strong> argent<\/li>\n<li><strong>S\u00e9curit\u00e9 : <\/strong> dishwasher safe<\/li>\n<li><strong>Application : <\/strong> hotel,restaurant,cafe,home use,etc.<\/li>\n<li><strong>Technologie : <\/strong> stamping\/forging<\/li>\n<li><strong>Grade : <\/strong> top level<\/li>\n<li><strong>Logo : <\/strong> embossing, laser,engraving<\/li>\n<li><strong>Style : <\/strong> simplicity<\/li>\n<li><strong>Nom du produit : <\/strong> Stainless Steel Cutlery Set<\/li>\n<li><strong>Utilisation : <\/strong> Hotel Restaurant Home Wedding Gift<\/li>\n<\/ul>","protected":false},"excerpt":{"rendered":"<p>occasion : F\u00eate style : Minimaliste Type de couverts : Ensembles de couverts mat\u00e9riau : m\u00e9tal type de m\u00e9tal : Acier inoxydable caract\u00e9ristique<\/p>","protected":false},"featured_media":178458,"comment_status":"open","ping_status":"closed","template":"","meta":[],"product_brand":[],"product_cat":[30965],"product_tag":[],"class_list":{"0":"post-178459","1":"product","2":"type-product","3":"status-publish","4":"has-post-thumbnail","6":"product_cat-tablewares","8":"first","9":"instock","10":"taxable","11":"shipping-taxable","12":"purchasable","13":"product-type-variable"},"_links":{"self":[{"href":"https:\/\/nexgendecors.com\/fr\/wp-json\/wp\/v2\/product\/178459","targetHints":{"allow":["GET"]}}],"collection":[{"href":"https:\/\/nexgendecors.com\/fr\/wp-json\/wp\/v2\/product"}],"about":[{"href":"https:\/\/nexgendecors.com\/fr\/wp-json\/wp\/v2\/types\/product"}],"replies":[{"embeddable":true,"href":"https:\/\/nexgendecors.com\/fr\/wp-json\/wp\/v2\/comments?post=178459"}],"version-history":[{"count":0,"href":"https:\/\/nexgendecors.com\/fr\/wp-json\/wp\/v2\/product\/178459\/revisions"}],"wp:featuredmedia":[{"embeddable":true,"href":"https:\/\/nexgendecors.com\/fr\/wp-json\/wp\/v2\/media\/178458"}],"wp:attachment":[{"href":"https:\/\/nexgendecors.com\/fr\/wp-json\/wp\/v2\/media?parent=178459"}],"wp:term":[{"taxonomy":"product_brand","embeddable":true,"href":"https:\/\/nexgendecors.com\/fr\/wp-json\/wp\/v2\/product_brand?post=178459"},{"taxonomy":"product_cat","embeddable":true,"href":"https:\/\/nexgendecors.com\/fr\/wp-json\/wp\/v2\/product_cat?post=178459"},{"taxonomy":"product_tag","embeddable":true,"href":"https:\/\/nexgendecors.com\/fr\/wp-json\/wp\/v2\/product_tag?post=178459"}],"curies":[{"name":"wp","href":"https:\/\/api.w.org\/{rel}","templated":true}]}}