{"id":178511,"date":"2025-02-27T02:03:12","date_gmt":"2025-02-27T02:03:12","guid":{"rendered":"https:\/\/nexgendecors.com\/en\/product\/silverware-cutlery-set-4pcs-stainless-steel-18-10-dinnerware-knife-fork-spoon-mirror-polished-restaurant-tableware-flatware\/"},"modified":"2025-02-27T02:03:54","modified_gmt":"2025-02-27T02:03:54","slug":"silverware-cutlery-set-4pcs-stainless-steel-18-10-dinnerware-knife-fork-spoon-mirror-polished-restaurant-tableware-flatware","status":"publish","type":"product","link":"https:\/\/nexgendecors.com\/fr\/product\/silverware-cutlery-set-4pcs-stainless-steel-18-10-dinnerware-knife-fork-spoon-mirror-polished-restaurant-tableware-flatware\/","title":{"rendered":"Ensemble de couverts en argenterie 4 pi\u00e8ces en acier inoxydable 18\/10, couteau, fourchette, cuill\u00e8re, poli miroir, vaisselle de restaurant"},"content":{"rendered":"<ul>\n<li><strong>occasion : <\/strong> Mariage<\/li>\n<li><strong>style : <\/strong> CLASSIQUE<\/li>\n<li><strong>Type de couverts : <\/strong> Ensembles de couverts<\/li>\n<li><strong>mat\u00e9riel : <\/strong> m\u00e9tal<\/li>\n<li><strong>type de m\u00e9tal : <\/strong> stainless steel 18\/10<\/li>\n<li><strong>fonctionnalit\u00e9 : <\/strong> Durable, stock\u00e9<\/li>\n<li><strong>lieu d&#039;origine : <\/strong> Guangdong, Chine<\/li>\n<li><strong>nom de marque : <\/strong> Cheval de bras<\/li>\n<li><strong>num\u00e9ro de mod\u00e8le : <\/strong> AM-014-B081<\/li>\n<li><strong>Couleur : <\/strong> Mirror Silver<\/li>\n<li><strong>Nom du produit : <\/strong> Stainless Steel Cutlery Set<\/li>\n<li><strong>Utilisation : <\/strong> Hotel Restaurant Home<\/li>\n<li><strong>Advantaged : <\/strong> Qualit\u00e9 alimentaire<\/li>\n<li><strong>Logo : <\/strong> Logo personnalis\u00e9<\/li>\n<li><strong>Style : <\/strong> Luxury Dinnerware Set<\/li>\n<li><strong>Polonais : <\/strong> High Mirror Polish<\/li>\n<li><strong>Quantit\u00e9 minimale de commande : <\/strong> 100Set<\/li>\n<li><strong>Mot-cl\u00e9 : <\/strong> Flatware Cutlery<\/li>\n<li><strong>\u00c9chantillon : <\/strong> Availbale<\/li>\n<\/ul>","protected":false},"excerpt":{"rendered":"<p>occasion : Mariage style : CLASSIQUE Type de couverts : Ensembles de couverts mat\u00e9riau : m\u00e9tal type de m\u00e9tal : acier inoxydable 18\/10<\/p>","protected":false},"featured_media":178509,"comment_status":"open","ping_status":"closed","template":"","meta":[],"product_brand":[],"product_cat":[30965],"product_tag":[],"class_list":{"0":"post-178511","1":"product","2":"type-product","3":"status-publish","4":"has-post-thumbnail","6":"product_cat-tablewares","8":"first","9":"instock","10":"taxable","11":"shipping-taxable","12":"purchasable","13":"product-type-variable"},"_links":{"self":[{"href":"https:\/\/nexgendecors.com\/fr\/wp-json\/wp\/v2\/product\/178511","targetHints":{"allow":["GET"]}}],"collection":[{"href":"https:\/\/nexgendecors.com\/fr\/wp-json\/wp\/v2\/product"}],"about":[{"href":"https:\/\/nexgendecors.com\/fr\/wp-json\/wp\/v2\/types\/product"}],"replies":[{"embeddable":true,"href":"https:\/\/nexgendecors.com\/fr\/wp-json\/wp\/v2\/comments?post=178511"}],"version-history":[{"count":0,"href":"https:\/\/nexgendecors.com\/fr\/wp-json\/wp\/v2\/product\/178511\/revisions"}],"wp:featuredmedia":[{"embeddable":true,"href":"https:\/\/nexgendecors.com\/fr\/wp-json\/wp\/v2\/media\/178509"}],"wp:attachment":[{"href":"https:\/\/nexgendecors.com\/fr\/wp-json\/wp\/v2\/media?parent=178511"}],"wp:term":[{"taxonomy":"product_brand","embeddable":true,"href":"https:\/\/nexgendecors.com\/fr\/wp-json\/wp\/v2\/product_brand?post=178511"},{"taxonomy":"product_cat","embeddable":true,"href":"https:\/\/nexgendecors.com\/fr\/wp-json\/wp\/v2\/product_cat?post=178511"},{"taxonomy":"product_tag","embeddable":true,"href":"https:\/\/nexgendecors.com\/fr\/wp-json\/wp\/v2\/product_tag?post=178511"}],"curies":[{"name":"wp","href":"https:\/\/api.w.org\/{rel}","templated":true}]}}