{"id":178573,"date":"2025-02-27T02:04:15","date_gmt":"2025-02-27T02:04:15","guid":{"rendered":"https:\/\/nexgendecors.com\/en\/product\/hot-sale-elegant-flatware-set-unique-design-white-handle-matte-stainless-steel-cutlery-china-factory-direct-for-home-hotel-use\/"},"modified":"2025-02-27T02:05:02","modified_gmt":"2025-02-27T02:05:02","slug":"hot-sale-elegant-flatware-set-unique-design-white-handle-matte-stainless-steel-cutlery-china-factory-direct-for-home-hotel-use","status":"publish","type":"product","link":"https:\/\/nexgendecors.com\/fr\/product\/hot-sale-elegant-flatware-set-unique-design-white-handle-matte-stainless-steel-cutlery-china-factory-direct-for-home-hotel-use\/","title":{"rendered":"Ensemble de couverts \u00e9l\u00e9gants en acier inoxydable mat, design unique, poign\u00e9e blanche, vente directe d&#039;usine en Chine, pour usage domestique et h\u00f4telier"},"content":{"rendered":"<ul>\n<li><strong>occasion : <\/strong> Mariage<\/li>\n<li><strong>style : <\/strong> Minimalist<\/li>\n<li><strong>Type de couverts : <\/strong> Ensembles de couverts<\/li>\n<li><strong>mat\u00e9riel : <\/strong> m\u00e9tal<\/li>\n<li><strong>type de m\u00e9tal : <\/strong> Acier inoxydable<\/li>\n<li><strong>fonctionnalit\u00e9 : <\/strong> Durable, stock\u00e9<\/li>\n<li><strong>lieu d&#039;origine : <\/strong> Guangdong, Chine<\/li>\n<li><strong>nom de marque : <\/strong> Cheval de bras<\/li>\n<li><strong>num\u00e9ro de mod\u00e8le : <\/strong> AM-106<\/li>\n<li><strong>Article : <\/strong> Elegant Flatware Set Cutlery<\/li>\n<li><strong>Mat\u00e9riel : <\/strong> 18\/10 or 18\/0 stainless steel<\/li>\n<li><strong>Couleur : <\/strong> silver, gold, rose gold, black, gold+white, gold + black<\/li>\n<li><strong>S\u00e9curit\u00e9 : <\/strong> dishwasher safe<\/li>\n<li><strong>Application : <\/strong> hotel,restaurant,cafe,home use,etc.<\/li>\n<li><strong>Technologie : <\/strong> stamping\/forging<\/li>\n<li><strong>Grade : <\/strong> top level<\/li>\n<li><strong>Logo : <\/strong> embossing, laser,engraving<\/li>\n<li><strong>Style : <\/strong> simplicity<\/li>\n<\/ul>","protected":false},"excerpt":{"rendered":"<p>occasion : mariage style : minimaliste type de couverts : ensembles de couverts mat\u00e9riau : m\u00e9tal type de m\u00e9tal : acier inoxydable caract\u00e9ristique<\/p>","protected":false},"featured_media":178572,"comment_status":"open","ping_status":"closed","template":"","meta":[],"product_brand":[],"product_cat":[30965],"product_tag":[],"class_list":{"0":"post-178573","1":"product","2":"type-product","3":"status-publish","4":"has-post-thumbnail","6":"product_cat-tablewares","8":"first","9":"instock","10":"taxable","11":"shipping-taxable","12":"purchasable","13":"product-type-variable"},"_links":{"self":[{"href":"https:\/\/nexgendecors.com\/fr\/wp-json\/wp\/v2\/product\/178573","targetHints":{"allow":["GET"]}}],"collection":[{"href":"https:\/\/nexgendecors.com\/fr\/wp-json\/wp\/v2\/product"}],"about":[{"href":"https:\/\/nexgendecors.com\/fr\/wp-json\/wp\/v2\/types\/product"}],"replies":[{"embeddable":true,"href":"https:\/\/nexgendecors.com\/fr\/wp-json\/wp\/v2\/comments?post=178573"}],"version-history":[{"count":0,"href":"https:\/\/nexgendecors.com\/fr\/wp-json\/wp\/v2\/product\/178573\/revisions"}],"wp:featuredmedia":[{"embeddable":true,"href":"https:\/\/nexgendecors.com\/fr\/wp-json\/wp\/v2\/media\/178572"}],"wp:attachment":[{"href":"https:\/\/nexgendecors.com\/fr\/wp-json\/wp\/v2\/media?parent=178573"}],"wp:term":[{"taxonomy":"product_brand","embeddable":true,"href":"https:\/\/nexgendecors.com\/fr\/wp-json\/wp\/v2\/product_brand?post=178573"},{"taxonomy":"product_cat","embeddable":true,"href":"https:\/\/nexgendecors.com\/fr\/wp-json\/wp\/v2\/product_cat?post=178573"},{"taxonomy":"product_tag","embeddable":true,"href":"https:\/\/nexgendecors.com\/fr\/wp-json\/wp\/v2\/product_tag?post=178573"}],"curies":[{"name":"wp","href":"https:\/\/api.w.org\/{rel}","templated":true}]}}