{"id":178590,"date":"2025-02-27T02:04:30","date_gmt":"2025-02-27T02:04:30","guid":{"rendered":"https:\/\/nexgendecors.com\/en\/product\/best-selling-18-10-stainless-steel-brass-copper-handle-dessert-spoons-and-forks-wedding-flatware-sets-rose-gold-cutlery-utensil\/"},"modified":"2025-04-06T11:02:07","modified_gmt":"2025-04-06T11:02:07","slug":"ensemble-de-couverts-de-mariage-en-acier-inoxydable-18-10-cuilleres-a-dessert-et-fourchettes-a-manche-en-laiton-et-cuivre-or-rose","status":"publish","type":"product","link":"https:\/\/nexgendecors.com\/fr\/product\/ensemble-de-couverts-de-mariage-en-acier-inoxydable-18-10-cuilleres-a-dessert-et-fourchettes-a-manche-en-laiton-et-cuivre-or-rose\/","title":{"rendered":"Meilleures ventes de cuill\u00e8res \u00e0 dessert et fourchettes en acier inoxydable 18\/10 avec manche en laiton et cuivre, ensembles de couverts de mariage, couverts en or rose"},"content":{"rendered":"<ul>\n<li><strong>occasion : <\/strong> Retour \u00e0 l&#039;\u00e9cole<\/li>\n<li><strong>style : <\/strong> Minimalist<\/li>\n<li><strong>Type de couverts : <\/strong> Ensembles de couverts<\/li>\n<li><strong>mat\u00e9riel : <\/strong> m\u00e9tal<\/li>\n<li><strong>type de m\u00e9tal : <\/strong> Acier inoxydable<\/li>\n<li><strong>fonctionnalit\u00e9 : <\/strong> Durable, stock\u00e9<\/li>\n<li><strong>lieu d&#039;origine : <\/strong> Guangdong, Chine<\/li>\n<li><strong>nom de marque : <\/strong> Cheval de bras<\/li>\n<li><strong>num\u00e9ro de mod\u00e8le : <\/strong> AM-096<\/li>\n<li><strong>Utilisation : <\/strong> Maison, h\u00f4tel, restaurant, etc.<\/li>\n<li><strong>Technologie : <\/strong> Poli miroir de haute qualit\u00e9 et poli mat<\/li>\n<li><strong>Taper : <\/strong> A97<\/li>\n<li><strong>Couleur : <\/strong> Or<\/li>\n<li><strong>Avance : <\/strong> Vente directe d&#039;usine<\/li>\n<li><strong>Caract\u00e9ristique : <\/strong> Suspension confortable et nettoyage facile<\/li>\n<li><strong>Sant\u00e9 : <\/strong> Lavable au lave-vaisselle<\/li>\n<li><strong>OEM : <\/strong> Bienvenue OEM<\/li>\n<li><strong>\u00c9chantillon : <\/strong> D&#039;ACCORD<\/li>\n<li><strong>Certification : <\/strong> CE \/ UE, CIQ, CEE, LFGB<\/li>\n<\/ul>","protected":false},"excerpt":{"rendered":"<p>occasion : Retour \u00e0 l&#039;\u00e9cole style : Minimaliste Type de couverts : Ensembles de couverts mat\u00e9riau : m\u00e9tal type de m\u00e9tal : Inoxydable<\/p>","protected":false},"featured_media":178589,"comment_status":"open","ping_status":"closed","template":"","meta":[],"product_brand":[],"product_cat":[30965],"product_tag":[],"class_list":{"0":"post-178590","1":"product","2":"type-product","3":"status-publish","4":"has-post-thumbnail","6":"product_cat-tablewares","8":"first","9":"instock","10":"taxable","11":"shipping-taxable","12":"purchasable","13":"product-type-variable"},"_links":{"self":[{"href":"https:\/\/nexgendecors.com\/fr\/wp-json\/wp\/v2\/product\/178590","targetHints":{"allow":["GET"]}}],"collection":[{"href":"https:\/\/nexgendecors.com\/fr\/wp-json\/wp\/v2\/product"}],"about":[{"href":"https:\/\/nexgendecors.com\/fr\/wp-json\/wp\/v2\/types\/product"}],"replies":[{"embeddable":true,"href":"https:\/\/nexgendecors.com\/fr\/wp-json\/wp\/v2\/comments?post=178590"}],"version-history":[{"count":0,"href":"https:\/\/nexgendecors.com\/fr\/wp-json\/wp\/v2\/product\/178590\/revisions"}],"wp:featuredmedia":[{"embeddable":true,"href":"https:\/\/nexgendecors.com\/fr\/wp-json\/wp\/v2\/media\/178589"}],"wp:attachment":[{"href":"https:\/\/nexgendecors.com\/fr\/wp-json\/wp\/v2\/media?parent=178590"}],"wp:term":[{"taxonomy":"product_brand","embeddable":true,"href":"https:\/\/nexgendecors.com\/fr\/wp-json\/wp\/v2\/product_brand?post=178590"},{"taxonomy":"product_cat","embeddable":true,"href":"https:\/\/nexgendecors.com\/fr\/wp-json\/wp\/v2\/product_cat?post=178590"},{"taxonomy":"product_tag","embeddable":true,"href":"https:\/\/nexgendecors.com\/fr\/wp-json\/wp\/v2\/product_tag?post=178590"}],"curies":[{"name":"wp","href":"https:\/\/api.w.org\/{rel}","templated":true}]}}