{"id":178641,"date":"2025-02-27T02:05:02","date_gmt":"2025-02-27T02:05:02","guid":{"rendered":"https:\/\/nexgendecors.com\/en\/product\/ready-to-ship-golden-24-pcs-cutlery-set-stainless-steel-cutlery-set\/"},"modified":"2025-04-06T11:02:17","modified_gmt":"2025-04-06T11:02:17","slug":"ready-to-ship-golden-24-pcs-cutlery-set-stainless-steel-cutlery-set","status":"publish","type":"product","link":"https:\/\/nexgendecors.com\/fr\/product\/ready-to-ship-golden-24-pcs-cutlery-set-stainless-steel-cutlery-set\/","title":{"rendered":"Ensemble de couverts dor\u00e9s 24 pi\u00e8ces en acier inoxydable, pr\u00eat \u00e0 \u00eatre exp\u00e9di\u00e9"},"content":{"rendered":"<ul>\n<li><strong>occasion : <\/strong> Retour \u00e0 l&#039;\u00e9cole<\/li>\n<li><strong>style : <\/strong> Minimalist, modern<\/li>\n<li><strong>Type de couverts : <\/strong> Ensembles de couverts<\/li>\n<li><strong>mat\u00e9riel : <\/strong> m\u00e9tal<\/li>\n<li><strong>type de m\u00e9tal : <\/strong> Acier inoxydable<\/li>\n<li><strong>fonctionnalit\u00e9 : <\/strong> Durable, stock\u00e9<\/li>\n<li><strong>lieu d&#039;origine : <\/strong> Guangdong, Chine<\/li>\n<li><strong>nom de marque : <\/strong> Cheval de bras<\/li>\n<li><strong>num\u00e9ro de mod\u00e8le : <\/strong> AM-117-B922<\/li>\n<li><strong>Utilisation : <\/strong> camping  travel promotion gift etc<\/li>\n<li><strong>Technologie : <\/strong> mirror polish<\/li>\n<li><strong>Taper : <\/strong> AML-2<\/li>\n<li><strong>Avance : <\/strong> Vente directe d&#039;usine<\/li>\n<li><strong>Caract\u00e9ristique : <\/strong> Suspension confortable et nettoyage facile<\/li>\n<li><strong>Sant\u00e9 : <\/strong> Lavable au lave-vaisselle<\/li>\n<li><strong>OEM : <\/strong> Bienvenue OEM<\/li>\n<li><strong>\u00c9chantillon : <\/strong> D&#039;ACCORD<\/li>\n<li><strong>Certification : <\/strong> Dishwasher safety<\/li>\n<\/ul>","protected":false},"excerpt":{"rendered":"<p>occasion : Retour \u00e0 l&#039;\u00e9cole style : Minimaliste, moderne Type de couverts : Ensembles de couverts mat\u00e9riau : m\u00e9tal type de m\u00e9tal :<\/p>","protected":false},"featured_media":178640,"comment_status":"open","ping_status":"closed","template":"","meta":[],"product_brand":[],"product_cat":[30965],"product_tag":[],"class_list":{"0":"post-178641","1":"product","2":"type-product","3":"status-publish","4":"has-post-thumbnail","6":"product_cat-tablewares","8":"first","9":"instock","10":"taxable","11":"shipping-taxable","12":"purchasable","13":"product-type-variable"},"_links":{"self":[{"href":"https:\/\/nexgendecors.com\/fr\/wp-json\/wp\/v2\/product\/178641","targetHints":{"allow":["GET"]}}],"collection":[{"href":"https:\/\/nexgendecors.com\/fr\/wp-json\/wp\/v2\/product"}],"about":[{"href":"https:\/\/nexgendecors.com\/fr\/wp-json\/wp\/v2\/types\/product"}],"replies":[{"embeddable":true,"href":"https:\/\/nexgendecors.com\/fr\/wp-json\/wp\/v2\/comments?post=178641"}],"version-history":[{"count":0,"href":"https:\/\/nexgendecors.com\/fr\/wp-json\/wp\/v2\/product\/178641\/revisions"}],"wp:featuredmedia":[{"embeddable":true,"href":"https:\/\/nexgendecors.com\/fr\/wp-json\/wp\/v2\/media\/178640"}],"wp:attachment":[{"href":"https:\/\/nexgendecors.com\/fr\/wp-json\/wp\/v2\/media?parent=178641"}],"wp:term":[{"taxonomy":"product_brand","embeddable":true,"href":"https:\/\/nexgendecors.com\/fr\/wp-json\/wp\/v2\/product_brand?post=178641"},{"taxonomy":"product_cat","embeddable":true,"href":"https:\/\/nexgendecors.com\/fr\/wp-json\/wp\/v2\/product_cat?post=178641"},{"taxonomy":"product_tag","embeddable":true,"href":"https:\/\/nexgendecors.com\/fr\/wp-json\/wp\/v2\/product_tag?post=178641"}],"curies":[{"name":"wp","href":"https:\/\/api.w.org\/{rel}","templated":true}]}}