{"id":178664,"date":"2025-02-27T02:05:19","date_gmt":"2025-02-27T02:05:19","guid":{"rendered":"https:\/\/nexgendecors.com\/en\/product\/customizable-wedding-hotel-restaurant-gold-matte-mirror-stainless-steel-flatware-set-dishwasher-safe-cutlery-for-party\/"},"modified":"2025-04-06T11:02:27","modified_gmt":"2025-04-06T11:02:27","slug":"couverts-personnalisables-en-acier-inoxydable-miroir-dore-mat-pour-mariage-hotel-restaurant-allant-au-lave-vaisselle-pour-fete","status":"publish","type":"product","link":"https:\/\/nexgendecors.com\/fr\/product\/couverts-personnalisables-en-acier-inoxydable-miroir-dore-mat-pour-mariage-hotel-restaurant-allant-au-lave-vaisselle-pour-fete\/","title":{"rendered":"Couverts personnalisables en acier inoxydable avec miroir dor\u00e9 mat, lavables au lave-vaisselle, pour mariage, h\u00f4tel, restaurant, f\u00eate"},"content":{"rendered":"<ul>\n<li><strong>occasion : <\/strong> Mariage<\/li>\n<li><strong>style : <\/strong> Luxe moderne<\/li>\n<li><strong>Type de couverts : <\/strong> Ensembles de couverts<\/li>\n<li><strong>mat\u00e9riel : <\/strong> m\u00e9tal<\/li>\n<li><strong>type de m\u00e9tal : <\/strong> Acier inoxydable<\/li>\n<li><strong>fonctionnalit\u00e9 : <\/strong> Durable, stock\u00e9<\/li>\n<li><strong>lieu d&#039;origine : <\/strong> Guangdong, Chine<\/li>\n<li><strong>nom de marque : <\/strong> Cheval de bras<\/li>\n<li><strong>num\u00e9ro de mod\u00e8le : <\/strong> AM-042<\/li>\n<li><strong>Polonais : <\/strong> Poli miroir haut de gamme<\/li>\n<li><strong>Couleur : <\/strong> Or<\/li>\n<li><strong>Sant\u00e9 : <\/strong> Lavable au lave-vaisselle<\/li>\n<li><strong>Application : <\/strong> Accueil\/Restaurant\/H\u00f4tel<\/li>\n<li><strong>Emballage : <\/strong> Sac en plastique + carton<\/li>\n<li><strong>Style : <\/strong> Moderne<\/li>\n<li><strong>Quantit\u00e9 minimale de commande : <\/strong> 100 pi\u00e8ces<\/li>\n<li><strong>Nom : <\/strong> ensembles de vaisselle en or, couverts en argenterie pour h\u00f4tel restaurant<\/li>\n<li><strong>Certification : <\/strong> S\u00e9curit\u00e9 du lave-vaisselle Reach<\/li>\n<\/ul>","protected":false},"excerpt":{"rendered":"<p>occasion : mariage style : couverts de luxe modernes type : ensembles de couverts mat\u00e9riau : m\u00e9tal type de m\u00e9tal : acier inoxydable<\/p>","protected":false},"featured_media":178663,"comment_status":"open","ping_status":"closed","template":"","meta":[],"product_brand":[],"product_cat":[30965],"product_tag":[],"class_list":{"0":"post-178664","1":"product","2":"type-product","3":"status-publish","4":"has-post-thumbnail","6":"product_cat-tablewares","8":"first","9":"instock","10":"taxable","11":"shipping-taxable","12":"purchasable","13":"product-type-variable"},"_links":{"self":[{"href":"https:\/\/nexgendecors.com\/fr\/wp-json\/wp\/v2\/product\/178664","targetHints":{"allow":["GET"]}}],"collection":[{"href":"https:\/\/nexgendecors.com\/fr\/wp-json\/wp\/v2\/product"}],"about":[{"href":"https:\/\/nexgendecors.com\/fr\/wp-json\/wp\/v2\/types\/product"}],"replies":[{"embeddable":true,"href":"https:\/\/nexgendecors.com\/fr\/wp-json\/wp\/v2\/comments?post=178664"}],"version-history":[{"count":0,"href":"https:\/\/nexgendecors.com\/fr\/wp-json\/wp\/v2\/product\/178664\/revisions"}],"wp:featuredmedia":[{"embeddable":true,"href":"https:\/\/nexgendecors.com\/fr\/wp-json\/wp\/v2\/media\/178663"}],"wp:attachment":[{"href":"https:\/\/nexgendecors.com\/fr\/wp-json\/wp\/v2\/media?parent=178664"}],"wp:term":[{"taxonomy":"product_brand","embeddable":true,"href":"https:\/\/nexgendecors.com\/fr\/wp-json\/wp\/v2\/product_brand?post=178664"},{"taxonomy":"product_cat","embeddable":true,"href":"https:\/\/nexgendecors.com\/fr\/wp-json\/wp\/v2\/product_cat?post=178664"},{"taxonomy":"product_tag","embeddable":true,"href":"https:\/\/nexgendecors.com\/fr\/wp-json\/wp\/v2\/product_tag?post=178664"}],"curies":[{"name":"wp","href":"https:\/\/api.w.org\/{rel}","templated":true}]}}