{"id":178768,"date":"2025-02-27T03:03:14","date_gmt":"2025-02-27T03:03:14","guid":{"rendered":"https:\/\/nexgendecors.com\/en\/product\/wholesale-custom-logo-promotion-porcelain-mug-sublimation-blank-unique-luxury-christmas-tea-cup-mugs-11oz-ceramic-mugs\/"},"modified":"2025-04-06T11:03:09","modified_gmt":"2025-04-06T11:03:09","slug":"wholesale-custom-logo-promotion-porcelain-mug-sublimation-blank-unique-luxury-christmas-tea-cup-mugs-11oz-ceramic-mugs","status":"publish","type":"product","link":"https:\/\/nexgendecors.com\/fr\/product\/wholesale-custom-logo-promotion-porcelain-mug-sublimation-blank-unique-luxury-christmas-tea-cup-mugs-11oz-ceramic-mugs\/","title":{"rendered":"Wholesale Custom Logo Promotion Porcelain Mug Sublimation Blank Unique Luxury Christmas Tea Cup Mugs 11oz Ceramic Mugs"},"content":{"rendered":"<ul>\n<li><strong>type de verrerie : <\/strong> TASSES<\/li>\n<li><strong>accessoires : <\/strong> Avec aucun<\/li>\n<li><strong>taper : <\/strong> Tasses \u00e0 caf\u00e9<\/li>\n<li><strong>occasion : <\/strong> Cadeaux d&#039;affaires<\/li>\n<li><strong>style : <\/strong> Pays<\/li>\n<li><strong>mat\u00e9riel : <\/strong> c\u00e9ramique<\/li>\n<li><strong>type de c\u00e9ramique : <\/strong> Porcelain<\/li>\n<li><strong>fonctionnalit\u00e9 : <\/strong> Durable, stock\u00e9<\/li>\n<li><strong>lieu d&#039;origine : <\/strong> Henan, Chine<\/li>\n<li><strong>nom de marque : <\/strong> Tresun<\/li>\n<li><strong>num\u00e9ro de mod\u00e8le : <\/strong> TRM0431<\/li>\n<li><strong>Application : <\/strong> home, Hotel, office, Wedding, Party<\/li>\n<li><strong>Mat\u00e9riel : <\/strong> ceramic drinkware<\/li>\n<li><strong>Volume : <\/strong> 15 11oz<\/li>\n<li><strong>Nom du produit : <\/strong> straight ceramic glaze mug with lid and spoon<\/li>\n<li><strong>Couleur : <\/strong> White blue red yellow black<\/li>\n<li><strong>Article : <\/strong> printed personalized mug<\/li>\n<li><strong>Cachet arri\u00e8re : <\/strong> mugs customizable<\/li>\n<li><strong>Utilisation : <\/strong> Loi sur la maison, l&#039;h\u00f4tel et le restaurant.<\/li>\n<li><strong>Appliquer la foule : <\/strong> nordic black blue green color glazed mug<\/li>\n<li><strong>S\u00e9curit\u00e9 : <\/strong> Compatible micro-ondes et lave-vaisselle<\/li>\n<li><strong>name : <\/strong> christmas mug<\/li>\n<\/ul>","protected":false},"excerpt":{"rendered":"<p>Type de verrerie : TASSES Accessoires : Sans Type : Tasses \u00e0 caf\u00e9 Occasion : Cadeaux d&#039;affaires Style : Pays Mat\u00e9riau<\/p>","protected":false},"featured_media":178767,"comment_status":"open","ping_status":"closed","template":"","meta":[],"product_brand":[],"product_cat":[30965],"product_tag":[],"class_list":{"0":"post-178768","1":"product","2":"type-product","3":"status-publish","4":"has-post-thumbnail","6":"product_cat-tablewares","8":"first","9":"instock","10":"taxable","11":"shipping-taxable","12":"purchasable","13":"product-type-variable"},"_links":{"self":[{"href":"https:\/\/nexgendecors.com\/fr\/wp-json\/wp\/v2\/product\/178768","targetHints":{"allow":["GET"]}}],"collection":[{"href":"https:\/\/nexgendecors.com\/fr\/wp-json\/wp\/v2\/product"}],"about":[{"href":"https:\/\/nexgendecors.com\/fr\/wp-json\/wp\/v2\/types\/product"}],"replies":[{"embeddable":true,"href":"https:\/\/nexgendecors.com\/fr\/wp-json\/wp\/v2\/comments?post=178768"}],"version-history":[{"count":0,"href":"https:\/\/nexgendecors.com\/fr\/wp-json\/wp\/v2\/product\/178768\/revisions"}],"wp:featuredmedia":[{"embeddable":true,"href":"https:\/\/nexgendecors.com\/fr\/wp-json\/wp\/v2\/media\/178767"}],"wp:attachment":[{"href":"https:\/\/nexgendecors.com\/fr\/wp-json\/wp\/v2\/media?parent=178768"}],"wp:term":[{"taxonomy":"product_brand","embeddable":true,"href":"https:\/\/nexgendecors.com\/fr\/wp-json\/wp\/v2\/product_brand?post=178768"},{"taxonomy":"product_cat","embeddable":true,"href":"https:\/\/nexgendecors.com\/fr\/wp-json\/wp\/v2\/product_cat?post=178768"},{"taxonomy":"product_tag","embeddable":true,"href":"https:\/\/nexgendecors.com\/fr\/wp-json\/wp\/v2\/product_tag?post=178768"}],"curies":[{"name":"wp","href":"https:\/\/api.w.org\/{rel}","templated":true}]}}