{"id":178848,"date":"2025-02-27T03:04:11","date_gmt":"2025-02-27T03:04:11","guid":{"rendered":"https:\/\/nexgendecors.com\/en\/product\/print-unique-style-tazas-customizable-custom-logo-modern-microwave-dishwasher-safe-gift-fat-round-handle-ceramic-tea-mug-cup\/"},"modified":"2025-04-06T11:03:40","modified_gmt":"2025-04-06T11:03:40","slug":"print-unique-style-tazas-customizable-custom-logo-modern-microwave-dishwasher-safe-gift-fat-round-handle-ceramic-tea-mug-cup","status":"publish","type":"product","link":"https:\/\/nexgendecors.com\/fr\/product\/print-unique-style-tazas-customizable-custom-logo-modern-microwave-dishwasher-safe-gift-fat-round-handle-ceramic-tea-mug-cup\/","title":{"rendered":"Tasse \u00e0 th\u00e9 en c\u00e9ramique \u00e0 poign\u00e9e ronde avec logo personnalis\u00e9 et style unique, personnalisable, moderne, compatible micro-ondes, lave-vaisselle"},"content":{"rendered":"<ul>\n<li><strong>type de verrerie : <\/strong> TASSES<\/li>\n<li><strong>accessoires : <\/strong> Avec aucun<\/li>\n<li><strong>taper : <\/strong> Tasses \u00e0 caf\u00e9<\/li>\n<li><strong>occasion : <\/strong> Cadeaux d&#039;affaires<\/li>\n<li><strong>style : <\/strong> Pays<\/li>\n<li><strong>mat\u00e9riel : <\/strong> c\u00e9ramique<\/li>\n<li><strong>type de c\u00e9ramique : <\/strong> GR\u00c8S<\/li>\n<li><strong>fonctionnalit\u00e9 : <\/strong> Durable, stock\u00e9<\/li>\n<li><strong>lieu d&#039;origine : <\/strong> Henan, Chine<\/li>\n<li><strong>nom de marque : <\/strong> Tresun<\/li>\n<li><strong>num\u00e9ro de mod\u00e8le : <\/strong> TRM0431<\/li>\n<li><strong>Mat\u00e9riel : <\/strong> C\u00e9ramique en gr\u00e8s<\/li>\n<li><strong>Volume : <\/strong> 11 onces<\/li>\n<li><strong>Forme : <\/strong> droit<\/li>\n<li><strong>Couleur : <\/strong> Blanc bleu rouge jaune<\/li>\n<li><strong>Style : <\/strong> Vitrage couleur avec d\u00e9calcomanie<\/li>\n<li><strong>Cachet arri\u00e8re : <\/strong> Disponible<\/li>\n<li><strong>Utilisation : <\/strong> Loi sur la maison, l&#039;h\u00f4tel et le restaurant.<\/li>\n<li><strong>Appliquer la foule : <\/strong> Tous<\/li>\n<li><strong>S\u00e9curit\u00e9 : <\/strong> Compatible micro-ondes et lave-vaisselle<\/li>\n<li><strong>Prix : <\/strong> N\u00e9gociable<\/li>\n<li><strong>Nombre de pi\u00e8ces : <\/strong> 1<\/li>\n<\/ul>","protected":false},"excerpt":{"rendered":"<p>Type de verrerie : TASSES Accessoires : Sans Type : Tasses \u00e0 caf\u00e9 Occasion : Cadeaux d&#039;affaires Style : Pays Mat\u00e9riau<\/p>","protected":false},"featured_media":178847,"comment_status":"open","ping_status":"closed","template":"","meta":[],"product_brand":[],"product_cat":[30965],"product_tag":[],"class_list":{"0":"post-178848","1":"product","2":"type-product","3":"status-publish","4":"has-post-thumbnail","6":"product_cat-tablewares","8":"first","9":"instock","10":"taxable","11":"shipping-taxable","12":"purchasable","13":"product-type-variable"},"_links":{"self":[{"href":"https:\/\/nexgendecors.com\/fr\/wp-json\/wp\/v2\/product\/178848","targetHints":{"allow":["GET"]}}],"collection":[{"href":"https:\/\/nexgendecors.com\/fr\/wp-json\/wp\/v2\/product"}],"about":[{"href":"https:\/\/nexgendecors.com\/fr\/wp-json\/wp\/v2\/types\/product"}],"replies":[{"embeddable":true,"href":"https:\/\/nexgendecors.com\/fr\/wp-json\/wp\/v2\/comments?post=178848"}],"version-history":[{"count":0,"href":"https:\/\/nexgendecors.com\/fr\/wp-json\/wp\/v2\/product\/178848\/revisions"}],"wp:featuredmedia":[{"embeddable":true,"href":"https:\/\/nexgendecors.com\/fr\/wp-json\/wp\/v2\/media\/178847"}],"wp:attachment":[{"href":"https:\/\/nexgendecors.com\/fr\/wp-json\/wp\/v2\/media?parent=178848"}],"wp:term":[{"taxonomy":"product_brand","embeddable":true,"href":"https:\/\/nexgendecors.com\/fr\/wp-json\/wp\/v2\/product_brand?post=178848"},{"taxonomy":"product_cat","embeddable":true,"href":"https:\/\/nexgendecors.com\/fr\/wp-json\/wp\/v2\/product_cat?post=178848"},{"taxonomy":"product_tag","embeddable":true,"href":"https:\/\/nexgendecors.com\/fr\/wp-json\/wp\/v2\/product_tag?post=178848"}],"curies":[{"name":"wp","href":"https:\/\/api.w.org\/{rel}","templated":true}]}}