{"id":17891,"date":"2025-01-13T14:23:19","date_gmt":"2025-01-13T14:23:19","guid":{"rendered":"https:\/\/nexgendecors.com\/product\/acrylic-surfing-bathtub-small-size-adult-bathtub-constant-temperature-insulation-net-celebrity-independent-massage-home-bathtub\/"},"modified":"2025-04-06T07:40:57","modified_gmt":"2025-04-06T07:40:57","slug":"acrylic-surfing-bathtub-small-size-adult-bathtub-constant-temperature-insulation-net-celebrity-independent-massage-home-bathtub","status":"publish","type":"product","link":"https:\/\/nexgendecors.com\/fr\/product\/acrylic-surfing-bathtub-small-size-adult-bathtub-constant-temperature-insulation-net-celebrity-independent-massage-home-bathtub\/","title":{"rendered":"Baignoire de massage \u00e9l\u00e9gante et isol\u00e9e en acrylique"},"content":{"rendered":"<ul>\n<li>\n<strong>marque<\/strong>:Bridgewater<\/li>\n<li>\n<strong>mod\u00e8le<\/strong>:828<\/li>\n<li>\n<strong>Mat\u00e9riel<\/strong>:Acrylique<\/li>\n<li>\n<strong>trier par couleur<\/strong>:Empty tank configuration (left group), five-piece bathtub (left group), surfing five-piece bathtub (left group), luxury constant temperature surfing five-piece bathtub (left group), empty tank configuration (right group), five-piece bathtub (right group), surfing five-piece bathtub (right group), luxury constant temperature surfing five-piece bathtub (right group), black five-piece set note price change plus 100<\/li>\n<li>\n<strong>Service en ville<\/strong>:Livraison porte-\u00e0-porte logistique intra-urbaine<\/li>\n<li>\n<strong>Est-ce qu&#039;il contient un robinet ?<\/strong>:Contains<\/li>\n<li>\n<strong>Y a-t-il des mains courantes ?<\/strong>:Oui<\/li>\n<li>\n<strong>forme<\/strong>:D\u00e9tach\u00e9<\/li>\n<li>\n<strong>longueur<\/strong>:1.2m,1.3m,1.4m,1.5m,1.6m,1.7m,1.8m<\/li>\n<li>\n<strong><\/strong>:<\/li>\n<\/ul>\n<p><img><\/p>","protected":false},"excerpt":{"rendered":"<p>Marque : Bridgewater Mod\u00e8le : 828 Mat\u00e9riau : Acrylique Trier par couleur : Configuration du r\u00e9servoir vide (groupe de gauche), baignoire cinq pi\u00e8ces (groupe de gauche), baignoire cinq pi\u00e8ces de surf (groupe de gauche), luxe<\/p>","protected":false},"featured_media":19052,"comment_status":"open","ping_status":"closed","template":"","meta":[],"product_brand":[],"product_cat":[30971,869],"product_tag":[],"class_list":{"0":"post-17891","1":"product","2":"type-product","3":"status-publish","4":"has-post-thumbnail","6":"product_cat-hp","7":"product_cat-wholesale-bathtub","9":"first","10":"instock","11":"taxable","12":"shipping-taxable","13":"purchasable","14":"product-type-variable"},"_links":{"self":[{"href":"https:\/\/nexgendecors.com\/fr\/wp-json\/wp\/v2\/product\/17891","targetHints":{"allow":["GET"]}}],"collection":[{"href":"https:\/\/nexgendecors.com\/fr\/wp-json\/wp\/v2\/product"}],"about":[{"href":"https:\/\/nexgendecors.com\/fr\/wp-json\/wp\/v2\/types\/product"}],"replies":[{"embeddable":true,"href":"https:\/\/nexgendecors.com\/fr\/wp-json\/wp\/v2\/comments?post=17891"}],"version-history":[{"count":0,"href":"https:\/\/nexgendecors.com\/fr\/wp-json\/wp\/v2\/product\/17891\/revisions"}],"wp:featuredmedia":[{"embeddable":true,"href":"https:\/\/nexgendecors.com\/fr\/wp-json\/wp\/v2\/media\/19052"}],"wp:attachment":[{"href":"https:\/\/nexgendecors.com\/fr\/wp-json\/wp\/v2\/media?parent=17891"}],"wp:term":[{"taxonomy":"product_brand","embeddable":true,"href":"https:\/\/nexgendecors.com\/fr\/wp-json\/wp\/v2\/product_brand?post=17891"},{"taxonomy":"product_cat","embeddable":true,"href":"https:\/\/nexgendecors.com\/fr\/wp-json\/wp\/v2\/product_cat?post=17891"},{"taxonomy":"product_tag","embeddable":true,"href":"https:\/\/nexgendecors.com\/fr\/wp-json\/wp\/v2\/product_tag?post=17891"}],"curies":[{"name":"wp","href":"https:\/\/api.w.org\/{rel}","templated":true}]}}