{"id":179098,"date":"2025-02-27T03:07:41","date_gmt":"2025-02-27T03:07:41","guid":{"rendered":"https:\/\/nexgendecors.com\/en\/product\/light-gray-green-hot-pink-beige-khaki-family-thick-washable-cotton-rope-braided-kitchen-table-12-15-inch-round-table-mats\/"},"modified":"2025-04-06T11:04:56","modified_gmt":"2025-04-06T11:04:56","slug":"light-gray-green-hot-pink-beige-khaki-family-thick-washable-cotton-rope-braided-kitchen-table-12-15-inch-round-table-mats","status":"publish","type":"product","link":"https:\/\/nexgendecors.com\/fr\/product\/light-gray-green-hot-pink-beige-khaki-family-thick-washable-cotton-rope-braided-kitchen-table-12-15-inch-round-table-mats\/","title":{"rendered":"Tapis de table ronds en corde de coton tress\u00e9e \u00e9paisse et lavable, gris clair, vert, rose vif, beige, kaki, 30,5 \u00e0 38,1 cm"},"content":{"rendered":"<ul>\n<li><strong>D\u00e9coration de table et accessoires Type : <\/strong> Tapis et coussinets<\/li>\n<li><strong>forme : <\/strong> Carr\u00e9<\/li>\n<li><strong>style : <\/strong> CLASSIQUE<\/li>\n<li><strong>mat\u00e9riel : <\/strong> 70%PVC+30%Polyester<\/li>\n<li><strong>fonctionnalit\u00e9 : <\/strong> Durable, stock\u00e9<\/li>\n<li><strong>lieu d&#039;origine : <\/strong> Henan, Chine<\/li>\n<li><strong>nom de marque : <\/strong> TRESUN<\/li>\n<li><strong>num\u00e9ro de mod\u00e8le : <\/strong> TR-TM02<\/li>\n<li><strong>Style : <\/strong> New Classical\/Post-modern<\/li>\n<li><strong>Utilisation : <\/strong> Table Decoration<\/li>\n<li><strong>Nom du produit : <\/strong> Table Placemat<\/li>\n<li><strong>Taille : <\/strong> 45*30cm<\/li>\n<li><strong>Logo : <\/strong> Logo du client<\/li>\n<li><strong>Quantit\u00e9 minimale de commande : <\/strong> 150PCS<\/li>\n<li><strong>Article : <\/strong> Table Accessories<\/li>\n<li><strong>Taper : <\/strong> Home Decoration Placemats<\/li>\n<li><strong>\u00c9paisseur : <\/strong> 1mm<\/li>\n<li><strong>Fonction : <\/strong> Multi-functional<\/li>\n<\/ul>","protected":false},"excerpt":{"rendered":"<p>D\u00e9coration de table et accessoires Type : Sets et sous-verres forme : Carr\u00e9 style : CLASSIQUE mat\u00e9riau : 70%PVC+30%Polyester caract\u00e9ristique :<\/p>","protected":false},"featured_media":179097,"comment_status":"open","ping_status":"closed","template":"","meta":[],"product_brand":[],"product_cat":[30965],"product_tag":[],"class_list":{"0":"post-179098","1":"product","2":"type-product","3":"status-publish","4":"has-post-thumbnail","6":"product_cat-tablewares","8":"first","9":"instock","10":"taxable","11":"shipping-taxable","12":"purchasable","13":"product-type-variable"},"_links":{"self":[{"href":"https:\/\/nexgendecors.com\/fr\/wp-json\/wp\/v2\/product\/179098","targetHints":{"allow":["GET"]}}],"collection":[{"href":"https:\/\/nexgendecors.com\/fr\/wp-json\/wp\/v2\/product"}],"about":[{"href":"https:\/\/nexgendecors.com\/fr\/wp-json\/wp\/v2\/types\/product"}],"replies":[{"embeddable":true,"href":"https:\/\/nexgendecors.com\/fr\/wp-json\/wp\/v2\/comments?post=179098"}],"version-history":[{"count":0,"href":"https:\/\/nexgendecors.com\/fr\/wp-json\/wp\/v2\/product\/179098\/revisions"}],"wp:featuredmedia":[{"embeddable":true,"href":"https:\/\/nexgendecors.com\/fr\/wp-json\/wp\/v2\/media\/179097"}],"wp:attachment":[{"href":"https:\/\/nexgendecors.com\/fr\/wp-json\/wp\/v2\/media?parent=179098"}],"wp:term":[{"taxonomy":"product_brand","embeddable":true,"href":"https:\/\/nexgendecors.com\/fr\/wp-json\/wp\/v2\/product_brand?post=179098"},{"taxonomy":"product_cat","embeddable":true,"href":"https:\/\/nexgendecors.com\/fr\/wp-json\/wp\/v2\/product_cat?post=179098"},{"taxonomy":"product_tag","embeddable":true,"href":"https:\/\/nexgendecors.com\/fr\/wp-json\/wp\/v2\/product_tag?post=179098"}],"curies":[{"name":"wp","href":"https:\/\/api.w.org\/{rel}","templated":true}]}}