{"id":179176,"date":"2025-02-27T03:15:44","date_gmt":"2025-02-27T03:15:44","guid":{"rendered":"https:\/\/nexgendecors.com\/en\/product\/hotpot-malatang-buffet-dipping-station-fruit-seasoning-sauce-fruit-vegetable-showcase-display-table\/"},"modified":"2025-04-06T11:05:20","modified_gmt":"2025-04-06T11:05:20","slug":"hotpot-malatang-buffet-dipping-station-fruit-seasoning-sauce-fruit-vegetable-showcase-display-table","status":"publish","type":"product","link":"https:\/\/nexgendecors.com\/fr\/product\/hotpot-malatang-buffet-dipping-station-fruit-seasoning-sauce-fruit-vegetable-showcase-display-table\/","title":{"rendered":"Hotpot Malatang Buffet Station de trempage Sauce d'assaisonnement aux fruits Vitrine de l\u00e9gumes Table d'exposition"},"content":{"rendered":"<ul>\n<li><strong>lieu d&#039;origine : <\/strong> Henan, Chine<\/li>\n<li><strong>nom de marque : <\/strong> SIYU<\/li>\n<li><strong>num\u00e9ro de mod\u00e8le : <\/strong> QD-111<\/li>\n<li><strong>Source d&#039;alimentation : <\/strong> \u00c9lectrique<\/li>\n<li><strong>Mat\u00e9riel : <\/strong> Acier inoxydable, acier inoxydable<\/li>\n<li><strong>Tension : <\/strong> 220 V<\/li>\n<li><strong>Pouvoir : <\/strong> 0.2KW, 0.2KW<\/li>\n<li><strong>M\u00e9thode de chauffage : <\/strong> \u00c9lectrique<\/li>\n<li><strong>Capacit\u00e9 : <\/strong> 6L<\/li>\n<li><strong>Application : <\/strong> \u00c9quipement de cuisine commerciale pour restaurant<\/li>\n<li><strong>Couleur : <\/strong> Argent<\/li>\n<li><strong>Taille : <\/strong> 200*80*90CM<\/li>\n<li><strong>Mots cl\u00e9s : <\/strong> Hot pot seasoning refrigerator<\/li>\n<li><strong>Taper : <\/strong> Service de buffet<\/li>\n<li><strong>Fonctionnalit\u00e9 : <\/strong> Easily Assembled<\/li>\n<li><strong>Quantit\u00e9 minimale de commande : <\/strong> 1 Set<\/li>\n<li><strong>Nom : <\/strong> Hot pot seasoning refrigerator<\/li>\n<\/ul>","protected":false},"excerpt":{"rendered":"<p>lieu d'origine : Henan, Chine marque : SIYU num\u00e9ro de mod\u00e8le : QD-111 Source d'alimentation : \u00e9lectrique Mat\u00e9riau :<\/p>","protected":false},"featured_media":179175,"comment_status":"open","ping_status":"closed","template":"","meta":[],"product_brand":[],"product_cat":[30965],"product_tag":[],"class_list":{"0":"post-179176","1":"product","2":"type-product","3":"status-publish","4":"has-post-thumbnail","6":"product_cat-tablewares","8":"first","9":"instock","10":"taxable","11":"shipping-taxable","12":"purchasable","13":"product-type-variable"},"_links":{"self":[{"href":"https:\/\/nexgendecors.com\/fr\/wp-json\/wp\/v2\/product\/179176","targetHints":{"allow":["GET"]}}],"collection":[{"href":"https:\/\/nexgendecors.com\/fr\/wp-json\/wp\/v2\/product"}],"about":[{"href":"https:\/\/nexgendecors.com\/fr\/wp-json\/wp\/v2\/types\/product"}],"replies":[{"embeddable":true,"href":"https:\/\/nexgendecors.com\/fr\/wp-json\/wp\/v2\/comments?post=179176"}],"version-history":[{"count":0,"href":"https:\/\/nexgendecors.com\/fr\/wp-json\/wp\/v2\/product\/179176\/revisions"}],"wp:featuredmedia":[{"embeddable":true,"href":"https:\/\/nexgendecors.com\/fr\/wp-json\/wp\/v2\/media\/179175"}],"wp:attachment":[{"href":"https:\/\/nexgendecors.com\/fr\/wp-json\/wp\/v2\/media?parent=179176"}],"wp:term":[{"taxonomy":"product_brand","embeddable":true,"href":"https:\/\/nexgendecors.com\/fr\/wp-json\/wp\/v2\/product_brand?post=179176"},{"taxonomy":"product_cat","embeddable":true,"href":"https:\/\/nexgendecors.com\/fr\/wp-json\/wp\/v2\/product_cat?post=179176"},{"taxonomy":"product_tag","embeddable":true,"href":"https:\/\/nexgendecors.com\/fr\/wp-json\/wp\/v2\/product_tag?post=179176"}],"curies":[{"name":"wp","href":"https:\/\/api.w.org\/{rel}","templated":true}]}}