{"id":179196,"date":"2025-02-27T03:17:00","date_gmt":"2025-02-27T03:17:00","guid":{"rendered":"https:\/\/nexgendecors.com\/en\/product\/new-design-chafing-dish-buffet-set-8-0l-black-chafing-dish-for-catering\/"},"modified":"2025-04-06T11:05:38","modified_gmt":"2025-04-06T11:05:38","slug":"new-design-chafing-dish-buffet-set-8-0l-black-chafing-dish-for-catering","status":"publish","type":"product","link":"https:\/\/nexgendecors.com\/fr\/product\/new-design-chafing-dish-buffet-set-8-0l-black-chafing-dish-for-catering\/","title":{"rendered":"Ensemble de buffet Chafing Dish noir de 8,0 L, nouveau design, pour la restauration"},"content":{"rendered":"<ul>\n<li><strong>lieu d&#039;origine : <\/strong> Guangdong, Chine<\/li>\n<li><strong>nom de marque : <\/strong> HY<\/li>\n<li><strong>num\u00e9ro de mod\u00e8le : <\/strong> chafing dish<\/li>\n<li><strong>Source d&#039;alimentation : <\/strong> Gaz<\/li>\n<li><strong>Mat\u00e9riel : <\/strong> Acier inoxydable, acier inoxydable<\/li>\n<li><strong>Tension : <\/strong> \/<\/li>\n<li><strong>Pouvoir : <\/strong> \/<\/li>\n<li><strong>M\u00e9thode de chauffage : <\/strong> \/<\/li>\n<li><strong>Capacit\u00e9 : <\/strong> 8l, 8.0L<\/li>\n<li><strong>Nom du produit : <\/strong> Stainless Steel Chafing Dish<\/li>\n<li><strong>Utilisation : <\/strong> Restaurant servant des plats \u00e0 r\u00e9chaud<\/li>\n<li><strong>Application : <\/strong> Hotel Buffet Food Equipment<\/li>\n<li><strong>Couleur : <\/strong> Gold\/Silver\/Black\/White<\/li>\n<li><strong>Mots cl\u00e9s : <\/strong> Chauffe-plats chauffants<\/li>\n<li><strong>Taper : <\/strong> Service de buffet<\/li>\n<li><strong>Forme : <\/strong> Forme ronde<\/li>\n<li><strong>OEM\/ODM : <\/strong> Accepptable<\/li>\n<\/ul>","protected":false},"excerpt":{"rendered":"<p>Lieu d&#039;origine : Guangdong, Chine Nom de marque : HY Num\u00e9ro de mod\u00e8le : r\u00e9chaud Source d&#039;alimentation : Gaz Mat\u00e9riau<\/p>","protected":false},"featured_media":179195,"comment_status":"open","ping_status":"closed","template":"","meta":[],"product_brand":[],"product_cat":[30965],"product_tag":[],"class_list":{"0":"post-179196","1":"product","2":"type-product","3":"status-publish","4":"has-post-thumbnail","6":"product_cat-tablewares","8":"first","9":"instock","10":"taxable","11":"shipping-taxable","12":"purchasable","13":"product-type-variable"},"_links":{"self":[{"href":"https:\/\/nexgendecors.com\/fr\/wp-json\/wp\/v2\/product\/179196","targetHints":{"allow":["GET"]}}],"collection":[{"href":"https:\/\/nexgendecors.com\/fr\/wp-json\/wp\/v2\/product"}],"about":[{"href":"https:\/\/nexgendecors.com\/fr\/wp-json\/wp\/v2\/types\/product"}],"replies":[{"embeddable":true,"href":"https:\/\/nexgendecors.com\/fr\/wp-json\/wp\/v2\/comments?post=179196"}],"version-history":[{"count":0,"href":"https:\/\/nexgendecors.com\/fr\/wp-json\/wp\/v2\/product\/179196\/revisions"}],"wp:featuredmedia":[{"embeddable":true,"href":"https:\/\/nexgendecors.com\/fr\/wp-json\/wp\/v2\/media\/179195"}],"wp:attachment":[{"href":"https:\/\/nexgendecors.com\/fr\/wp-json\/wp\/v2\/media?parent=179196"}],"wp:term":[{"taxonomy":"product_brand","embeddable":true,"href":"https:\/\/nexgendecors.com\/fr\/wp-json\/wp\/v2\/product_brand?post=179196"},{"taxonomy":"product_cat","embeddable":true,"href":"https:\/\/nexgendecors.com\/fr\/wp-json\/wp\/v2\/product_cat?post=179196"},{"taxonomy":"product_tag","embeddable":true,"href":"https:\/\/nexgendecors.com\/fr\/wp-json\/wp\/v2\/product_tag?post=179196"}],"curies":[{"name":"wp","href":"https:\/\/api.w.org\/{rel}","templated":true}]}}