{"id":179279,"date":"2025-02-27T03:22:11","date_gmt":"2025-02-27T03:22:11","guid":{"rendered":"https:\/\/nexgendecors.com\/en\/product\/luxury-hotel-restaurant-square-3l-ceramics-chafing-dish-gold-buffet-food-warmer-with-hanging\/"},"modified":"2025-04-06T11:06:46","modified_gmt":"2025-04-06T11:06:46","slug":"plat-a-rechaud-carre-en-ceramique-de-3-litres-pour-restaurant-dhotel-de-luxe-chauffe-plats-dore-pour-buffet-avec-suspension","status":"publish","type":"product","link":"https:\/\/nexgendecors.com\/fr\/product\/plat-a-rechaud-carre-en-ceramique-de-3-litres-pour-restaurant-dhotel-de-luxe-chauffe-plats-dore-pour-buffet-avec-suspension\/","title":{"rendered":"R\u00e9chaud carr\u00e9 en c\u00e9ramique dor\u00e9 pour buffet, 3 L, pour restaurant d&#039;h\u00f4tel de luxe, avec suspension"},"content":{"rendered":"<ul>\n<li><strong>lieu d&#039;origine : <\/strong> Guangdong, Chine<\/li>\n<li><strong>nom de marque : <\/strong> \/<\/li>\n<li><strong>num\u00e9ro de mod\u00e8le : <\/strong> \/<\/li>\n<li><strong>Source d&#039;alimentation : <\/strong> Gaz<\/li>\n<li><strong>Mat\u00e9riel : <\/strong> Acier inoxydable, acier inoxydable + c\u00e9ramique + verre<\/li>\n<li><strong>Tension : <\/strong> \/<\/li>\n<li><strong>Pouvoir : <\/strong> \/<\/li>\n<li><strong>M\u00e9thode de chauffage : <\/strong> \/<\/li>\n<li><strong>Capacit\u00e9 : <\/strong> \/, 3,0 L<\/li>\n<li><strong>Nom du produit : <\/strong> Plat \u00e0 r\u00e9chaud<\/li>\n<li><strong>Utilisation : <\/strong> Restaurant servant des plats \u00e0 r\u00e9chaud<\/li>\n<li><strong>Application : <\/strong> \u00c9quipement de cuisine commerciale pour restaurant<\/li>\n<li><strong>Couleur : <\/strong> Or+blanc<\/li>\n<li><strong>Mots cl\u00e9s : <\/strong> Chauffe-plats chauffants<\/li>\n<li><strong>Taper : <\/strong> Service de buffet<\/li>\n<li><strong>Style : <\/strong> Luxe moderne<\/li>\n<li><strong>Fonction : <\/strong> Chauffage + chauffe-plats<\/li>\n<\/ul>","protected":false},"excerpt":{"rendered":"<p>lieu d&#039;origine : Guangdong, Chine nom de marque : \/ num\u00e9ro de mod\u00e8le : \/ Source d&#039;alimentation : Gaz Mat\u00e9riau :<\/p>","protected":false},"featured_media":179278,"comment_status":"open","ping_status":"closed","template":"","meta":[],"product_brand":[],"product_cat":[30965],"product_tag":[],"class_list":{"0":"post-179279","1":"product","2":"type-product","3":"status-publish","4":"has-post-thumbnail","6":"product_cat-tablewares","8":"first","9":"instock","10":"taxable","11":"shipping-taxable","12":"purchasable","13":"product-type-variable"},"_links":{"self":[{"href":"https:\/\/nexgendecors.com\/fr\/wp-json\/wp\/v2\/product\/179279","targetHints":{"allow":["GET"]}}],"collection":[{"href":"https:\/\/nexgendecors.com\/fr\/wp-json\/wp\/v2\/product"}],"about":[{"href":"https:\/\/nexgendecors.com\/fr\/wp-json\/wp\/v2\/types\/product"}],"replies":[{"embeddable":true,"href":"https:\/\/nexgendecors.com\/fr\/wp-json\/wp\/v2\/comments?post=179279"}],"version-history":[{"count":0,"href":"https:\/\/nexgendecors.com\/fr\/wp-json\/wp\/v2\/product\/179279\/revisions"}],"wp:featuredmedia":[{"embeddable":true,"href":"https:\/\/nexgendecors.com\/fr\/wp-json\/wp\/v2\/media\/179278"}],"wp:attachment":[{"href":"https:\/\/nexgendecors.com\/fr\/wp-json\/wp\/v2\/media?parent=179279"}],"wp:term":[{"taxonomy":"product_brand","embeddable":true,"href":"https:\/\/nexgendecors.com\/fr\/wp-json\/wp\/v2\/product_brand?post=179279"},{"taxonomy":"product_cat","embeddable":true,"href":"https:\/\/nexgendecors.com\/fr\/wp-json\/wp\/v2\/product_cat?post=179279"},{"taxonomy":"product_tag","embeddable":true,"href":"https:\/\/nexgendecors.com\/fr\/wp-json\/wp\/v2\/product_tag?post=179279"}],"curies":[{"name":"wp","href":"https:\/\/api.w.org\/{rel}","templated":true}]}}