{"id":179326,"date":"2025-02-27T03:28:00","date_gmt":"2025-02-27T03:28:00","guid":{"rendered":"https:\/\/nexgendecors.com\/en\/product\/best-selling-stainless-steel-knife-fork-spoon-24pcs-cutlery-gold-flatware-set-with-stand-gift-box\/"},"modified":"2025-02-27T03:29:03","modified_gmt":"2025-02-27T03:29:03","slug":"best-selling-stainless-steel-knife-fork-spoon-24pcs-cutlery-gold-flatware-set-with-stand-gift-box","status":"publish","type":"product","link":"https:\/\/nexgendecors.com\/fr\/product\/best-selling-stainless-steel-knife-fork-spoon-24pcs-cutlery-gold-flatware-set-with-stand-gift-box\/","title":{"rendered":"Ensemble de couverts en acier inoxydable 24 pi\u00e8ces, couteau, fourchette, cuill\u00e8re, dor\u00e9, avec support, coffret cadeau"},"content":{"rendered":"<ul>\n<li><strong>occasion : <\/strong> Faire la f\u00eate<\/li>\n<li><strong>style : <\/strong> style am\u00e9ricain<\/li>\n<li><strong>Type de couverts : <\/strong> Ensembles de couverts<\/li>\n<li><strong>mat\u00e9riel : <\/strong> m\u00e9tal<\/li>\n<li><strong>type de m\u00e9tal : <\/strong> Acier inoxydable<\/li>\n<li><strong>fonctionnalit\u00e9 : <\/strong> Durable, stock\u00e9<\/li>\n<li><strong>lieu d&#039;origine : <\/strong> Guangdong, Chine<\/li>\n<li><strong>nom de marque : <\/strong> yuantai<\/li>\n<li><strong>num\u00e9ro de mod\u00e8le : <\/strong> 1010-24<\/li>\n<li><strong>Flatware Type: : <\/strong> Ensembles de couverts<\/li>\n<li><strong>Metal Type: : <\/strong> Acier inoxydable<\/li>\n<li><strong>Product name: : <\/strong> 24pcs Stainless Steel Cutlery Set with stand<\/li>\n<li><strong>Usage: : <\/strong> Hotel Restaurant Home Wedding Gift<\/li>\n<li><strong>Polish: : <\/strong> High Mirror Polish<\/li>\n<li><strong>Packing: : <\/strong> 12sets per carton<\/li>\n<li><strong>Color: : <\/strong> silver,gold,black\/blue\/green\/pink\/red\/white handle with gold<\/li>\n<li><strong>Mots cl\u00e9s : <\/strong> Cutlery Set<\/li>\n<li><strong>Style : <\/strong> Fashionable<\/li>\n<li><strong>OEM et ODM : <\/strong> Acceptble<\/li>\n<\/ul>","protected":false},"excerpt":{"rendered":"<p>occasion : Party style : American style Flatware Type : Flatware Sets material : metal metal type : Stainless Steel<\/p>","protected":false},"featured_media":179325,"comment_status":"open","ping_status":"closed","template":"","meta":[],"product_brand":[],"product_cat":[30965],"product_tag":[],"class_list":{"0":"post-179326","1":"product","2":"type-product","3":"status-publish","4":"has-post-thumbnail","6":"product_cat-tablewares","8":"first","9":"instock","10":"taxable","11":"shipping-taxable","12":"purchasable","13":"product-type-variable"},"_links":{"self":[{"href":"https:\/\/nexgendecors.com\/fr\/wp-json\/wp\/v2\/product\/179326","targetHints":{"allow":["GET"]}}],"collection":[{"href":"https:\/\/nexgendecors.com\/fr\/wp-json\/wp\/v2\/product"}],"about":[{"href":"https:\/\/nexgendecors.com\/fr\/wp-json\/wp\/v2\/types\/product"}],"replies":[{"embeddable":true,"href":"https:\/\/nexgendecors.com\/fr\/wp-json\/wp\/v2\/comments?post=179326"}],"version-history":[{"count":0,"href":"https:\/\/nexgendecors.com\/fr\/wp-json\/wp\/v2\/product\/179326\/revisions"}],"wp:featuredmedia":[{"embeddable":true,"href":"https:\/\/nexgendecors.com\/fr\/wp-json\/wp\/v2\/media\/179325"}],"wp:attachment":[{"href":"https:\/\/nexgendecors.com\/fr\/wp-json\/wp\/v2\/media?parent=179326"}],"wp:term":[{"taxonomy":"product_brand","embeddable":true,"href":"https:\/\/nexgendecors.com\/fr\/wp-json\/wp\/v2\/product_brand?post=179326"},{"taxonomy":"product_cat","embeddable":true,"href":"https:\/\/nexgendecors.com\/fr\/wp-json\/wp\/v2\/product_cat?post=179326"},{"taxonomy":"product_tag","embeddable":true,"href":"https:\/\/nexgendecors.com\/fr\/wp-json\/wp\/v2\/product_tag?post=179326"}],"curies":[{"name":"wp","href":"https:\/\/api.w.org\/{rel}","templated":true}]}}