{"id":179377,"date":"2025-02-27T03:29:30","date_gmt":"2025-02-27T03:29:30","guid":{"rendered":"https:\/\/nexgendecors.com\/en\/product\/best-selling-long-and-silver-luxury-gold-cutlery-flatware-set-spoons\/"},"modified":"2025-04-06T11:07:58","modified_gmt":"2025-04-06T11:07:58","slug":"best-selling-long-and-silver-luxury-gold-cutlery-flatware-set-spoons","status":"publish","type":"product","link":"https:\/\/nexgendecors.com\/fr\/product\/best-selling-long-and-silver-luxury-gold-cutlery-flatware-set-spoons\/","title":{"rendered":"Best Selling Long and Silver Luxury Gold Cutlery Flatware Set Spoons"},"content":{"rendered":"<ul>\n<li><strong>occasion : <\/strong> Mariage<\/li>\n<li><strong>style : <\/strong> Luxe moderne<\/li>\n<li><strong>Type de couverts : <\/strong> Ensembles de couverts<\/li>\n<li><strong>mat\u00e9riel : <\/strong> m\u00e9tal<\/li>\n<li><strong>type de m\u00e9tal : <\/strong> Acier inoxydable<\/li>\n<li><strong>fonctionnalit\u00e9 : <\/strong> Durable, stock\u00e9<\/li>\n<li><strong>lieu d&#039;origine : <\/strong> Guangdong, Chine<\/li>\n<li><strong>nom de marque : <\/strong> yuantai<\/li>\n<li><strong>num\u00e9ro de mod\u00e8le : <\/strong> \/<\/li>\n<li><strong>Nom du produit : <\/strong> Stainless Steel Cutlery Set<\/li>\n<li><strong>Couleur : <\/strong> Silver+Gold<\/li>\n<li><strong>Utilisation : <\/strong> Hotel Restaurant Home Wedding<\/li>\n<li><strong>OEM et ODM : <\/strong> Acceptable<\/li>\n<li><strong>Quantit\u00e9 minimale de commande : <\/strong> 100PCS<\/li>\n<li><strong>Style : <\/strong> Luxury Dinnerware Set<\/li>\n<li><strong>Polonais : <\/strong> High Mirror Polish<\/li>\n<li><strong>Mot-cl\u00e9 : <\/strong> Spoon.Knife.Fork.Cultery Sets Stainless Steel High<\/li>\n<li><strong>Taper : <\/strong> Spoon Knife Fork<\/li>\n<li><strong>Cutlery set : <\/strong> Spoon+fork+knife+smal Spoon<\/li>\n<\/ul>","protected":false},"excerpt":{"rendered":"<p>occasion : mariage style : couverts de luxe modernes type : ensembles de couverts mat\u00e9riau : m\u00e9tal type de m\u00e9tal : acier inoxydable<\/p>","protected":false},"featured_media":179376,"comment_status":"open","ping_status":"closed","template":"","meta":[],"product_brand":[],"product_cat":[30965],"product_tag":[],"class_list":{"0":"post-179377","1":"product","2":"type-product","3":"status-publish","4":"has-post-thumbnail","6":"product_cat-tablewares","8":"first","9":"instock","10":"taxable","11":"shipping-taxable","12":"purchasable","13":"product-type-variable"},"_links":{"self":[{"href":"https:\/\/nexgendecors.com\/fr\/wp-json\/wp\/v2\/product\/179377","targetHints":{"allow":["GET"]}}],"collection":[{"href":"https:\/\/nexgendecors.com\/fr\/wp-json\/wp\/v2\/product"}],"about":[{"href":"https:\/\/nexgendecors.com\/fr\/wp-json\/wp\/v2\/types\/product"}],"replies":[{"embeddable":true,"href":"https:\/\/nexgendecors.com\/fr\/wp-json\/wp\/v2\/comments?post=179377"}],"version-history":[{"count":0,"href":"https:\/\/nexgendecors.com\/fr\/wp-json\/wp\/v2\/product\/179377\/revisions"}],"wp:featuredmedia":[{"embeddable":true,"href":"https:\/\/nexgendecors.com\/fr\/wp-json\/wp\/v2\/media\/179376"}],"wp:attachment":[{"href":"https:\/\/nexgendecors.com\/fr\/wp-json\/wp\/v2\/media?parent=179377"}],"wp:term":[{"taxonomy":"product_brand","embeddable":true,"href":"https:\/\/nexgendecors.com\/fr\/wp-json\/wp\/v2\/product_brand?post=179377"},{"taxonomy":"product_cat","embeddable":true,"href":"https:\/\/nexgendecors.com\/fr\/wp-json\/wp\/v2\/product_cat?post=179377"},{"taxonomy":"product_tag","embeddable":true,"href":"https:\/\/nexgendecors.com\/fr\/wp-json\/wp\/v2\/product_tag?post=179377"}],"curies":[{"name":"wp","href":"https:\/\/api.w.org\/{rel}","templated":true}]}}