{"id":179394,"date":"2025-02-27T03:30:40","date_gmt":"2025-02-27T03:30:40","guid":{"rendered":"https:\/\/nexgendecors.com\/en\/product\/baking-wedding-party-metal-cake-display-stand-with-mirror-top-plate-diameter-beaded-crystal-cake-pedestal-snack-tray\/"},"modified":"2025-02-27T03:30:55","modified_gmt":"2025-02-27T03:30:55","slug":"baking-wedding-party-metal-cake-display-stand-with-mirror-top-plate-diameter-beaded-crystal-cake-pedestal-snack-tray","status":"publish","type":"product","link":"https:\/\/nexgendecors.com\/fr\/product\/baking-wedding-party-metal-cake-display-stand-with-mirror-top-plate-diameter-beaded-crystal-cake-pedestal-snack-tray\/","title":{"rendered":"Pr\u00e9sentoir \u00e0 g\u00e2teaux en m\u00e9tal pour f\u00eate de mariage, avec plateau sup\u00e9rieur en miroir, plateau \u00e0 collations en cristal perl\u00e9 de diam\u00e8tre"},"content":{"rendered":"<ul>\n<li><strong>Taper : <\/strong> Cake Tools, Cake stand<\/li>\n<li><strong>nombre de pi\u00e8ces : <\/strong> 8<\/li>\n<li><strong>type d&#039;outils \u00e0 g\u00e2teau : <\/strong> Stands<\/li>\n<li><strong>mat\u00e9riel : <\/strong> Acier inoxydable<\/li>\n<li><strong>fonctionnalit\u00e9 : <\/strong> Durable, stock\u00e9<\/li>\n<li><strong>lieu d&#039;origine : <\/strong> Guangdong, Chine<\/li>\n<li><strong>nom de marque : <\/strong> yuantai<\/li>\n<li><strong>num\u00e9ro de mod\u00e8le : <\/strong> \/<\/li>\n<li><strong>Nom du produit : <\/strong> Pr\u00e9sentoir \u00e0 g\u00e2teaux<\/li>\n<li><strong>Utilisation : <\/strong> Making Cake<\/li>\n<li><strong>Mot-cl\u00e9 : <\/strong> cake stand set<\/li>\n<li><strong>Couleur : <\/strong> Or<\/li>\n<li><strong>Style : <\/strong> American<\/li>\n<li><strong>Meterial : <\/strong> Acier inoxydable<\/li>\n<li><strong>Utiliser : <\/strong> Home.Restaurant.Bar.Hotel.Wedding. Super Markets Promotions<\/li>\n<li><strong>OEM\/ODM : <\/strong> Acceptable<\/li>\n<li><strong>Application : <\/strong> F\u00eate de mariage<\/li>\n<\/ul>","protected":false},"excerpt":{"rendered":"<p>Type : Outils \u00e0 g\u00e2teaux, Nombre de pi\u00e8ces du support \u00e0 g\u00e2teaux : 8 Type d&#039;outils \u00e0 g\u00e2teaux : Supports Mat\u00e9riau : Acier inoxydable<\/p>","protected":false},"featured_media":179393,"comment_status":"open","ping_status":"closed","template":"","meta":[],"product_brand":[],"product_cat":[30965],"product_tag":[],"class_list":{"0":"post-179394","1":"product","2":"type-product","3":"status-publish","4":"has-post-thumbnail","6":"product_cat-tablewares","8":"first","9":"instock","10":"taxable","11":"shipping-taxable","12":"purchasable","13":"product-type-variable"},"_links":{"self":[{"href":"https:\/\/nexgendecors.com\/fr\/wp-json\/wp\/v2\/product\/179394","targetHints":{"allow":["GET"]}}],"collection":[{"href":"https:\/\/nexgendecors.com\/fr\/wp-json\/wp\/v2\/product"}],"about":[{"href":"https:\/\/nexgendecors.com\/fr\/wp-json\/wp\/v2\/types\/product"}],"replies":[{"embeddable":true,"href":"https:\/\/nexgendecors.com\/fr\/wp-json\/wp\/v2\/comments?post=179394"}],"version-history":[{"count":0,"href":"https:\/\/nexgendecors.com\/fr\/wp-json\/wp\/v2\/product\/179394\/revisions"}],"wp:featuredmedia":[{"embeddable":true,"href":"https:\/\/nexgendecors.com\/fr\/wp-json\/wp\/v2\/media\/179393"}],"wp:attachment":[{"href":"https:\/\/nexgendecors.com\/fr\/wp-json\/wp\/v2\/media?parent=179394"}],"wp:term":[{"taxonomy":"product_brand","embeddable":true,"href":"https:\/\/nexgendecors.com\/fr\/wp-json\/wp\/v2\/product_brand?post=179394"},{"taxonomy":"product_cat","embeddable":true,"href":"https:\/\/nexgendecors.com\/fr\/wp-json\/wp\/v2\/product_cat?post=179394"},{"taxonomy":"product_tag","embeddable":true,"href":"https:\/\/nexgendecors.com\/fr\/wp-json\/wp\/v2\/product_tag?post=179394"}],"curies":[{"name":"wp","href":"https:\/\/api.w.org\/{rel}","templated":true}]}}