{"id":179484,"date":"2025-02-27T03:33:24","date_gmt":"2025-02-27T03:33:24","guid":{"rendered":"https:\/\/nexgendecors.com\/en\/product\/high-quality-buffet-risers-set-modern-golden-stainless-steel-display-marble-stands-cup-cake-dessert-table-stand-for-wedding\/"},"modified":"2025-04-06T11:09:06","modified_gmt":"2025-04-06T11:09:06","slug":"high-quality-buffet-risers-set-modern-golden-stainless-steel-display-marble-stands-cup-cake-dessert-table-stand-for-wedding","status":"publish","type":"product","link":"https:\/\/nexgendecors.com\/fr\/product\/high-quality-buffet-risers-set-modern-golden-stainless-steel-display-marble-stands-cup-cake-dessert-table-stand-for-wedding\/","title":{"rendered":"Ensemble de rehausseurs de buffet de haute qualit\u00e9, pr\u00e9sentoirs modernes en acier inoxydable dor\u00e9, supports en marbre, support de table \u00e0 desserts pour cupcakes, pour mariage"},"content":{"rendered":"<ul>\n<li><strong>lieu d&#039;origine : <\/strong> Guangdong, Chine<\/li>\n<li><strong>nom de marque : <\/strong> \/<\/li>\n<li><strong>num\u00e9ro de mod\u00e8le : <\/strong> \/<\/li>\n<li><strong>Nom du produit : <\/strong> Wedding Cake Display Stand<\/li>\n<li><strong>Mat\u00e9riel : <\/strong> stainless steel+Ceramic glass<\/li>\n<li><strong>Couleur : <\/strong> Gold,Silver<\/li>\n<li><strong>Application : <\/strong> Hotel Buffet Food Equipment<\/li>\n<li><strong>Style : <\/strong> Luxe moderne<\/li>\n<li><strong>Mots cl\u00e9s : <\/strong> Buffet Dessert Food Display Rack<\/li>\n<li><strong>Emballage : <\/strong> Carton<\/li>\n<li><strong>OEM\/ODM : <\/strong> Accepptable<\/li>\n<li><strong>Taper : <\/strong> Service de buffet<\/li>\n<li><strong>Fonction : <\/strong> Serving Food<\/li>\n<\/ul>","protected":false},"excerpt":{"rendered":"<p>Lieu d&#039;origine : Guangdong, Chine Nom de la marque : \/ Num\u00e9ro de mod\u00e8le : \/ Nom du produit : Pr\u00e9sentoir \u00e0 g\u00e2teaux de mariage<\/p>","protected":false},"featured_media":179482,"comment_status":"open","ping_status":"closed","template":"","meta":[],"product_brand":[],"product_cat":[30965],"product_tag":[],"class_list":{"0":"post-179484","1":"product","2":"type-product","3":"status-publish","4":"has-post-thumbnail","6":"product_cat-tablewares","8":"first","9":"instock","10":"taxable","11":"shipping-taxable","12":"purchasable","13":"product-type-variable"},"_links":{"self":[{"href":"https:\/\/nexgendecors.com\/fr\/wp-json\/wp\/v2\/product\/179484","targetHints":{"allow":["GET"]}}],"collection":[{"href":"https:\/\/nexgendecors.com\/fr\/wp-json\/wp\/v2\/product"}],"about":[{"href":"https:\/\/nexgendecors.com\/fr\/wp-json\/wp\/v2\/types\/product"}],"replies":[{"embeddable":true,"href":"https:\/\/nexgendecors.com\/fr\/wp-json\/wp\/v2\/comments?post=179484"}],"version-history":[{"count":0,"href":"https:\/\/nexgendecors.com\/fr\/wp-json\/wp\/v2\/product\/179484\/revisions"}],"wp:featuredmedia":[{"embeddable":true,"href":"https:\/\/nexgendecors.com\/fr\/wp-json\/wp\/v2\/media\/179482"}],"wp:attachment":[{"href":"https:\/\/nexgendecors.com\/fr\/wp-json\/wp\/v2\/media?parent=179484"}],"wp:term":[{"taxonomy":"product_brand","embeddable":true,"href":"https:\/\/nexgendecors.com\/fr\/wp-json\/wp\/v2\/product_brand?post=179484"},{"taxonomy":"product_cat","embeddable":true,"href":"https:\/\/nexgendecors.com\/fr\/wp-json\/wp\/v2\/product_cat?post=179484"},{"taxonomy":"product_tag","embeddable":true,"href":"https:\/\/nexgendecors.com\/fr\/wp-json\/wp\/v2\/product_tag?post=179484"}],"curies":[{"name":"wp","href":"https:\/\/api.w.org\/{rel}","templated":true}]}}