{"id":179495,"date":"2025-02-27T03:33:37","date_gmt":"2025-02-27T03:33:37","guid":{"rendered":"https:\/\/nexgendecors.com\/en\/product\/3-tier-golden-serving-dessert-stand-display-restaurant-food-cupcake-storage-rack-wedding-decor-luxury-birdcage-cake-stand\/"},"modified":"2025-04-06T11:09:17","modified_gmt":"2025-04-06T11:09:17","slug":"3-tier-golden-serving-dessert-stand-display-restaurant-food-cupcake-storage-rack-wedding-decor-luxury-birdcage-cake-stand","status":"publish","type":"product","link":"https:\/\/nexgendecors.com\/fr\/product\/3-tier-golden-serving-dessert-stand-display-restaurant-food-cupcake-storage-rack-wedding-decor-luxury-birdcage-cake-stand\/","title":{"rendered":"Pr\u00e9sentoir \u00e0 desserts dor\u00e9 \u00e0 3 niveaux, pr\u00e9sentoir \u00e0 cupcakes pour restaurant, d\u00e9coration de mariage, pr\u00e9sentoir \u00e0 g\u00e2teaux de luxe en forme de cage \u00e0 oiseaux"},"content":{"rendered":"<ul>\n<li><strong>Taper : <\/strong> Outils \u00e0 g\u00e2teaux, tr\u00e8s demand\u00e9s<\/li>\n<li><strong>nombre de pi\u00e8ces : <\/strong> 1<\/li>\n<li><strong>type d&#039;outils \u00e0 g\u00e2teau : <\/strong> Stands<\/li>\n<li><strong>mat\u00e9riel : <\/strong> Acier inoxydable<\/li>\n<li><strong>fonctionnalit\u00e9 : <\/strong> Durable<\/li>\n<li><strong>lieu d&#039;origine : <\/strong> Guangdong, Chine<\/li>\n<li><strong>nom de marque : <\/strong> \/<\/li>\n<li><strong>num\u00e9ro de mod\u00e8le : <\/strong> TY-1103-2<\/li>\n<li><strong>Nom du produit : <\/strong> Pr\u00e9sentoir \u00e0 g\u00e2teaux<\/li>\n<li><strong>Fonctionnalit\u00e9 : <\/strong> \u00c9cologique<\/li>\n<li><strong>Utilisation : <\/strong> Accueil H\u00f4tel Restaurant<\/li>\n<li><strong>Couleur : <\/strong> Or<\/li>\n<li><strong>Mot-cl\u00e9 : <\/strong> Pr\u00e9sentoir \u00e0 g\u00e2teaux d\u00e9coratif<\/li>\n<li><strong>OEM\/ODM : <\/strong> Acceptable<\/li>\n<li><strong>Style : <\/strong> Luxe<\/li>\n<li><strong>Description : <\/strong> D\u00e9coration de g\u00e2teaux P\u00e2tisserie<\/li>\n<li><strong>Forme : <\/strong> Forme ronde<\/li>\n<\/ul>","protected":false},"excerpt":{"rendered":"<p>Type : Outils \u00e0 g\u00e2teaux, Nombre de pi\u00e8ces les plus vendues : 1 Type d&#039;outils \u00e0 g\u00e2teaux : Supports Mat\u00e9riau : Acier inoxydable Caract\u00e9ristique<\/p>","protected":false},"featured_media":179494,"comment_status":"open","ping_status":"closed","template":"","meta":[],"product_brand":[],"product_cat":[30965],"product_tag":[],"class_list":{"0":"post-179495","1":"product","2":"type-product","3":"status-publish","4":"has-post-thumbnail","6":"product_cat-tablewares","8":"first","9":"instock","10":"taxable","11":"shipping-taxable","12":"purchasable","13":"product-type-variable"},"_links":{"self":[{"href":"https:\/\/nexgendecors.com\/fr\/wp-json\/wp\/v2\/product\/179495","targetHints":{"allow":["GET"]}}],"collection":[{"href":"https:\/\/nexgendecors.com\/fr\/wp-json\/wp\/v2\/product"}],"about":[{"href":"https:\/\/nexgendecors.com\/fr\/wp-json\/wp\/v2\/types\/product"}],"replies":[{"embeddable":true,"href":"https:\/\/nexgendecors.com\/fr\/wp-json\/wp\/v2\/comments?post=179495"}],"version-history":[{"count":0,"href":"https:\/\/nexgendecors.com\/fr\/wp-json\/wp\/v2\/product\/179495\/revisions"}],"wp:featuredmedia":[{"embeddable":true,"href":"https:\/\/nexgendecors.com\/fr\/wp-json\/wp\/v2\/media\/179494"}],"wp:attachment":[{"href":"https:\/\/nexgendecors.com\/fr\/wp-json\/wp\/v2\/media?parent=179495"}],"wp:term":[{"taxonomy":"product_brand","embeddable":true,"href":"https:\/\/nexgendecors.com\/fr\/wp-json\/wp\/v2\/product_brand?post=179495"},{"taxonomy":"product_cat","embeddable":true,"href":"https:\/\/nexgendecors.com\/fr\/wp-json\/wp\/v2\/product_cat?post=179495"},{"taxonomy":"product_tag","embeddable":true,"href":"https:\/\/nexgendecors.com\/fr\/wp-json\/wp\/v2\/product_tag?post=179495"}],"curies":[{"name":"wp","href":"https:\/\/api.w.org\/{rel}","templated":true}]}}