{"id":17955,"date":"2025-01-13T14:23:21","date_gmt":"2025-01-13T14:23:21","guid":{"rendered":"https:\/\/nexgendecors.com\/product\/langzi-suspended-bathtub-home-hotel-homestay-net-red-acrylic-suspended-hammock-bathtub-double-large-bath\/"},"modified":"2025-04-06T07:41:02","modified_gmt":"2025-04-06T07:41:02","slug":"langzi-suspended-bathtub-home-hotel-homestay-net-red-acrylic-suspended-hammock-bathtub-double-large-bath","status":"publish","type":"product","link":"https:\/\/nexgendecors.com\/fr\/product\/langzi-suspended-bathtub-home-hotel-homestay-net-red-acrylic-suspended-hammock-bathtub-double-large-bath\/","title":{"rendered":"Baignoire hamac suspendue double en acrylique Langzi"},"content":{"rendered":"<ul>\n<li>\n<strong>marque<\/strong>:Langzi<\/li>\n<li>\n<strong>mod\u00e8le<\/strong>:Starry sky<\/li>\n<li>\n<strong>forme<\/strong>:D\u00e9tach\u00e9<\/li>\n<li>\n<strong>Origine<\/strong>:Chine continentale<\/li>\n<li>\n<strong>province<\/strong>:Province du Guangdong<\/li>\n<li>\n<strong>Est-ce qu&#039;il contient un robinet ?<\/strong>:Non inclus<\/li>\n<li>\n<strong>Mat\u00e9riel<\/strong>:Acrylique<\/li>\n<li>\n<strong>Y a-t-il des mains courantes ?<\/strong>:Non<\/li>\n<li>\n<strong>Service en ville<\/strong>:Livraison porte-\u00e0-porte logistique intra-urbaine<\/li>\n<li>\n<strong>trier par couleur<\/strong>:[The bathtub&#8217;s actual load-bearing capacity is 800 kg] 1.8m anti-fouling glossy white [without bracket] 1.8m anti-fouling matte white [without bracket] 1.8m anti-fouling matte black [without bracket] 2.1m anti-fouling glossy white [without bracket] 2.1m anti-fouling matte white [without bracket] 2.1m anti-fouling matte black [without bracket] Pre-sale: 1.6m glossy white [without bracket] [Shipping in 60 days] Pre-sale: 1.6m matte white [without bracket] [Shipping in 60 days] Pre-sale: 1.6m matte black [without bracket] [Shipping in 60 days] [Actual load-bearing capacity is 800 kg] If you need to purchase pre-buried brackets, please contact customer service<\/li>\n<li>\n<strong><\/strong>:<\/li>\n<\/ul>\n<p><img><\/p>","protected":false},"excerpt":{"rendered":"<p>Marque : Langzi Mod\u00e8le : Ciel \u00e9toil\u00e9 Forme : D\u00e9tach\u00e9 Origine : Chine continentale Province : Province du Guangdong Contient-il un robinet ? : Non inclus Mat\u00e9riau : Acrylique Y a-t-il des mains courantes ? : Non Service en ville : Intra-urbain<\/p>","protected":false},"featured_media":19066,"comment_status":"open","ping_status":"closed","template":"","meta":[],"product_brand":[],"product_cat":[30971,869],"product_tag":[],"class_list":{"0":"post-17955","1":"product","2":"type-product","3":"status-publish","4":"has-post-thumbnail","6":"product_cat-hp","7":"product_cat-wholesale-bathtub","9":"first","10":"instock","11":"taxable","12":"shipping-taxable","13":"purchasable","14":"product-type-variable"},"_links":{"self":[{"href":"https:\/\/nexgendecors.com\/fr\/wp-json\/wp\/v2\/product\/17955","targetHints":{"allow":["GET"]}}],"collection":[{"href":"https:\/\/nexgendecors.com\/fr\/wp-json\/wp\/v2\/product"}],"about":[{"href":"https:\/\/nexgendecors.com\/fr\/wp-json\/wp\/v2\/types\/product"}],"replies":[{"embeddable":true,"href":"https:\/\/nexgendecors.com\/fr\/wp-json\/wp\/v2\/comments?post=17955"}],"version-history":[{"count":0,"href":"https:\/\/nexgendecors.com\/fr\/wp-json\/wp\/v2\/product\/17955\/revisions"}],"wp:featuredmedia":[{"embeddable":true,"href":"https:\/\/nexgendecors.com\/fr\/wp-json\/wp\/v2\/media\/19066"}],"wp:attachment":[{"href":"https:\/\/nexgendecors.com\/fr\/wp-json\/wp\/v2\/media?parent=17955"}],"wp:term":[{"taxonomy":"product_brand","embeddable":true,"href":"https:\/\/nexgendecors.com\/fr\/wp-json\/wp\/v2\/product_brand?post=17955"},{"taxonomy":"product_cat","embeddable":true,"href":"https:\/\/nexgendecors.com\/fr\/wp-json\/wp\/v2\/product_cat?post=17955"},{"taxonomy":"product_tag","embeddable":true,"href":"https:\/\/nexgendecors.com\/fr\/wp-json\/wp\/v2\/product_tag?post=17955"}],"curies":[{"name":"wp","href":"https:\/\/api.w.org\/{rel}","templated":true}]}}