{"id":179640,"date":"2025-02-27T03:38:45","date_gmt":"2025-02-27T03:38:45","guid":{"rendered":"https:\/\/nexgendecors.com\/en\/product\/luxury-egg-shape-gold-chafing-dish-buffet-set-high-quality-stainless-steel-food-warmer-with-glass-chaffing-dishes-cheffing-dish\/"},"modified":"2025-04-06T11:10:25","modified_gmt":"2025-04-06T11:10:25","slug":"ensemble-de-buffet-de-plats-a-rechaud-de-luxe-en-forme-doeuf-en-or-chauffe-plats-en-acier-inoxydable-de-haute-qualite-avec-plats-a-rechaud-en-verre-plat-de-chef","status":"publish","type":"product","link":"https:\/\/nexgendecors.com\/fr\/product\/ensemble-de-buffet-de-plats-a-rechaud-de-luxe-en-forme-doeuf-en-or-chauffe-plats-en-acier-inoxydable-de-haute-qualite-avec-plats-a-rechaud-en-verre-plat-de-chef\/","title":{"rendered":"Luxury Egg Shape Gold Chafing Dish Buffet Set High Quality Stainless Steel Food Warmer with Glass Chaffing Dishes Cheffing Dish"},"content":{"rendered":"<ul>\n<li><strong>lieu d&#039;origine : <\/strong> Guangdong, Chine<\/li>\n<li><strong>Source d&#039;alimentation : <\/strong> CARBURANT<\/li>\n<li><strong>Mat\u00e9riel : <\/strong> Acier inoxydable, verre, c\u00e9ramique, acier inoxydable 201<\/li>\n<li><strong>M\u00e9thode de chauffage : <\/strong> CARBURANT<\/li>\n<li><strong>Capacit\u00e9 : <\/strong> 2L, 2,5L, 3,5L, 2\/2,5\/3,5Litres<\/li>\n<li><strong>Nom du produit : <\/strong> Chauffe-plats \u00e9lectrique<\/li>\n<li><strong>Taille : <\/strong> 38,5*43cm\/44,3*43cm\/46*43cm<\/li>\n<li><strong>Couleur : <\/strong> Or<\/li>\n<li><strong>Utilisation : <\/strong> Combustion d&#039;alcool et plaque d&#039;\u00e9bullition \u00e9lectrique<\/li>\n<li><strong>Style : <\/strong> Luxe royal et moderne<\/li>\n<li><strong>Forme : <\/strong> Forme ronde<\/li>\n<li><strong>Quantit\u00e9 minimale de commande : <\/strong> 1 pi\u00e8ce<\/li>\n<li><strong>Logo : <\/strong> Accepter le logo personnalis\u00e9<\/li>\n<\/ul>","protected":false},"excerpt":{"rendered":"<p>Lieu d'origine : Guangdong, Chine Source d'\u00e9nergie : FUEL Mat\u00e9riau : acier inoxydable, verre, c\u00e9ramique, acier inoxydable 201 Chauffage<\/p>","protected":false},"featured_media":179639,"comment_status":"open","ping_status":"closed","template":"","meta":[],"product_brand":[],"product_cat":[30965],"product_tag":[],"class_list":{"0":"post-179640","1":"product","2":"type-product","3":"status-publish","4":"has-post-thumbnail","6":"product_cat-tablewares","8":"first","9":"instock","10":"taxable","11":"shipping-taxable","12":"purchasable","13":"product-type-variable"},"_links":{"self":[{"href":"https:\/\/nexgendecors.com\/fr\/wp-json\/wp\/v2\/product\/179640","targetHints":{"allow":["GET"]}}],"collection":[{"href":"https:\/\/nexgendecors.com\/fr\/wp-json\/wp\/v2\/product"}],"about":[{"href":"https:\/\/nexgendecors.com\/fr\/wp-json\/wp\/v2\/types\/product"}],"replies":[{"embeddable":true,"href":"https:\/\/nexgendecors.com\/fr\/wp-json\/wp\/v2\/comments?post=179640"}],"version-history":[{"count":0,"href":"https:\/\/nexgendecors.com\/fr\/wp-json\/wp\/v2\/product\/179640\/revisions"}],"wp:featuredmedia":[{"embeddable":true,"href":"https:\/\/nexgendecors.com\/fr\/wp-json\/wp\/v2\/media\/179639"}],"wp:attachment":[{"href":"https:\/\/nexgendecors.com\/fr\/wp-json\/wp\/v2\/media?parent=179640"}],"wp:term":[{"taxonomy":"product_brand","embeddable":true,"href":"https:\/\/nexgendecors.com\/fr\/wp-json\/wp\/v2\/product_brand?post=179640"},{"taxonomy":"product_cat","embeddable":true,"href":"https:\/\/nexgendecors.com\/fr\/wp-json\/wp\/v2\/product_cat?post=179640"},{"taxonomy":"product_tag","embeddable":true,"href":"https:\/\/nexgendecors.com\/fr\/wp-json\/wp\/v2\/product_tag?post=179640"}],"curies":[{"name":"wp","href":"https:\/\/api.w.org\/{rel}","templated":true}]}}