{"id":179650,"date":"2025-02-27T03:39:00","date_gmt":"2025-02-27T03:39:00","guid":{"rendered":"https:\/\/nexgendecors.com\/en\/product\/wholesale-8l-newest-design-chafing-dish-with-hanging-lid-gold-catering-buffet-food-warmer-set-for-hotel-wedding-party-restaurant\/"},"modified":"2025-04-06T11:10:33","modified_gmt":"2025-04-06T11:10:33","slug":"wholesale-8l-newest-design-chafing-dish-with-hanging-lid-gold-catering-buffet-food-warmer-set-for-hotel-wedding-party-restaurant","status":"publish","type":"product","link":"https:\/\/nexgendecors.com\/fr\/product\/wholesale-8l-newest-design-chafing-dish-with-hanging-lid-gold-catering-buffet-food-warmer-set-for-hotel-wedding-party-restaurant\/","title":{"rendered":"Wholesale 8L Newest Design Chafing Dish With Hanging Lid Gold Catering Buffet Food Warmer Set for Hotel Wedding Party Restaurant"},"content":{"rendered":"<ul>\n<li><strong>lieu d&#039;origine : <\/strong> Guangdong, Chine<\/li>\n<li><strong>nom de marque : <\/strong> YUANTAI<\/li>\n<li><strong>num\u00e9ro de mod\u00e8le : <\/strong> YT20291<\/li>\n<li><strong>Source d&#039;alimentation : <\/strong> \u00c9lectrique<\/li>\n<li><strong>Mat\u00e9riel : <\/strong> Acier inoxydable, acier inoxydable<\/li>\n<li><strong>Tension : <\/strong> 220-240V<\/li>\n<li><strong>Pouvoir : <\/strong> 1500W<\/li>\n<li><strong>M\u00e9thode de chauffage : <\/strong> CARBURANT<\/li>\n<li><strong>Capacit\u00e9 : <\/strong> 8l, 8 Litres<\/li>\n<li><strong>Nom du produit : <\/strong> Plat \u00e0 r\u00e9chaud<\/li>\n<li><strong>Couleur : <\/strong> Or<\/li>\n<li><strong>Taper : <\/strong> Service de buffet<\/li>\n<li><strong>Quantit\u00e9 minimale de commande : <\/strong> 4 Sets<\/li>\n<li><strong>Style : <\/strong> Design moderne<\/li>\n<li><strong>Emballage : <\/strong> Carton<\/li>\n<li><strong>OEM\/ODM : <\/strong> Accepptable<\/li>\n<li><strong>Marque : <\/strong> YUANTAI<\/li>\n<\/ul>","protected":false},"excerpt":{"rendered":"<p>Lieu d'origine : Guangdong, Chine Marque : YUANTAI Num\u00e9ro de mod\u00e8le : YT20291 Source d'\u00e9nergie : \u00e9lectrique Mat\u00e9riau :<\/p>","protected":false},"featured_media":179649,"comment_status":"open","ping_status":"closed","template":"","meta":[],"product_brand":[],"product_cat":[30965],"product_tag":[],"class_list":{"0":"post-179650","1":"product","2":"type-product","3":"status-publish","4":"has-post-thumbnail","6":"product_cat-tablewares","8":"first","9":"instock","10":"taxable","11":"shipping-taxable","12":"purchasable","13":"product-type-variable"},"_links":{"self":[{"href":"https:\/\/nexgendecors.com\/fr\/wp-json\/wp\/v2\/product\/179650","targetHints":{"allow":["GET"]}}],"collection":[{"href":"https:\/\/nexgendecors.com\/fr\/wp-json\/wp\/v2\/product"}],"about":[{"href":"https:\/\/nexgendecors.com\/fr\/wp-json\/wp\/v2\/types\/product"}],"replies":[{"embeddable":true,"href":"https:\/\/nexgendecors.com\/fr\/wp-json\/wp\/v2\/comments?post=179650"}],"version-history":[{"count":0,"href":"https:\/\/nexgendecors.com\/fr\/wp-json\/wp\/v2\/product\/179650\/revisions"}],"wp:featuredmedia":[{"embeddable":true,"href":"https:\/\/nexgendecors.com\/fr\/wp-json\/wp\/v2\/media\/179649"}],"wp:attachment":[{"href":"https:\/\/nexgendecors.com\/fr\/wp-json\/wp\/v2\/media?parent=179650"}],"wp:term":[{"taxonomy":"product_brand","embeddable":true,"href":"https:\/\/nexgendecors.com\/fr\/wp-json\/wp\/v2\/product_brand?post=179650"},{"taxonomy":"product_cat","embeddable":true,"href":"https:\/\/nexgendecors.com\/fr\/wp-json\/wp\/v2\/product_cat?post=179650"},{"taxonomy":"product_tag","embeddable":true,"href":"https:\/\/nexgendecors.com\/fr\/wp-json\/wp\/v2\/product_tag?post=179650"}],"curies":[{"name":"wp","href":"https:\/\/api.w.org\/{rel}","templated":true}]}}